{"id":42255,"date":"2016-11-21T22:12:38","date_gmt":"2016-11-21T21:12:38","guid":{"rendered":"https:\/\/www.lacharviere.nl\/piscine-et-saunas\/"},"modified":"2026-05-07T14:14:31","modified_gmt":"2026-05-07T12:14:31","slug":"piscine-et-saunas","status":"publish","type":"page","link":"https:\/\/www.lacharviere.nl\/fr\/piscine-et-saunas\/","title":{"rendered":"Piscine et saunas"},"content":{"rendered":"<div class=\"wpb-content-wrapper\">[vc_row full_width=\u00a0\u00bbstretch_row\u00a0\u00bb full_height=\u00a0\u00bbyes\u00a0\u00bb el_class=\u00a0\u00bbbg-fixed\u00a0\u00bb min_height=\u00a0\u00bb350px\u00a0\u00bb css=\u00a0\u00bb.vc_custom_1490283583353{background-image: url(http:\/\/www.lacharviere.nl\/wp-content\/uploads\/2016\/12\/P7135457.jpg?id=460) !important;}\u00a0\u00bb][vc_column][vc_column_text]<div id=\"ep-arrow\"><a href=\"#content\"><div id=\"temp-id\"  style=\"font-size:45px; color: #FFFFFF; animation-duration:2s; margin-left: -22.5px; \" data-duration_time=\"10000\" data-scrolling=\"true\" data-disable_duration=\"true\" data-disable_bouncing=\"false\" class=\"echo-content-down-arrow epda-icon-arrow-regular temp-class bounce-effect-1 \"><\/div><\/a><\/div>[\/vc_column_text][\/vc_column][\/vc_row][vc_row full_width=\u00a0\u00bbstretch_row\u00a0\u00bb css=\u00a0\u00bb.vc_custom_1479466991414{padding-top: 40px !important;background-color: #ffffff !important;}\u00a0\u00bb][vc_column width=\u00a0\u00bb1\/6&Prime; css=\u00a0\u00bb.vc_custom_1479466904593{padding-top: 40px !important;}\u00a0\u00bb][\/vc_column][vc_column width=\u00a0\u00bb2\/3&Prime;]<style>.vcex-heading.vcex_69fca9d29adf6{font-family:Lato, sans-serif;}<\/style><h1 class=\"vcex-heading vcex-heading-plain vcex-module wpex-heading wpex-text-2xl vc_custom_1772357193284 vcex_69fca9d29adf6\"><span class=\"vcex-heading-inner wpex-inline-block\">Piscine et saunas<\/span><\/h1>[vc_column_text css=\u00a0\u00bb\u00a0\u00bb]Sur notre domaine, tout est pr\u00e9vu pour t\u2019offrir un merveilleux moment de d\u00e9tente. Notre piscine au sel de magn\u00e9sium et le sauna procurent au corps fatigu\u00e9 une relaxation ultime (et naturelle). Au lieu d\u2019une piscine chlor\u00e9e, nous avons d\u00e9lib\u00e9r\u00e9ment choisi un bain au magn\u00e9sium et au sel. Particuli\u00e8rement b\u00e9n\u00e9fique, il est garanti propre et s\u00fbr. Fini les irritations des yeux, de la peau et des cheveux caus\u00e9es par le chlore et ses vapeurs (d\u00e9sormais li\u00e9es aux probl\u00e8mes respiratoires, surtout chez les enfants) ; profite d\u2019un bain bienfaisant (pour petits et grands) dont tu ressortiras revigor\u00e9 et avec une peau douce comme de la soie.    <\/p>\n<p>La piscine est enti\u00e8rement cl\u00f4tur\u00e9e et le portillon poss\u00e8de une serrure magn\u00e9tique. Le m\u00e9canisme d\u2019ouverture est plac\u00e9 en hauteur pour que les jeunes enfants ne puissent pas y acc\u00e9der seuls. Le bassin commence par 4 larges marches, avec une profondeur initiale de 1,10 m allant jusqu\u2019\u00e0 1,40 m maximum. La piscine est chauff\u00e9e par le soleil et est ouverte du 1er juin \u00e0 la fin ao\u00fbt. Selon le taux d\u2019occupation, la p\u00e9riode d\u2019ouverture pourra \u00eatre prolong\u00e9e durant le mois de septembre. Une pelouse est \u00e0 ta disposition au bord de l\u2019eau pour t\u2019allonger un moment.     <\/p>\n<p>Notre sauna tonneau au feu de bois est une v\u00e9ritable exp\u00e9rience ! Situ\u00e9 \u00e0 l\u2019\u00e9cart, juste \u00e0 c\u00f4t\u00e9 de la prairie pour une d\u00e9tente ultime. Se doucher sous notre douche de jardin en cuivre, \u00e0 l\u2019ombre du pommier\u2026 peut-on faire plus relaxant ? Diverses senteurs d\u2019huiles essentielles compl\u00e8tent l\u2019exp\u00e9rience. Tu peux r\u00e9server notre sauna en priv\u00e9 (sur demande).    <\/p>\n<p><a href=\"https:\/\/www.lacharviere.nl\/fr\/disponibilites-2026\/\">Disponibilit\u00e9s 2026<\/a><\/p>\n<p style=\"text-align: left;\"><a href=\"http:\/\/www.lacharviere.nl\/fr\/\">Camping \u00e0 la ferme \u00e0 petite \u00e9chelle &#8211; Propri\u00e9taires belges<\/a><\/p>\n<p><a href=\"https:\/\/www.lacharviere.nl\/fr\/camping-hebergements\/\">Camping &amp; H\u00e9bergements<\/a>[\/vc_column_text][\/vc_column][vc_column width=\u00a0\u00bb1\/6&Prime;][\/vc_column][\/vc_row][vc_row full_width=\u00a0\u00bbstretch_row\u00a0\u00bb css=\u00a0\u00bb.vc_custom_1479467351494{background-color: #ffffff !important;}\u00a0\u00bb][vc_column][\/vc_column][\/vc_row][vc_row full_width=\u00a0\u00bbstretch_row\u00a0\u00bb wpex_bg_overlay=\u00a0\u00bbdark\u00a0\u00bb min_height=\u00a0\u00bb500px\u00a0\u00bb el_class=\u00a0\u00bbbg-fixed\u00a0\u00bb wpex_bg_overlay_color=\u00a0\u00bb#000000&Prime; wpex_bg_overlay_opacity=\u00a0\u00bb0.4&Prime; css=\u00a0\u00bb.vc_custom_1490283589939{background-image: url(http:\/\/www.lacharviere.nl\/wp-content\/uploads\/2016\/12\/P7265501.jpg?id=470) !important;}\u00a0\u00bb][vc_column][vc_row_inner][vc_column_inner css=\u00a0\u00bb.vc_custom_1479457400906{padding-top: 120px !important;}\u00a0\u00bb]<style>.vcex-heading.vcex_69fca9d29e2df{color:#ffffff;font-size:55px;font-family:Lato, sans-serif;font-weight:700;}@media (max-width:479px){.vcex-heading.vcex_69fca9d29e2df{font-size:35px;}}<\/style><div class=\"vcex-heading vcex-heading-plain vcex-module wpex-heading wpex-text-2xl wpex-text-center titel vcex_69fca9d29e2df\"><span class=\"vcex-heading-inner wpex-inline-block\">r\u00e9servation et disponibilit\u00e9<\/span><\/div>[vc_column_text el_class=\u00a0\u00bbsubtitel\u00a0\u00bb]\n<p style=\"text-align: center;\">Nous serions ravis de t\u2019accueillir sur notre domaine<\/p>\n[\/vc_column_text]<style>.vcex-button.vcex_69fca9d29f0da{border-radius:0px;background:#4e9519;color:#ffffff!important;font-size:18px;font-weight:400;text-transform:uppercase;}.vcex-button.vcex_69fca9d29f0da:hover{background:#4e9519!important;color:#ffffff!important;}<\/style><div class=\"vc_custom_1480603764310 wpex-clr\"><div class=\"theme-button-wrap textcenter wpex-clr\"><a href=\"http:\/\/www.lacharviere.nl\/beschikbaarheid\/\" class=\"vcex-button theme-button align-center inline vcex_69fca9d29f0da\" title=\"Meer informatie\"><span class=\"vcex-button-inner theme-button-inner wpex-flex wpex-flex-wrap wpex-items-center wpex-justify-center\">Clique ici pour plus d\u2019informations<\/span><\/a><\/div><\/div> [\/vc_column_inner][\/vc_row_inner][\/vc_column][\/vc_row]\n<\/div>","protected":false},"excerpt":{"rendered":"<p>[vc_row full_width=\u00a0\u00bbstretch_row\u00a0\u00bb full_height=\u00a0\u00bbyes\u00a0\u00bb el_class=\u00a0\u00bbbg-fixed\u00a0\u00bb min_height=\u00a0\u00bb350px\u00a0\u00bb css=\u00a0\u00bb.vc_custom_1490283583353{background-image: url(http:\/\/www.lacharviere.nl\/wp-content\/uploads\/2016\/12\/P7135457.jpg?id=460) !important;}\u00a0\u00bb][vc_column][vc_column_text][\/vc_column_text][\/vc_column][\/vc_row][vc_row full_width=\u00a0\u00bbstretch_row\u00a0\u00bb css=\u00a0\u00bb.vc_custom_1479466991414{padding-top: 40px !important;background-color: #ffffff !important;}\u00a0\u00bb][vc_column width=\u00a0\u00bb1\/6&Prime; css=\u00a0\u00bb.vc_custom_1479466904593{padding-top: 40px !important;}\u00a0\u00bb][\/vc_column][vc_column width=\u00a0\u00bb2\/3&Prime;][vc_column_text css=\u00a0\u00bb\u00a0\u00bb]Sur notre domaine, tout est pr\u00e9vu pour t\u2019offrir un merveilleux moment de d\u00e9tente. Notre piscine au sel de magn\u00e9sium et le sauna procurent au corps fatigu\u00e9 une relaxation ultime (et naturelle). Au lieu d\u2019une piscine chlor\u00e9e,&hellip;<\/p>\n","protected":false},"author":1,"featured_media":0,"parent":0,"menu_order":0,"comment_status":"closed","ping_status":"closed","template":"","meta":{"footnotes":""},"class_list":["post-42255","page","type-page","status-publish","hentry","entry","no-media"],"_links":{"self":[{"href":"https:\/\/www.lacharviere.nl\/fr\/wp-json\/wp\/v2\/pages\/42255","targetHints":{"allow":["GET"]}}],"collection":[{"href":"https:\/\/www.lacharviere.nl\/fr\/wp-json\/wp\/v2\/pages"}],"about":[{"href":"https:\/\/www.lacharviere.nl\/fr\/wp-json\/wp\/v2\/types\/page"}],"author":[{"embeddable":true,"href":"https:\/\/www.lacharviere.nl\/fr\/wp-json\/wp\/v2\/users\/1"}],"replies":[{"embeddable":true,"href":"https:\/\/www.lacharviere.nl\/fr\/wp-json\/wp\/v2\/comments?post=42255"}],"version-history":[{"count":2,"href":"https:\/\/www.lacharviere.nl\/fr\/wp-json\/wp\/v2\/pages\/42255\/revisions"}],"predecessor-version":[{"id":42257,"href":"https:\/\/www.lacharviere.nl\/fr\/wp-json\/wp\/v2\/pages\/42255\/revisions\/42257"}],"wp:attachment":[{"href":"https:\/\/www.lacharviere.nl\/fr\/wp-json\/wp\/v2\/media?parent=42255"}],"curies":[{"name":"wp","href":"https:\/\/api.w.org\/{rel}","templated":true}]}}