{"id":42252,"date":"2016-11-28T09:41:01","date_gmt":"2016-11-28T08:41:01","guid":{"rendered":"https:\/\/www.lacharviere.nl\/randonnee-et-velo\/"},"modified":"2026-05-07T14:12:42","modified_gmt":"2026-05-07T12:12:42","slug":"randonnee-et-velo","status":"publish","type":"page","link":"https:\/\/www.lacharviere.nl\/fr\/randonnee-et-velo\/","title":{"rendered":"Randonn\u00e9e et v\u00e9lo"},"content":{"rendered":"<div class=\"wpb-content-wrapper\">[vc_row full_width=\u00a0\u00bbstretch_row\u00a0\u00bb full_height=\u00a0\u00bbyes\u00a0\u00bb el_class=\u00a0\u00bbbg-fixed\u00a0\u00bb min_height=\u00a0\u00bb350px\u00a0\u00bb css=\u00a0\u00bb.vc_custom_1490282686317{background-image: url(http:\/\/www.lacharviere.nl\/wp-content\/uploads\/2016\/12\/PA300116.jpg?id=526) !important;}\u00a0\u00bb][vc_column][vc_column_text]<div id=\"ep-arrow\"><a href=\"#content\"><div id=\"temp-id\"  style=\"font-size:45px; color: #FFFFFF; animation-duration:2s; margin-left: -22.5px; \" data-duration_time=\"10000\" data-scrolling=\"true\" data-disable_duration=\"true\" data-disable_bouncing=\"false\" class=\"echo-content-down-arrow epda-icon-arrow-regular temp-class bounce-effect-1 \"><\/div><\/a><\/div>[\/vc_column_text][\/vc_column][\/vc_row][vc_row full_width=\u00a0\u00bbstretch_row\u00a0\u00bb css=\u00a0\u00bb.vc_custom_1479466991414{padding-top: 40px !important;background-color: #ffffff !important;}\u00a0\u00bb][vc_column width=\u00a0\u00bb1\/6&Prime; css=\u00a0\u00bb.vc_custom_1479466904593{padding-top: 40px !important;}\u00a0\u00bb][\/vc_column][vc_column width=\u00a0\u00bb2\/3&Prime;]<style>.vcex-heading.vcex_69fca9fde5647{font-family:Lato, sans-serif;}<\/style><h1 class=\"vcex-heading vcex-heading-plain vcex-module wpex-heading wpex-text-2xl vc_custom_1480322389002 vcex_69fca9fde5647\"><span class=\"vcex-heading-inner wpex-inline-block\">Randonn\u00e9e et v\u00e9lo<\/span><\/h1>[vc_column_text]Si tu aimes la course \u00e0 pied, la marche ou le v\u00e9lo, tu es \u00e0 la bonne adresse. Ici, tu peux te promener, courir, faire du VTT et du v\u00e9lo \u00e0 l\u2019infini. Au d\u00e9part de La Charvi\u00e8re, les possibilit\u00e9s sont d\u00e9j\u00e0 nombreuses, allant de quelques kilom\u00e8tres \u00e0 de longues randonn\u00e9es de plusieurs heures. Toute une gamme d\u2019itin\u00e9raires et de guides est \u00e0 ta disposition et nous te conseillerons avec plaisir.    <\/p>\n<p>\u00c0 travers les for\u00eats, le long des rivi\u00e8res et des ch\u00e2teaux, souvent sans croiser personne. Ou que dirais-tu d\u2019une balade urbaine dans l\u2019une des magnifiques villes ou l\u2019un des villages m\u00e9di\u00e9vaux ? D\u00e9couvre la France authentique et verdoyante du Bourbonnais. Un vrai r\u00e9gal pour tous tes sens ![\/vc_column_text][\/vc_column][vc_column width=\u00a0\u00bb1\/6&Prime;][\/vc_column][\/vc_row][vc_row full_width=\u00a0\u00bbstretch_row\u00a0\u00bb css=\u00a0\u00bb.vc_custom_1479467351494{background-color: #ffffff !important;}\u00a0\u00bb][vc_column][\/vc_column][\/vc_row][vc_row full_width=\u00a0\u00bbstretch_row\u00a0\u00bb wpex_bg_overlay=\u00a0\u00bbdark\u00a0\u00bb min_height=\u00a0\u00bb500px\u00a0\u00bb el_class=\u00a0\u00bbbg-fixed\u00a0\u00bb wpex_bg_overlay_color=\u00a0\u00bb#000000&Prime; wpex_bg_overlay_opacity=\u00a0\u00bb0.4&Prime; css=\u00a0\u00bb.vc_custom_1490282901224{background-image: url(http:\/\/www.lacharviere.nl\/wp-content\/uploads\/2016\/12\/P7265501.jpg?id=470) !important;}\u00a0\u00bb][vc_column][vc_row_inner][vc_column_inner css=\u00a0\u00bb.vc_custom_1479457400906{padding-top: 120px !important;}\u00a0\u00bb]<style>.vcex-heading.vcex_69fca9fde93f6{color:#ffffff;font-size:55px;font-family:Lato, sans-serif;font-weight:700;}@media (max-width:479px){.vcex-heading.vcex_69fca9fde93f6{font-size:35px;}}<\/style><div class=\"vcex-heading vcex-heading-plain vcex-module wpex-heading wpex-text-2xl wpex-text-center titel vcex_69fca9fde93f6\"><span class=\"vcex-heading-inner wpex-inline-block\">r\u00e9servation et disponibilit\u00e9<\/span><\/div>[vc_column_text el_class=\u00a0\u00bbsubtitel\u00a0\u00bb]\n<p style=\"text-align: center;\">Nous serions ravis de t\u2019accueillir sur notre domaine<\/p>\n[\/vc_column_text]<style>.vcex-button.vcex_69fca9fdea1a6{border-radius:0px;background:#4e9519;color:#ffffff!important;font-size:18px;font-weight:400;text-transform:uppercase;}.vcex-button.vcex_69fca9fdea1a6:hover{background:#4e9519!important;color:#ffffff!important;}<\/style><div class=\"vc_custom_1480601347638 wpex-clr\"><div class=\"theme-button-wrap textcenter wpex-clr\"><a href=\"http:\/\/www.lacharviere.nl\/beschikbaarheid\/\" class=\"vcex-button theme-button align-center inline vcex_69fca9fdea1a6\" title=\"Meer informatie\"><span class=\"vcex-button-inner theme-button-inner wpex-flex wpex-flex-wrap wpex-items-center wpex-justify-center\">Clique ici pour plus d\u2019informations<\/span><\/a><\/div><\/div> [\/vc_column_inner][\/vc_row_inner][\/vc_column][\/vc_row]\n<\/div>","protected":false},"excerpt":{"rendered":"<p>[vc_row full_width=\u00a0\u00bbstretch_row\u00a0\u00bb full_height=\u00a0\u00bbyes\u00a0\u00bb el_class=\u00a0\u00bbbg-fixed\u00a0\u00bb min_height=\u00a0\u00bb350px\u00a0\u00bb css=\u00a0\u00bb.vc_custom_1490282686317{background-image: url(http:\/\/www.lacharviere.nl\/wp-content\/uploads\/2016\/12\/PA300116.jpg?id=526) !important;}\u00a0\u00bb][vc_column][vc_column_text][\/vc_column_text][\/vc_column][\/vc_row][vc_row full_width=\u00a0\u00bbstretch_row\u00a0\u00bb css=\u00a0\u00bb.vc_custom_1479466991414{padding-top: 40px !important;background-color: #ffffff !important;}\u00a0\u00bb][vc_column width=\u00a0\u00bb1\/6&Prime; css=\u00a0\u00bb.vc_custom_1479466904593{padding-top: 40px !important;}\u00a0\u00bb][\/vc_column][vc_column width=\u00a0\u00bb2\/3&Prime;][vc_column_text]Si tu aimes la course \u00e0 pied, la marche ou le v\u00e9lo, tu es \u00e0 la bonne adresse. Ici, tu peux te promener, courir, faire du VTT et du v\u00e9lo \u00e0 l\u2019infini. Au d\u00e9part de La Charvi\u00e8re,&hellip;<\/p>\n","protected":false},"author":1,"featured_media":0,"parent":0,"menu_order":0,"comment_status":"closed","ping_status":"closed","template":"","meta":{"footnotes":""},"class_list":["post-42252","page","type-page","status-publish","hentry","entry","no-media"],"_links":{"self":[{"href":"https:\/\/www.lacharviere.nl\/fr\/wp-json\/wp\/v2\/pages\/42252","targetHints":{"allow":["GET"]}}],"collection":[{"href":"https:\/\/www.lacharviere.nl\/fr\/wp-json\/wp\/v2\/pages"}],"about":[{"href":"https:\/\/www.lacharviere.nl\/fr\/wp-json\/wp\/v2\/types\/page"}],"author":[{"embeddable":true,"href":"https:\/\/www.lacharviere.nl\/fr\/wp-json\/wp\/v2\/users\/1"}],"replies":[{"embeddable":true,"href":"https:\/\/www.lacharviere.nl\/fr\/wp-json\/wp\/v2\/comments?post=42252"}],"version-history":[{"count":2,"href":"https:\/\/www.lacharviere.nl\/fr\/wp-json\/wp\/v2\/pages\/42252\/revisions"}],"predecessor-version":[{"id":42254,"href":"https:\/\/www.lacharviere.nl\/fr\/wp-json\/wp\/v2\/pages\/42252\/revisions\/42254"}],"wp:attachment":[{"href":"https:\/\/www.lacharviere.nl\/fr\/wp-json\/wp\/v2\/media?parent=42252"}],"curies":[{"name":"wp","href":"https:\/\/api.w.org\/{rel}","templated":true}]}}