{"id":42248,"date":"2016-11-28T09:46:20","date_gmt":"2016-11-28T08:46:20","guid":{"rendered":"https:\/\/www.lacharviere.nl\/informations-touristiques\/"},"modified":"2026-05-07T14:11:56","modified_gmt":"2026-05-07T12:11:56","slug":"informations-touristiques","status":"publish","type":"page","link":"https:\/\/www.lacharviere.nl\/fr\/informations-touristiques\/","title":{"rendered":"Informations touristiques"},"content":{"rendered":"<div class=\"wpb-content-wrapper\">[vc_row full_width=\u00a0\u00bbstretch_row\u00a0\u00bb full_height=\u00a0\u00bbyes\u00a0\u00bb el_class=\u00a0\u00bbbg-fixed\u00a0\u00bb css=\u00a0\u00bb.vc_custom_1490283521094{background-image: url(http:\/\/www.lacharviere.nl\/wp-content\/uploads\/2016\/12\/P8115613.jpg?id=480) !important;}\u00a0\u00bb][vc_column][vc_column_text]<div id=\"ep-arrow\"><a href=\"#content\"><div id=\"temp-id\"  style=\"font-size:45px; color: #FFFFFF; animation-duration:2s; margin-left: -22.5px; \" data-duration_time=\"10000\" data-scrolling=\"true\" data-disable_duration=\"true\" data-disable_bouncing=\"false\" class=\"echo-content-down-arrow epda-icon-arrow-regular temp-class bounce-effect-1 \"><\/div><\/a><\/div>[\/vc_column_text][\/vc_column][\/vc_row][vc_row full_width=\u00a0\u00bbstretch_row\u00a0\u00bb css=\u00a0\u00bb.vc_custom_1479498958486{padding-top: 40px !important;background-color: #ffffff !important;}\u00a0\u00bb][vc_column width=\u00a0\u00bb1\/2&Prime;]<div class=\"wpex-slider-preloaderimg wpex-relative\"><img data-no-lazy=\"1\" class=\"skip-lazy\" src=\"https:\/\/www.lacharviere.nl\/wp-content\/uploads\/2016\/11\/visite-chateau-murol-610x410.jpg\" alt=\"\" width=\"610\" height=\"410\"><\/div><div class=\"vcex-image-slider vcex-module wpex-slider slider-pro wpex-clr\" data-fade=\"true\"  data-loop=\"true\"><div class=\"wpex-slider-slides sp-slides\"><div class=\"wpex-slider-slide sp-slide\"><div class=\"wpex-slider-media wpex-relative\"><img data-no-lazy=\"1\" class=\"skip-lazy\" src=\"https:\/\/www.lacharviere.nl\/wp-content\/uploads\/2016\/11\/visite-chateau-murol-610x410.jpg\" alt=\"\" width=\"610\" height=\"410\"><\/div><\/div><div class=\"wpex-slider-slide sp-slide\"><div class=\"wpex-slider-media wpex-relative\"><img data-no-lazy=\"1\" class=\"skip-lazy\" src=\"https:\/\/www.lacharviere.nl\/wp-content\/uploads\/2016\/11\/camping-550x370.jpg\" alt=\"\" srcset=\"https:\/\/www.lacharviere.nl\/wp-content\/uploads\/2016\/11\/camping-550x370.jpg 550w, https:\/\/www.lacharviere.nl\/wp-content\/uploads\/2016\/11\/camping-550x370-300x202.jpg 300w\" width=\"550\" height=\"370\"><\/div><\/div><div class=\"wpex-slider-slide sp-slide\"><div class=\"wpex-slider-media wpex-relative\"><img data-no-lazy=\"1\" class=\"skip-lazy\" src=\"https:\/\/www.lacharviere.nl\/wp-content\/uploads\/2016\/11\/ontbijt-550x370-610x410.jpg\" alt=\"\" srcset=\"https:\/\/www.lacharviere.nl\/wp-content\/uploads\/2016\/11\/ontbijt-550x370-610x410.jpg 610w, https:\/\/www.lacharviere.nl\/wp-content\/uploads\/2016\/11\/ontbijt-550x370-300x202.jpg 300w, https:\/\/www.lacharviere.nl\/wp-content\/uploads\/2016\/11\/ontbijt-550x370-768x517.jpg 768w, https:\/\/www.lacharviere.nl\/wp-content\/uploads\/2016\/11\/ontbijt-550x370.jpg 907w\" width=\"610\" height=\"410\"><\/div><\/div><\/div><\/div>[\/vc_column][vc_column width=\u00a0\u00bb1\/2&Prime;]<style>.vcex-heading.vcex_69fca9fcb320a{font-family:Lato, sans-serif;}<\/style><h1 class=\"vcex-heading vcex-heading-plain vcex-module wpex-heading wpex-text-2xl vc_custom_1510061958156 vcex_69fca9fcb320a\"><span class=\"vcex-heading-inner wpex-inline-block\">Sites \u00e0 visiter<\/span><\/h1>[vc_column_text css=\u00a0\u00bb.vc_custom_1570721219604{padding-top: 20px !important;}\u00a0\u00bb]Informations touristiques. Dans la magnifique Auvergne verdoyante, tu trouveras une multitude de sites \u00e0 visiter, d\u2019activit\u00e9s, de possibilit\u00e9s de loisirs et de sorties \u00e0 la journ\u00e9e. De superbes cit\u00e9s m\u00e9di\u00e9vales, des villages endormis, des ch\u00e2teaux, des \u00e9glises romanes, des brocantes, des march\u00e9s de producteurs, des mus\u00e9es, des rivi\u00e8res, des lacs, les volcans du Massif central, divers parcs d\u2019attractions : il y en a tout simplement trop pour tout citer. Une chose est s\u00fbre, l\u2019authenticit\u00e9 et la richesse culturelle, mais aussi l\u2019espace et la beaut\u00e9 de la nature, te surprendront agr\u00e9ablement ! \u00c0 la r\u00e9ception, de nombreuses informations touristiques sont disponibles et des d\u00e9pliants, cartes et guides sont \u00e0 ta disposition. Nous t\u2019aiderons avec plaisir \u00e0 rendre tes vacances inoubliables ![\/vc_column_text][\/vc_column][\/vc_row][vc_row full_width=\u00a0\u00bbstretch_row\u00a0\u00bb css=\u00a0\u00bb.vc_custom_1479498958486{padding-top: 40px !important;background-color: #ffffff !important;}\u00a0\u00bb][vc_column width=\u00a0\u00bb1\/2&Prime;]<style>.vcex-heading.vcex_69fca9fcb6aed{font-family:Lato, sans-serif;}<\/style><h2 class=\"vcex-heading vcex-heading-plain vcex-module wpex-heading wpex-text-2xl vc_custom_1480323158277 vcex_69fca9fcb6aed\"><span class=\"vcex-heading-inner wpex-inline-block\">F\u00eates du vin<\/span><\/h2>[vc_column_text css=\u00a0\u00bb.vc_custom_1480323346539{padding-top: 20px !important;}\u00a0\u00bb]\u00c0 la mi-ao\u00fbt ou fin ao\u00fbt, se d\u00e9roulent les f\u00eates du vin \u00e0 Saint-Pour\u00e7ain-sur-Sioule.<br \/>\nTous les vins de cette r\u00e9gion t\u2019attendent pour \u00eatre d\u00e9gust\u00e9s.[\/vc_column_text][\/vc_column][vc_column width=\u00a0\u00bb1\/2&Prime;]<div class=\"wpex-slider-preloaderimg wpex-relative\"><img data-no-lazy=\"1\" class=\"skip-lazy\" src=\"https:\/\/www.lacharviere.nl\/wp-content\/uploads\/2016\/12\/P8145667-610x410.jpg\" alt=\"\" width=\"610\" height=\"410\"><\/div><div class=\"vcex-image-slider vcex-module wpex-slider slider-pro wpex-clr\" data-fade=\"true\"  data-loop=\"true\"><div class=\"wpex-slider-slides sp-slides\"><div class=\"wpex-slider-slide sp-slide\"><div class=\"wpex-slider-media wpex-relative\"><img data-no-lazy=\"1\" class=\"skip-lazy\" src=\"https:\/\/www.lacharviere.nl\/wp-content\/uploads\/2016\/12\/P8145667-610x410.jpg\" alt=\"\" width=\"610\" height=\"410\"><\/div><\/div><div class=\"wpex-slider-slide sp-slide\"><div class=\"wpex-slider-media wpex-relative\"><img data-no-lazy=\"1\" class=\"skip-lazy\" src=\"https:\/\/www.lacharviere.nl\/wp-content\/uploads\/2016\/12\/P9157631-610x410.jpg\" alt=\"\" width=\"610\" height=\"410\"><\/div><\/div><div class=\"wpex-slider-slide sp-slide\"><div class=\"wpex-slider-media wpex-relative\"><img data-no-lazy=\"1\" class=\"skip-lazy\" src=\"https:\/\/www.lacharviere.nl\/wp-content\/uploads\/2016\/12\/P8115618-610x410.jpg\" alt=\"\" width=\"610\" height=\"410\"><\/div><\/div><div class=\"wpex-slider-slide sp-slide\"><div class=\"wpex-slider-media wpex-relative\"><img data-no-lazy=\"1\" class=\"skip-lazy\" src=\"https:\/\/www.lacharviere.nl\/wp-content\/uploads\/2016\/12\/P8115613-610x410.jpg\" alt=\"\" width=\"610\" height=\"410\"><\/div><\/div><div class=\"wpex-slider-slide sp-slide\"><div class=\"wpex-slider-media wpex-relative\"><img data-no-lazy=\"1\" class=\"skip-lazy\" src=\"https:\/\/www.lacharviere.nl\/wp-content\/uploads\/2016\/12\/P5010088-610x410.jpg\" alt=\"\" width=\"610\" height=\"410\"><\/div><\/div><div class=\"wpex-slider-slide sp-slide\"><div class=\"wpex-slider-media wpex-relative\"><img data-no-lazy=\"1\" class=\"skip-lazy\" src=\"https:\/\/www.lacharviere.nl\/wp-content\/uploads\/2016\/12\/P4270066-610x410.jpg\" alt=\"\" width=\"610\" height=\"410\"><\/div><\/div><\/div><\/div>[\/vc_column][\/vc_row][vc_row full_width=\u00a0\u00bbstretch_row\u00a0\u00bb css=\u00a0\u00bb.vc_custom_1479498958486{padding-top: 40px !important;background-color: #ffffff !important;}\u00a0\u00bb][vc_column width=\u00a0\u00bb1\/2&Prime;]<div class=\"wpex-slider-preloaderimg wpex-relative\"><img data-no-lazy=\"1\" class=\"skip-lazy\" src=\"https:\/\/www.lacharviere.nl\/wp-content\/uploads\/2016\/12\/P7030953-610x410.jpg\" alt=\"\" width=\"610\" height=\"410\"><\/div><div class=\"vcex-image-slider vcex-module wpex-slider slider-pro wpex-clr\" data-fade=\"true\"  data-loop=\"true\"><div class=\"wpex-slider-slides sp-slides\"><div class=\"wpex-slider-slide sp-slide\"><div class=\"wpex-slider-media wpex-relative\"><img data-no-lazy=\"1\" class=\"skip-lazy\" src=\"https:\/\/www.lacharviere.nl\/wp-content\/uploads\/2016\/12\/P7030953-610x410.jpg\" alt=\"\" width=\"610\" height=\"410\"><\/div><\/div><div class=\"wpex-slider-slide sp-slide\"><div class=\"wpex-slider-media wpex-relative\"><img data-no-lazy=\"1\" class=\"skip-lazy\" src=\"https:\/\/www.lacharviere.nl\/wp-content\/uploads\/2016\/12\/P7181035-610x410.jpg\" alt=\"\" width=\"610\" height=\"410\"><\/div><\/div><div class=\"wpex-slider-slide sp-slide\"><div class=\"wpex-slider-media wpex-relative\"><img data-no-lazy=\"1\" class=\"skip-lazy\" src=\"https:\/\/www.lacharviere.nl\/wp-content\/uploads\/2016\/12\/P7177274-610x410.jpg\" alt=\"\" width=\"610\" height=\"410\"><\/div><\/div><div class=\"wpex-slider-slide sp-slide\"><div class=\"wpex-slider-media wpex-relative\"><img data-no-lazy=\"1\" class=\"skip-lazy\" src=\"https:\/\/www.lacharviere.nl\/wp-content\/uploads\/2016\/12\/P7177265-610x410.jpg\" alt=\"\" width=\"610\" height=\"410\"><\/div><\/div><div class=\"wpex-slider-slide sp-slide\"><div class=\"wpex-slider-media wpex-relative\"><img data-no-lazy=\"1\" class=\"skip-lazy\" src=\"https:\/\/www.lacharviere.nl\/wp-content\/uploads\/2016\/12\/P7177264-610x410.jpg\" alt=\"\" width=\"610\" height=\"410\"><\/div><\/div><\/div><\/div>[\/vc_column][vc_column width=\u00a0\u00bb1\/2&Prime;]<style>.vcex-heading.vcex_69fca9fcc3ca4{font-family:Lato, sans-serif;}<\/style><h2 class=\"vcex-heading vcex-heading-plain vcex-module wpex-heading wpex-text-2xl vc_custom_1480323415422 vcex_69fca9fcc3ca4\"><span class=\"vcex-heading-inner wpex-inline-block\">Brocantes<\/span><\/h2>[vc_column_text css=\u00a0\u00bb.vc_custom_1480323459655{padding-top: 20px !important;}\u00a0\u00bb]La France est c\u00e9l\u00e8bre pour ses nombreuses brocantes. Cela va des v\u00e9ritables antiquit\u00e9s au march\u00e9 aux puces. Chaque dimanche et les jours f\u00e9ri\u00e9s, tu trouveras une brocante dans les environs.  <\/p>\n<p>Tu en trouveras un aper\u00e7u sur :<br \/>\n&#8211; <a href=\"http:\/\/www.amicarte.fr\/brocantes.php\" target=\"_blank\" rel=\"noopener noreferrer\">www.amicarte.fr\/brocantes.php<\/a><br \/>\n&#8211; <a href=\"http:\/\/www.info-brocantes.com\/dep-allier.html\" target=\"_blank\" rel=\"noopener noreferrer\">www.info-brocantes.com\/dep-allier.html<\/a><br \/>\n&#8211; <a href=\"http:\/\/www.brocante03.fr.st\/\" target=\"_blank\" rel=\"noopener noreferrer\">www.brocante03.fr.st\/<\/a>[\/vc_column_text][\/vc_column][\/vc_row][vc_row full_width=\u00a0\u00bbstretch_row\u00a0\u00bb css=\u00a0\u00bb.vc_custom_1479498958486{padding-top: 40px !important;background-color: #ffffff !important;}\u00a0\u00bb][vc_column width=\u00a0\u00bb1\/2&Prime;]<style>.vcex-heading.vcex_69fca9fcc47d4{font-family:Lato, sans-serif;}<\/style><h2 class=\"vcex-heading vcex-heading-plain vcex-module wpex-heading wpex-text-2xl vc_custom_1480323482552 vcex_69fca9fcc47d4\"><span class=\"vcex-heading-inner wpex-inline-block\">Festival de musique \u00e0 Gannat<\/span><\/h2>[vc_column_text css=\u00a0\u00bb.vc_custom_1480323564641{padding-top: 20px !important;}\u00a0\u00bb]<em>Et si tous les peuples du monde se donnaient la main\u2026 pour danser ?<\/em>  Dans les ann\u00e9es 70, l\u2019id\u00e9e de ce festival est n\u00e9e chez Jean Roche. Chaque ann\u00e9e, 400 artistes de tous les continents et de tous les peuples s\u2019y retrouvent, 13 000 billets sont vendus pour les spectacles et 55 000 visiteurs se rendent au village du monde qui ouvre ses portes quotidiennement entre 10 h du matin et 3 h du matin. <\/p>\n<p>De la mi-juillet \u00e0 la fin juillet, ce \u00ab Festival Les Cultures du Monde \u00bb aura de nouveau lieu \u00e0 Gannat. Un festival o\u00f9 tous les continents sont repr\u00e9sent\u00e9s par des spectacles de chant, de danse, de musique et de th\u00e9\u00e2tre.<br \/>\n<a href=\"http:\/\/www.gannat.com\/\">www.gannat.com<\/a>[\/vc_column_text][\/vc_column][vc_column width=\u00a0\u00bb1\/2&Prime;]<div class=\"wpex-slider-preloaderimg wpex-relative\"><img data-no-lazy=\"1\" class=\"skip-lazy\" src=\"https:\/\/www.lacharviere.nl\/wp-content\/uploads\/2016\/11\/visite-chateau-murol-610x410.jpg\" alt=\"\" width=\"610\" height=\"410\"><\/div><div class=\"vcex-image-slider vcex-module wpex-slider slider-pro wpex-clr\" data-fade=\"true\"  data-loop=\"true\"><div class=\"wpex-slider-slides sp-slides\"><div class=\"wpex-slider-slide sp-slide\"><div class=\"wpex-slider-media wpex-relative\"><img data-no-lazy=\"1\" class=\"skip-lazy\" src=\"https:\/\/www.lacharviere.nl\/wp-content\/uploads\/2016\/11\/visite-chateau-murol-610x410.jpg\" alt=\"\" width=\"610\" height=\"410\"><\/div><\/div><div class=\"wpex-slider-slide sp-slide\"><div class=\"wpex-slider-media wpex-relative\"><img data-no-lazy=\"1\" class=\"skip-lazy\" src=\"https:\/\/www.lacharviere.nl\/wp-content\/uploads\/2016\/11\/camping-550x370.jpg\" alt=\"\" srcset=\"https:\/\/www.lacharviere.nl\/wp-content\/uploads\/2016\/11\/camping-550x370.jpg 550w, https:\/\/www.lacharviere.nl\/wp-content\/uploads\/2016\/11\/camping-550x370-300x202.jpg 300w\" width=\"550\" height=\"370\"><\/div><\/div><div class=\"wpex-slider-slide sp-slide\"><div class=\"wpex-slider-media wpex-relative\"><img data-no-lazy=\"1\" class=\"skip-lazy\" src=\"https:\/\/www.lacharviere.nl\/wp-content\/uploads\/2016\/11\/ontbijt-550x370-610x410.jpg\" alt=\"\" srcset=\"https:\/\/www.lacharviere.nl\/wp-content\/uploads\/2016\/11\/ontbijt-550x370-610x410.jpg 610w, https:\/\/www.lacharviere.nl\/wp-content\/uploads\/2016\/11\/ontbijt-550x370-300x202.jpg 300w, https:\/\/www.lacharviere.nl\/wp-content\/uploads\/2016\/11\/ontbijt-550x370-768x517.jpg 768w, https:\/\/www.lacharviere.nl\/wp-content\/uploads\/2016\/11\/ontbijt-550x370.jpg 907w\" width=\"610\" height=\"410\"><\/div><\/div><\/div><\/div>[\/vc_column][\/vc_row][vc_row full_width=\u00a0\u00bbstretch_row\u00a0\u00bb css=\u00a0\u00bb.vc_custom_1479498958486{padding-top: 40px !important;background-color: #ffffff !important;}\u00a0\u00bb][vc_column width=\u00a0\u00bb1\/2&Prime;]<div class=\"wpex-slider-preloaderimg wpex-relative\"><img data-no-lazy=\"1\" class=\"skip-lazy\" src=\"https:\/\/www.lacharviere.nl\/wp-content\/uploads\/2016\/11\/visite-chateau-murol-610x410.jpg\" alt=\"\" width=\"610\" height=\"410\"><\/div><div class=\"vcex-image-slider vcex-module wpex-slider slider-pro wpex-clr\" data-fade=\"true\"  data-loop=\"true\"><div class=\"wpex-slider-slides sp-slides\"><div class=\"wpex-slider-slide sp-slide\"><div class=\"wpex-slider-media wpex-relative\"><img data-no-lazy=\"1\" class=\"skip-lazy\" src=\"https:\/\/www.lacharviere.nl\/wp-content\/uploads\/2016\/11\/visite-chateau-murol-610x410.jpg\" alt=\"\" width=\"610\" height=\"410\"><\/div><\/div><div class=\"wpex-slider-slide sp-slide\"><div class=\"wpex-slider-media wpex-relative\"><img data-no-lazy=\"1\" class=\"skip-lazy\" src=\"https:\/\/www.lacharviere.nl\/wp-content\/uploads\/2016\/11\/camping-550x370.jpg\" alt=\"\" srcset=\"https:\/\/www.lacharviere.nl\/wp-content\/uploads\/2016\/11\/camping-550x370.jpg 550w, https:\/\/www.lacharviere.nl\/wp-content\/uploads\/2016\/11\/camping-550x370-300x202.jpg 300w\" width=\"550\" height=\"370\"><\/div><\/div><div class=\"wpex-slider-slide sp-slide\"><div class=\"wpex-slider-media wpex-relative\"><img data-no-lazy=\"1\" class=\"skip-lazy\" src=\"https:\/\/www.lacharviere.nl\/wp-content\/uploads\/2016\/11\/ontbijt-550x370-610x410.jpg\" alt=\"\" srcset=\"https:\/\/www.lacharviere.nl\/wp-content\/uploads\/2016\/11\/ontbijt-550x370-610x410.jpg 610w, https:\/\/www.lacharviere.nl\/wp-content\/uploads\/2016\/11\/ontbijt-550x370-300x202.jpg 300w, https:\/\/www.lacharviere.nl\/wp-content\/uploads\/2016\/11\/ontbijt-550x370-768x517.jpg 768w, https:\/\/www.lacharviere.nl\/wp-content\/uploads\/2016\/11\/ontbijt-550x370.jpg 907w\" width=\"610\" height=\"410\"><\/div><\/div><\/div><\/div>[\/vc_column][vc_column width=\u00a0\u00bb1\/2&Prime;]<style>.vcex-heading.vcex_69fca9fcc7301{font-family:Lato, sans-serif;}<\/style><h2 class=\"vcex-heading vcex-heading-plain vcex-module wpex-heading wpex-text-2xl vc_custom_1480323594386 vcex_69fca9fcc7301\"><span class=\"vcex-heading-inner wpex-inline-block\">Festival de la Chanson Fran\u00e7aise \u00e0 Montlu\u00e7on<\/span><\/h2>[vc_column_text css=\u00a0\u00bb.vc_custom_1480323608288{padding-top: 20px !important;}\u00a0\u00bb][\/vc_column_text][\/vc_column][\/vc_row][vc_row full_width=\u00a0\u00bbstretch_row\u00a0\u00bb wpex_bg_overlay=\u00a0\u00bbdark\u00a0\u00bb min_height=\u00a0\u00bb500px\u00a0\u00bb el_class=\u00a0\u00bbbg-fixed\u00a0\u00bb wpex_bg_overlay_color=\u00a0\u00bb#000000&Prime; wpex_bg_overlay_opacity=\u00a0\u00bb0.4&Prime; css=\u00a0\u00bb.vc_custom_1490283530422{background-image: url(http:\/\/www.lacharviere.nl\/wp-content\/uploads\/2016\/12\/P8210005-2.jpg?id=487) !important;}\u00a0\u00bb][vc_column][vc_row_inner][vc_column_inner css=\u00a0\u00bb.vc_custom_1479457400906{padding-top: 120px !important;}\u00a0\u00bb]<style>.vcex-heading.vcex_69fca9fcc799f{color:#ffffff;font-size:55px;font-family:Lato, sans-serif;font-weight:700;}@media (max-width:479px){.vcex-heading.vcex_69fca9fcc799f{font-size:35px;}}<\/style><div class=\"vcex-heading vcex-heading-plain vcex-module wpex-heading wpex-text-2xl wpex-text-center titel vcex_69fca9fcc799f\"><span class=\"vcex-heading-inner wpex-inline-block\">r\u00e9servation et disponibilit\u00e9<\/span><\/div>[vc_column_text el_class=\u00a0\u00bbsubtitel\u00a0\u00bb]\n<p style=\"text-align: center;\">Nous serions ravis de t\u2019accueillir sur notre domaine<\/p>\n[\/vc_column_text]<style>.vcex-button.vcex_69fca9fcc87fd{border-radius:0px;background:#4e9519;color:#ffffff!important;font-size:18px;font-weight:400;text-transform:uppercase;}.vcex-button.vcex_69fca9fcc87fd:hover{background:#4e9519!important;color:#ffffff!important;}<\/style><div class=\"vc_custom_1480603676514 wpex-clr\"><div class=\"theme-button-wrap textcenter wpex-clr\"><a href=\"http:\/\/www.lacharviere.nl\/beschikbaarheid\/\" class=\"vcex-button theme-button align-center inline vcex_69fca9fcc87fd\" title=\"Meer informatie\"><span class=\"vcex-button-inner theme-button-inner wpex-flex wpex-flex-wrap wpex-items-center wpex-justify-center\">Clique ici pour plus d\u2019informations<\/span><\/a><\/div><\/div> [\/vc_column_inner][\/vc_row_inner][\/vc_column][\/vc_row]\n<\/div>","protected":false},"excerpt":{"rendered":"<p>[vc_row full_width=\u00a0\u00bbstretch_row\u00a0\u00bb full_height=\u00a0\u00bbyes\u00a0\u00bb el_class=\u00a0\u00bbbg-fixed\u00a0\u00bb css=\u00a0\u00bb.vc_custom_1490283521094{background-image: url(http:\/\/www.lacharviere.nl\/wp-content\/uploads\/2016\/12\/P8115613.jpg?id=480) !important;}\u00a0\u00bb][vc_column][vc_column_text][\/vc_column_text][\/vc_column][\/vc_row][vc_row full_width=\u00a0\u00bbstretch_row\u00a0\u00bb css=\u00a0\u00bb.vc_custom_1479498958486{padding-top: 40px !important;background-color: #ffffff !important;}\u00a0\u00bb][vc_column width=\u00a0\u00bb1\/2&Prime;][\/vc_column][vc_column width=\u00a0\u00bb1\/2&Prime;][vc_column_text css=\u00a0\u00bb.vc_custom_1570721219604{padding-top: 20px !important;}\u00a0\u00bb]Informations touristiques. Dans la magnifique Auvergne verdoyante, tu trouveras une multitude de sites \u00e0 visiter, d\u2019activit\u00e9s, de possibilit\u00e9s de loisirs et de sorties \u00e0 la journ\u00e9e. De superbes cit\u00e9s m\u00e9di\u00e9vales, des villages endormis, des ch\u00e2teaux, des \u00e9glises romanes,&hellip;<\/p>\n","protected":false},"author":1,"featured_media":0,"parent":0,"menu_order":0,"comment_status":"closed","ping_status":"closed","template":"","meta":{"footnotes":""},"class_list":["post-42248","page","type-page","status-publish","hentry","entry","no-media"],"_links":{"self":[{"href":"https:\/\/www.lacharviere.nl\/fr\/wp-json\/wp\/v2\/pages\/42248","targetHints":{"allow":["GET"]}}],"collection":[{"href":"https:\/\/www.lacharviere.nl\/fr\/wp-json\/wp\/v2\/pages"}],"about":[{"href":"https:\/\/www.lacharviere.nl\/fr\/wp-json\/wp\/v2\/types\/page"}],"author":[{"embeddable":true,"href":"https:\/\/www.lacharviere.nl\/fr\/wp-json\/wp\/v2\/users\/1"}],"replies":[{"embeddable":true,"href":"https:\/\/www.lacharviere.nl\/fr\/wp-json\/wp\/v2\/comments?post=42248"}],"version-history":[{"count":2,"href":"https:\/\/www.lacharviere.nl\/fr\/wp-json\/wp\/v2\/pages\/42248\/revisions"}],"predecessor-version":[{"id":42251,"href":"https:\/\/www.lacharviere.nl\/fr\/wp-json\/wp\/v2\/pages\/42248\/revisions\/42251"}],"wp:attachment":[{"href":"https:\/\/www.lacharviere.nl\/fr\/wp-json\/wp\/v2\/media?parent=42248"}],"curies":[{"name":"wp","href":"https:\/\/api.w.org\/{rel}","templated":true}]}}