{"id":42241,"date":"2018-01-23T16:18:24","date_gmt":"2018-01-23T15:18:24","guid":{"rendered":"https:\/\/www.lacharviere.nl\/tentes-tipi\/"},"modified":"2026-05-07T14:10:35","modified_gmt":"2026-05-07T12:10:35","slug":"tentes-tipi","status":"publish","type":"page","link":"https:\/\/www.lacharviere.nl\/fr\/tentes-tipi\/","title":{"rendered":"Tentes tipi"},"content":{"rendered":"<div class=\"wpb-content-wrapper\">[vc_row full_width=\u00a0\u00bbstretch_row\u00a0\u00bb full_height=\u00a0\u00bbyes\u00a0\u00bb el_class=\u00a0\u00bbbg-fixed\u00a0\u00bb min_height=\u00a0\u00bb350px\u00a0\u00bb css=\u00a0\u00bb.vc_custom_1516722644143{background-image: url(http:\/\/www.lacharviere.nl\/wp-content\/uploads\/2018\/01\/Tipi-tent-2.jpg?id=1256) !important;}\u00a0\u00bb][vc_column][vc_column_text]<div id=\"ep-arrow\"><a href=\"#content\"><div id=\"temp-id\"  style=\"font-size:45px; color: #FFFFFF; animation-duration:2s; margin-left: -22.5px; \" data-duration_time=\"10000\" data-scrolling=\"true\" data-disable_duration=\"true\" data-disable_bouncing=\"false\" class=\"echo-content-down-arrow epda-icon-arrow-regular temp-class bounce-effect-1 \"><\/div><\/a><\/div>[\/vc_column_text][\/vc_column][\/vc_row][vc_row full_width=\u00a0\u00bbstretch_row\u00a0\u00bb css=\u00a0\u00bb.vc_custom_1479466991414{padding-top: 40px !important;background-color: #ffffff !important;}\u00a0\u00bb][vc_column width=\u00a0\u00bb1\/6&Prime; css=\u00a0\u00bb.vc_custom_1479466904593{padding-top: 40px !important;}\u00a0\u00bb][\/vc_column][vc_column width=\u00a0\u00bb2\/3&Prime;]<style>.vcex-heading.vcex_69fca6e66cb1f{font-family:Lato, sans-serif;}<\/style><h1 class=\"vcex-heading vcex-heading-plain vcex-module wpex-heading wpex-text-2xl vc_custom_1479466979800 vcex_69fca6e66cb1f\"><span class=\"vcex-heading-inner wpex-inline-block\">Tentes tipi<\/span><\/h1>[vc_column_text css=\u00a0\u00bb\u00a0\u00bb]Sur un emplacement unique \u00e0 La Charvi\u00e8re se trouvent 2 NOUVELLES tentes tipis (surface de 20 m2) d\u2019un diam\u00e8tre de cinq m\u00e8tres et d\u2019une hauteur centrale de trois m\u00e8tres, am\u00e9nag\u00e9es avec des \u00e9quipements de base. Les tentes sont adapt\u00e9es pour 4\/5 personnes. Les tentes tipis sont isol\u00e9es du camping et se situent dans la prairie des animaux.  <\/p>\n<p>Toutes les tentes tipis disposent de deux lits fixes et de deux matelas gonflables extra \u00e9pais. Pour la 5e personne, nous avons un matelas gonflable suppl\u00e9mentaire \u00e0 disposition. Seuls les lits fixes sont \u00e9quip\u00e9s de couettes et d\u2019oreillers. Le linge de lit peut \u00eatre lou\u00e9, mais rien n\u2019est plus sympa que de dormir dans ton propre sac de couchage.   <\/p>\n<p>L\u2019espace de vie de la tente est bien spacieux. \u00c0 l\u2019ext\u00e9rieur de la tente, une b\u00e2che est tendue sous laquelle se trouve une table de pique-nique. Devant ta tente, il y a un coin pour faire un feu de camp. Une tente unique et merveilleusement spacieuse pour des vacances in\u00e9gal\u00e9es ![\/vc_column_text]<style>.vcex-heading.vcex_69fca6e66fa92{font-family:Lato, sans-serif;}<\/style><h2 class=\"vcex-heading vcex-heading-plain vcex-module wpex-heading wpex-text-2xl vc_custom_1767422708867 vcex_69fca6e66fa92\"><span class=\"vcex-heading-inner wpex-inline-block\">Tente tipi \u00e2ne deluxe<\/span><\/h2>[vc_column_text css=\u00a0\u00bb\u00a0\u00bb]Une tente tipi au milieu de nos \u00e2nes. Tu aimes te r\u00e9veiller et voir en premier nos beaux \u00e2nes, toujours ravis de te voir et friands d\u2019attention ? Tu verras aussi les chevaux et les poneys. Tu profiteras de vues magnifiques.<br \/>\nCe tipi est \u00e9quip\u00e9 de l\u2019\u00e9lectricit\u00e9 et d\u2019un point d\u2019eau. Une cuisine de camping avec un r\u00e9chaud \u00e0 gaz deux feux sera pr\u00e9vue.[\/vc_column_text]<style>.vcex-heading.vcex_69fca6e6700f3{font-family:Lato, sans-serif;}<\/style><h2 class=\"vcex-heading vcex-heading-plain vcex-module wpex-heading wpex-text-2xl vc_custom_1767422849595 vcex_69fca6e6700f3\"><span class=\"vcex-heading-inner wpex-inline-block\">Tente tipi Soay back to basic<\/span><\/h2>[vc_column_text css=\u00a0\u00bb\u00a0\u00bb]Une tente tipi parmi les moutons, au bord d\u2019une mare et du chemin romain. Ce tipi se situe tout au fond de la prairie des animaux. Nos petits moutons Soay t\u2019y tiendront compagnie. Depuis ta tente tipi, tu as des vues magnifiques, des vaches en arri\u00e8re-plan et le bruissement de l\u2019herbe. La mare \u00e0 c\u00f4t\u00e9 de ta tente apporte un effet apaisant suppl\u00e9mentaire. Pour atteindre le tipi, tu empruntes le chemin sur pilotis qui traverse le chemin romain.<br \/>\nCe tipi est \u00ab back to basics \u00bb. Pas d\u2019\u00e9lectricit\u00e9, pas d\u2019eau, seulement tes amis et\/ou ta famille ! Bien s\u00fbr, nous pr\u00e9voirons quelques lampes solaires ou \u00e0 piles.       <\/p>\n<p><a href=\"http:\/\/www.lacharviere.nl\/tarieven-2\/\">Tarifs 2026<\/a><\/p>\n<p><a href=\"https:\/\/www.lacharviere.nl\/fr\/contact-itineraire\/\">Contact &amp; Itin\u00e9raire<\/a><\/p>\n<p><a href=\"http:\/\/www.lacharviere.nl\/fr\/\">Camping \u00e0 la ferme \u00e0 petite \u00e9chelle &#8211; Propri\u00e9taires belges<\/a><\/p>\n<p><a href=\"https:\/\/www.lacharviere.nl\/fr\/la-bande-danimaux\/\">La bande d\u2019animaux<\/a>[\/vc_column_text][\/vc_column][vc_column width=\u00a0\u00bb1\/6&Prime;][\/vc_column][\/vc_row][vc_row full_width=\u00a0\u00bbstretch_row\u00a0\u00bb css=\u00a0\u00bb.vc_custom_1479467351494{background-color: #ffffff !important;}\u00a0\u00bb][vc_column]<div class=\"vcex-image-carousel wpex-carousel wpex-carousel-images wpex-clr vcex-module owl-carousel arrwstyle-default arrwpos-default\" data-wpex-carousel=\"{&quot;center&quot;:&quot;true&quot;,&quot;slideBy&quot;:1,&quot;items&quot;:2,&quot;responsive&quot;:{&quot;0&quot;:{&quot;items&quot;:&quot;1&quot;},&quot;480&quot;:{&quot;items&quot;:&quot;2&quot;},&quot;768&quot;:{&quot;items&quot;:2},&quot;960&quot;:{&quot;items&quot;:2}}}\"><div class=\"wpex-carousel-slide\"><figure class=\"wpex-carousel-entry-media entry-media wpex-relative\"><img data-no-lazy=\"1\" class=\"wpex-align-middle skip-lazy\" src=\"https:\/\/www.lacharviere.nl\/wp-content\/uploads\/2018\/01\/Tipi-tent-3-565x420.jpg\" alt=\"\" width=\"565\" height=\"420\"><\/figure><\/div><div class=\"wpex-carousel-slide\"><figure class=\"wpex-carousel-entry-media entry-media wpex-relative\"><img data-no-lazy=\"1\" class=\"wpex-align-middle skip-lazy\" src=\"https:\/\/www.lacharviere.nl\/wp-content\/uploads\/2018\/01\/Tipi-tent-2-565x420.jpg\" alt=\"\" width=\"565\" height=\"420\"><\/figure><\/div><div class=\"wpex-carousel-slide\"><figure class=\"wpex-carousel-entry-media entry-media wpex-relative\"><img data-no-lazy=\"1\" class=\"wpex-align-middle skip-lazy\" src=\"https:\/\/www.lacharviere.nl\/wp-content\/uploads\/2018\/01\/Tipitent-1-565x420.jpg\" alt=\"\" width=\"565\" height=\"420\"><\/figure><\/div><div class=\"wpex-carousel-slide\"><figure class=\"wpex-carousel-entry-media entry-media wpex-relative\"><img data-no-lazy=\"1\" class=\"wpex-align-middle skip-lazy\" src=\"https:\/\/www.lacharviere.nl\/wp-content\/uploads\/2018\/01\/Pantry-Tipi-tent-565x420.jpg\" alt=\"\" width=\"565\" height=\"420\"><\/figure><\/div><\/div>[\/vc_column][\/vc_row][vc_row full_width=\u00a0\u00bbstretch_row\u00a0\u00bb wpex_bg_overlay=\u00a0\u00bbdark\u00a0\u00bb min_height=\u00a0\u00bb500px\u00a0\u00bb el_class=\u00a0\u00bbbg-fixed\u00a0\u00bb wpex_bg_overlay_color=\u00a0\u00bb#000000&Prime; wpex_bg_overlay_opacity=\u00a0\u00bb0.4&Prime; css=\u00a0\u00bb.vc_custom_1490283434692{background-image: url(http:\/\/www.lacharviere.nl\/wp-content\/uploads\/2016\/12\/P3263903.jpg?id=399) !important;}\u00a0\u00bb][vc_column][vc_row_inner][vc_column_inner css=\u00a0\u00bb.vc_custom_1479457400906{padding-top: 120px !important;}\u00a0\u00bb]<style>.vcex-heading.vcex_69fca6e677ed5{color:#ffffff;font-size:55px;font-family:Lato, sans-serif;font-weight:700;}@media (max-width:479px){.vcex-heading.vcex_69fca6e677ed5{font-size:35px;}}<\/style><div class=\"vcex-heading vcex-heading-plain vcex-module wpex-heading wpex-text-2xl wpex-text-center titel vcex_69fca6e677ed5\"><span class=\"vcex-heading-inner wpex-inline-block\">r\u00e9servation et disponibilit\u00e9<\/span><\/div>[vc_column_text el_class=\u00a0\u00bbsubtitel\u00a0\u00bb]\n<p style=\"text-align: center;\">Nous serions ravis de t\u2019accueillir sur notre domaine<\/p>\n[\/vc_column_text]<style>.vcex-button.vcex_69fca6e678e09{border-radius:0px;background:#4e9519;color:#ffffff!important;font-size:18px;font-weight:400;text-transform:uppercase;}.vcex-button.vcex_69fca6e678e09:hover{background:#4e9519!important;color:#ffffff!important;}<\/style><div class=\"vc_custom_1480601236788 wpex-clr\"><div class=\"theme-button-wrap textcenter wpex-clr\"><a href=\"http:\/\/www.lacharviere.nl\/beschikbaarheid\/\" class=\"vcex-button theme-button align-center inline vcex_69fca6e678e09\" title=\"Meer informatie\"><span class=\"vcex-button-inner theme-button-inner wpex-flex wpex-flex-wrap wpex-items-center wpex-justify-center\">Clique ici pour plus d\u2019informations<\/span><\/a><\/div><\/div> [\/vc_column_inner][\/vc_row_inner][\/vc_column][\/vc_row]\n<\/div>","protected":false},"excerpt":{"rendered":"<p>[vc_row full_width=\u00a0\u00bbstretch_row\u00a0\u00bb full_height=\u00a0\u00bbyes\u00a0\u00bb el_class=\u00a0\u00bbbg-fixed\u00a0\u00bb min_height=\u00a0\u00bb350px\u00a0\u00bb css=\u00a0\u00bb.vc_custom_1516722644143{background-image: url(http:\/\/www.lacharviere.nl\/wp-content\/uploads\/2018\/01\/Tipi-tent-2.jpg?id=1256) !important;}\u00a0\u00bb][vc_column][vc_column_text][\/vc_column_text][\/vc_column][\/vc_row][vc_row full_width=\u00a0\u00bbstretch_row\u00a0\u00bb css=\u00a0\u00bb.vc_custom_1479466991414{padding-top: 40px !important;background-color: #ffffff !important;}\u00a0\u00bb][vc_column width=\u00a0\u00bb1\/6&Prime; css=\u00a0\u00bb.vc_custom_1479466904593{padding-top: 40px !important;}\u00a0\u00bb][\/vc_column][vc_column width=\u00a0\u00bb2\/3&Prime;][vc_column_text css=\u00a0\u00bb\u00a0\u00bb]Sur un emplacement unique \u00e0 La Charvi\u00e8re se trouvent 2 NOUVELLES tentes tipis (surface de 20 m2) d\u2019un diam\u00e8tre de cinq m\u00e8tres et d\u2019une hauteur centrale de trois m\u00e8tres, am\u00e9nag\u00e9es avec des \u00e9quipements de base. Les&hellip;<\/p>\n","protected":false},"author":1,"featured_media":0,"parent":0,"menu_order":0,"comment_status":"closed","ping_status":"closed","template":"","meta":{"footnotes":""},"class_list":["post-42241","page","type-page","status-publish","hentry","entry","no-media"],"_links":{"self":[{"href":"https:\/\/www.lacharviere.nl\/fr\/wp-json\/wp\/v2\/pages\/42241","targetHints":{"allow":["GET"]}}],"collection":[{"href":"https:\/\/www.lacharviere.nl\/fr\/wp-json\/wp\/v2\/pages"}],"about":[{"href":"https:\/\/www.lacharviere.nl\/fr\/wp-json\/wp\/v2\/types\/page"}],"author":[{"embeddable":true,"href":"https:\/\/www.lacharviere.nl\/fr\/wp-json\/wp\/v2\/users\/1"}],"replies":[{"embeddable":true,"href":"https:\/\/www.lacharviere.nl\/fr\/wp-json\/wp\/v2\/comments?post=42241"}],"version-history":[{"count":2,"href":"https:\/\/www.lacharviere.nl\/fr\/wp-json\/wp\/v2\/pages\/42241\/revisions"}],"predecessor-version":[{"id":42246,"href":"https:\/\/www.lacharviere.nl\/fr\/wp-json\/wp\/v2\/pages\/42241\/revisions\/42246"}],"wp:attachment":[{"href":"https:\/\/www.lacharviere.nl\/fr\/wp-json\/wp\/v2\/media?parent=42241"}],"curies":[{"name":"wp","href":"https:\/\/api.w.org\/{rel}","templated":true}]}}