{"id":42238,"date":"2016-11-29T09:31:52","date_gmt":"2016-11-29T08:31:52","guid":{"rendered":"https:\/\/www.lacharviere.nl\/tarifs-2026\/forfaits-offres\/"},"modified":"2026-05-07T14:09:31","modified_gmt":"2026-05-07T12:09:31","slug":"forfaits-offres","status":"publish","type":"page","link":"https:\/\/www.lacharviere.nl\/fr\/tarifs-2026\/forfaits-offres\/","title":{"rendered":"Forfaits &amp; Offres"},"content":{"rendered":"<div class=\"wpb-content-wrapper\">[vc_row][vc_column]<h2 class=\"vcex-heading vcex-heading-plain vcex-module wpex-heading wpex-text-2xl\"><span class=\"vcex-heading-inner wpex-inline-block\">Offres et forfaits<\/span><\/h2>[\/vc_column][\/vc_row][vc_row][vc_column][vc_column_text css=\u00a0\u00bb\u00a0\u00bb]Suis ici les offres de forfaits<\/p>\n<p><span style=\"color: #008000; font-size: 21px;\">Offre de mai : mois de la nature<\/span><\/p>\n<p><span style=\"color: #000000;\">R\u00e9serve pour 3 nuits pour 2 personnes<\/span> au camping tout compris pour 60 euros.<\/p>\n<p>R\u00e9serve pour 5 nuits pour 2 personnes au camping tout compris pour 90 euros.<\/p>\n<p>Mentionne \u00ab vacances nature \u00bb lors de ta r\u00e9servation.<\/p>\n<p>&nbsp;<\/p>\n<p><span style=\"color: #008000; font-size: 21px;\">Offre de juin : mois culinaire<\/span><\/p>\n<p><span style=\"color: #000000;\">R\u00e9serve pour 3 nuits<\/span> au camping avec service de petit-d\u00e9jeuner et table d\u2019h\u00f4tes inclus pour 175 euros tout compris, hors taxe de s\u00e9jour et \u00e9cotaxe.<\/p>\n<p>R\u00e9serve pour 5 nuits avec service de petit-d\u00e9jeuner et table d\u2019h\u00f4tes inclus pour 245 euros tout compris, hors taxe de s\u00e9jour et \u00e9cotaxe.<\/p>\n<p>Mentionne \u00ab vacances culinaires \u00bb lors de ta demande.<\/p>\n[\/vc_column_text][\/vc_column][\/vc_row]\n<\/div>","protected":false},"excerpt":{"rendered":"<p>[vc_row][vc_column][\/vc_column][\/vc_row][vc_row][vc_column][vc_column_text css=\u00a0\u00bb\u00a0\u00bb]Suis ici les offres de forfaits Offre de mai : mois de la nature R\u00e9serve pour 3 nuits pour 2 personnes au camping tout compris pour 60 euros. R\u00e9serve pour 5 nuits pour 2 personnes au camping tout compris pour 90 euros. Mentionne \u00ab vacances nature \u00bb lors de ta r\u00e9servation. &nbsp; Offre de&hellip;<\/p>\n","protected":false},"author":1,"featured_media":0,"parent":42233,"menu_order":0,"comment_status":"closed","ping_status":"closed","template":"","meta":{"footnotes":""},"class_list":["post-42238","page","type-page","status-publish","hentry","entry","no-media"],"_links":{"self":[{"href":"https:\/\/www.lacharviere.nl\/fr\/wp-json\/wp\/v2\/pages\/42238","targetHints":{"allow":["GET"]}}],"collection":[{"href":"https:\/\/www.lacharviere.nl\/fr\/wp-json\/wp\/v2\/pages"}],"about":[{"href":"https:\/\/www.lacharviere.nl\/fr\/wp-json\/wp\/v2\/types\/page"}],"author":[{"embeddable":true,"href":"https:\/\/www.lacharviere.nl\/fr\/wp-json\/wp\/v2\/users\/1"}],"replies":[{"embeddable":true,"href":"https:\/\/www.lacharviere.nl\/fr\/wp-json\/wp\/v2\/comments?post=42238"}],"version-history":[{"count":2,"href":"https:\/\/www.lacharviere.nl\/fr\/wp-json\/wp\/v2\/pages\/42238\/revisions"}],"predecessor-version":[{"id":42240,"href":"https:\/\/www.lacharviere.nl\/fr\/wp-json\/wp\/v2\/pages\/42238\/revisions\/42240"}],"up":[{"embeddable":true,"href":"https:\/\/www.lacharviere.nl\/fr\/wp-json\/wp\/v2\/pages\/42233"}],"wp:attachment":[{"href":"https:\/\/www.lacharviere.nl\/fr\/wp-json\/wp\/v2\/media?parent=42238"}],"curies":[{"name":"wp","href":"https:\/\/api.w.org\/{rel}","templated":true}]}}