{"id":42233,"date":"2016-11-24T09:43:17","date_gmt":"2016-11-24T08:43:17","guid":{"rendered":"https:\/\/www.lacharviere.nl\/tarifs-2026\/"},"modified":"2026-05-07T14:08:13","modified_gmt":"2026-05-07T12:08:13","slug":"tarifs-2026","status":"publish","type":"page","link":"https:\/\/www.lacharviere.nl\/fr\/tarifs-2026\/","title":{"rendered":"Tarifs 2026"},"content":{"rendered":"<div class=\"wpb-content-wrapper\">[vc_row full_width=\u00a0\u00bbstretch_row\u00a0\u00bb full_height=\u00a0\u00bbyes\u00a0\u00bb el_class=\u00a0\u00bbbg-fixed\u00a0\u00bb css=\u00a0\u00bb.vc_custom_1490283473844{background-image: url(http:\/\/www.lacharviere.nl\/wp-content\/uploads\/2016\/12\/PA021922.jpg?id=511) !important;}\u00a0\u00bb][vc_column][vc_column_text]<div id=\"ep-arrow\"><a href=\"#content\"><div id=\"temp-id\"  style=\"font-size:45px; color: #FFFFFF; animation-duration:2s; margin-left: -22.5px; \" data-duration_time=\"10000\" data-scrolling=\"true\" data-disable_duration=\"true\" data-disable_bouncing=\"false\" class=\"echo-content-down-arrow epda-icon-arrow-regular temp-class bounce-effect-1 \"><\/div><\/a><\/div>[\/vc_column_text][\/vc_column][\/vc_row][vc_row full_width=\u00a0\u00bbstretch_row\u00a0\u00bb css=\u00a0\u00bb.vc_custom_1479498958486{padding-top: 40px !important;background-color: #ffffff !important;}\u00a0\u00bb][vc_column width=\u00a0\u00bb1\/2&Prime;]<style>.vcex-heading.vcex_69fca9bac9055{font-family:Lato, sans-serif;}<\/style><h2 class=\"vcex-heading vcex-heading-plain vcex-module wpex-heading wpex-text-2xl vc_custom_1479978065617 vcex_69fca9bac9055\"><span class=\"vcex-heading-inner wpex-inline-block\">Les g\u00eetes<\/span><\/h2>[vc_column_text css=\u00a0\u00bb.vc_custom_1479978663372{padding-bottom: 20px !important;}\u00a0\u00bb]PAR SEMAINE DU SAMEDI AU SAMEDI[\/vc_column_text][vc_column_text responsive_text=\u00a0\u00bbtrue\u00a0\u00bb css=\u00a0\u00bb\u00a0\u00bb font_weight=\u00a0\u00bb600&Prime;]\n<div style=\"overflow-x: auto;\">\n<table width=\"300\">\n<tbody>\n<tr>\n<td><\/td>\n<td>\n<p style=\"text-align: center;\"><strong>G\u00eete Mouton<\/strong><\/p>\n<p style=\"font-size: 8pt; text-align: center;\">4 \u00e0 7 personnes<\/p>\n<\/td>\n<td>\n<p style=\"text-align: center;\"><strong>G\u00eete Ch\u00e8vre<\/strong><\/p>\n<p style=\"font-size: 8pt; text-align: center;\">4 \u00e0 10 personnes<\/p>\n<\/td>\n<\/tr>\n<tr>\n<td>Basse saison<\/td>\n<td style=\"text-align: center;\">700 \u20ac\/semaine (4 pers.)<\/td>\n<td style=\"text-align: center;\">550 \u20ac\/semaine (4 pers.)<\/td>\n<\/tr>\n<tr>\n<td>Haute saison<\/p>\n<p style=\"font-size: 8pt;\">(juillet &amp; ao\u00fbt)<\/p>\n<\/td>\n<td style=\"text-align: center;\">810 \u20ac\/semaine (4 pers.)<\/td>\n<td style=\"text-align: center;\">650 \u20ac\/semaine (4 pers.)<\/td>\n<\/tr>\n<\/tbody>\n<\/table>\n<\/div>\n[\/vc_column_text][vc_column_text css=\u00a0\u00bb.vc_custom_1768411769046{padding-top: 20px !important;}\u00a0\u00bb]\u00c9lectricit\u00e9, gaz, eau et TVA incl.<\/p>\n<p>Excl. : m\u00e9nage obligatoire 50 \u20ac, taxes de s\u00e9jour, \u00e9cotaxe, &#8230;<\/p>\n<p><strong>Options :<\/strong><br \/>\nPersonne suppl\u00e9mentaire 75 \u20ac<br \/>\nKit de serviettes de bain 5 \u20ac\/pers.<\/p>\n<p>Lits faits \u00e0 l\u2019arriv\u00e9e 25 \u20ac\/g\u00eete<\/p>\n<p>Kit cuisine (\u00e9ponge, savon, torchon) 7 \u20ac<\/p>\n<p><strong><u>G\u00eete Ch\u00e8vre<\/u><\/strong> 4 \u00e0 10 pers.<\/p>\n<p>Prix par nuit (r\u00e9servation de 3 nuits min., uniquement en basse saison) : 120 \u20ac (4 pers.)<\/p>\n<p>\u00c9lectricit\u00e9, gaz, eau et TVA incl.<\/p>\n<p>Excl. : m\u00e9nage obligatoire 50 \u20ac, taxes de s\u00e9jour, \u00e9cotaxe, &#8230;[\/vc_column_text][\/vc_column][vc_column width=\u00a0\u00bb1\/2&Prime;][vc_single_image image=\u00a0\u00bb42142&Prime; img_size=\u00a0\u00bb550&#215;360&Prime; css=\u00a0\u00bb.vc_custom_1480611182306{padding-bottom: 15px !important;}\u00a0\u00bb][\/vc_column][\/vc_row][vc_row full_width=\u00a0\u00bbstretch_row\u00a0\u00bb css=\u00a0\u00bb.vc_custom_1479498958486{padding-top: 40px !important;background-color: #ffffff !important;}\u00a0\u00bb][vc_column width=\u00a0\u00bb1\/2&Prime;]<style>.vcex-heading.vcex_69fca9bacaefc{font-family:Lato, sans-serif;}<\/style><h2 class=\"vcex-heading vcex-heading-plain vcex-module wpex-heading wpex-text-2xl vc_custom_1479978768434 vcex_69fca9bacaefc\"><span class=\"vcex-heading-inner wpex-inline-block\">Tente Safari<\/span><\/h2>[vc_column_text css=\u00a0\u00bb.vc_custom_1479978663372{padding-bottom: 20px !important;}\u00a0\u00bb]PAR SEMAINE DU SAMEDI AU SAMEDI[\/vc_column_text][vc_column_text responsive_text=\u00a0\u00bbtrue\u00a0\u00bb css=\u00a0\u00bb\u00a0\u00bb font_weight=\u00a0\u00bb600&Prime;]\n<div style=\"overflow-x: auto;\">\n<table width=\"300\">\n<tbody>\n<tr>\n<td><\/td>\n<td>\n<p style=\"font-size: 8pt; text-align: center;\">4 personnes<\/p>\n<\/td>\n<\/tr>\n<tr>\n<td>Basse saison<\/td>\n<td style=\"text-align: center;\">600 \u20ac\/semaine<\/td>\n<\/tr>\n<tr>\n<td>Haute saison<\/p>\n<p style=\"font-size: 8pt;\">(juillet &amp; ao\u00fbt)<\/p>\n<\/td>\n<td style=\"text-align: center;\">780 \u20ac\/semaine<\/td>\n<\/tr>\n<\/tbody>\n<\/table>\n<\/div>\n[\/vc_column_text][vc_column_text css=\u00a0\u00bb.vc_custom_1768384054165{padding-top: 20px !important;}\u00a0\u00bb]La location de la tente safari se fait du samedi, arriv\u00e9e \u00e0 partir de 16h00, au samedi, d\u00e9part avant 10h00.<\/p>\n<p><strong>Suppl\u00e9ments : <\/strong><\/p>\n<p>\u00c9lectricit\u00e9, gaz, eau et TVA incl.<\/p>\n<p>Excl. : m\u00e9nage obligatoire 25 \u20ac, taxes de s\u00e9jour, \u00e9cotaxe, &#8230;[\/vc_column_text]<style>.vcex-heading.vcex_69fca9bacba09{font-family:Lato, sans-serif;}<\/style><h2 class=\"vcex-heading vcex-heading-plain vcex-module wpex-heading wpex-text-2xl vc_custom_1767946871100 vcex_69fca9bacba09\"><span class=\"vcex-heading-inner wpex-inline-block\">Tente tipi \u00c2ne 4 pers.<\/span><\/h2>[vc_column_text responsive_text=\u00a0\u00bbtrue\u00a0\u00bb css=\u00a0\u00bb\u00a0\u00bb font_weight=\u00a0\u00bb600&Prime;]\n<div style=\"overflow-x: auto;\">\n<table width=\"300\">\n<tbody>\n<tr>\n<td><\/td>\n<td>\n<p style=\"font-size: 8pt; text-align: center;\">4 personnes<\/p>\n<\/td>\n<\/tr>\n<tr>\n<td><\/td>\n<td style=\"text-align: center;\"><\/td>\n<\/tr>\n<tr>\n<td>Haute saison<\/p>\n<p style=\"font-size: 8pt;\">(du 1er mai au 30 sept.)<\/p>\n<\/td>\n<td style=\"text-align: center;\">750 \u20ac\/semaine<\/td>\n<\/tr>\n<\/tbody>\n<\/table>\n<\/div>\n[\/vc_column_text][vc_column_text css=\u00a0\u00bb.vc_custom_1768384074377{padding-top: 20px !important;}\u00a0\u00bb]La location de la tente tipi se fait du samedi, arriv\u00e9e \u00e0 partir de 16h00, au samedi, d\u00e9part avant 10h00.<\/p>\n<p><strong>Suppl\u00e9ments : <\/strong><\/p>\n<p>\u00c9lectricit\u00e9, gaz, eau et TVA incl.<\/p>\n<p>Excl. : m\u00e9nage obligatoire 25 \u20ac, taxes de s\u00e9jour, \u00e9cotaxe, &#8230;[\/vc_column_text]<style>.vcex-heading.vcex_69fca9bacc520{font-family:Lato, sans-serif;}<\/style><h2 class=\"vcex-heading vcex-heading-plain vcex-module wpex-heading wpex-text-2xl vc_custom_1767947176965 vcex_69fca9bacc520\"><span class=\"vcex-heading-inner wpex-inline-block\">Tente tipi Soay 4 pers.<\/span><\/h2>[vc_column_text responsive_text=\u00a0\u00bbtrue\u00a0\u00bb css=\u00a0\u00bb\u00a0\u00bb font_weight=\u00a0\u00bb600&Prime;]\n<div style=\"overflow-x: auto;\">\n<table width=\"300\">\n<tbody>\n<tr>\n<td><\/td>\n<td>\n<p style=\"font-size: 8pt; text-align: center;\">4 personnes<\/p>\n<\/td>\n<\/tr>\n<tr>\n<td><\/td>\n<td style=\"text-align: center;\"><\/td>\n<\/tr>\n<tr>\n<td>Haute saison<\/p>\n<p style=\"font-size: 8pt;\">(du 1er mai au 30 sept.)<\/p>\n<\/td>\n<td style=\"text-align: center;\">500 \u20ac\/semaine<\/td>\n<\/tr>\n<\/tbody>\n<\/table>\n<\/div>\n[\/vc_column_text][vc_column_text css=\u00a0\u00bb.vc_custom_1768384087698{padding-top: 20px !important;}\u00a0\u00bb]La location de la tente tipi se fait du samedi, arriv\u00e9e \u00e0 partir de 16h00, au samedi, d\u00e9part avant 10h00.<\/p>\n<p><strong>Suppl\u00e9ments : <\/strong><\/p>\n<p>\u00c9lectricit\u00e9, gaz, eau et TVA incl.<\/p>\n<p>Excl. : m\u00e9nage obligatoire 25 \u20ac, taxes de s\u00e9jour, \u00e9cotaxe, &#8230;[\/vc_column_text][\/vc_column][vc_column width=\u00a0\u00bb1\/2&Prime;][vc_single_image image=\u00a0\u00bb42230&Prime; img_size=\u00a0\u00bb550&#215;360&Prime; css=\u00a0\u00bb.vc_custom_1490177367421{padding-bottom: 15px !important;}\u00a0\u00bb][\/vc_column][\/vc_row][vc_row full_width=\u00a0\u00bbstretch_row\u00a0\u00bb css=\u00a0\u00bb.vc_custom_1479498958486{padding-top: 40px !important;background-color: #ffffff !important;}\u00a0\u00bb][vc_column width=\u00a0\u00bb1\/2&Prime;][vc_single_image image=\u00a0\u00bb42231&Prime; img_size=\u00a0\u00bb550&#215;360&Prime; css=\u00a0\u00bb.vc_custom_1550210132400{padding-bottom: 15px !important;}\u00a0\u00bb][\/vc_column][vc_column width=\u00a0\u00bb1\/2&Prime;]<style>.vcex-heading.vcex_69fca9bacd03e{font-family:Lato, sans-serif;}<\/style><h2 class=\"vcex-heading vcex-heading-plain vcex-module wpex-heading wpex-text-2xl vc_custom_1551333226167 vcex_69fca9bacd03e\"><span class=\"vcex-heading-inner wpex-inline-block\">Mobil-home<\/span><\/h2>[vc_column_text css=\u00a0\u00bb.vc_custom_1479978663372{padding-bottom: 20px !important;}\u00a0\u00bb]PAR SEMAINE DU SAMEDI AU SAMEDI[\/vc_column_text][vc_column_text responsive_text=\u00a0\u00bbtrue\u00a0\u00bb css=\u00a0\u00bb\u00a0\u00bb font_weight=\u00a0\u00bb600&Prime;]\n<div style=\"overflow-x: auto;\">\n<table width=\"300\">\n<tbody>\n<tr>\n<td><\/td>\n<td>\n<p style=\"font-size: 8pt; text-align: center;\">4 personnes<\/p>\n<\/td>\n<\/tr>\n<tr>\n<td>Basse saison<\/td>\n<td style=\"text-align: center;\">630 \u20ac\/semaine<\/td>\n<\/tr>\n<tr>\n<td>Haute saison<\/p>\n<p style=\"font-size: 8pt;\">(juillet &amp; ao\u00fbt)<\/p>\n<\/td>\n<td style=\"text-align: center;\">630 \u20ac\/semaine<\/td>\n<\/tr>\n<\/tbody>\n<\/table>\n<\/div>\n[\/vc_column_text][vc_column_text css=\u00a0\u00bb.vc_custom_1768384103781{padding-top: 20px !important;}\u00a0\u00bb]La location du mobil-home se fait du samedi, arriv\u00e9e \u00e0 partir de 16h00, au samedi, d\u00e9part avant 10h00.<\/p>\n<p><strong>Suppl\u00e9ments : <\/strong><\/p>\n<p>\u00c9lectricit\u00e9, gaz, eau et TVA incl.<\/p>\n<p>Excl. : m\u00e9nage obligatoire 25 \u20ac, taxes de s\u00e9jour, \u00e9cotaxe, &#8230;[\/vc_column_text][\/vc_column][\/vc_row][vc_row full_width=\u00a0\u00bbstretch_row\u00a0\u00bb css=\u00a0\u00bb.vc_custom_1479498958486{padding-top: 40px !important;background-color: #ffffff !important;}\u00a0\u00bb][vc_column width=\u00a0\u00bb1\/2&Prime;][vc_single_image image=\u00a0\u00bb42232&Prime; img_size=\u00a0\u00bb550&#215;360&Prime; css=\u00a0\u00bb.vc_custom_1490177402615{padding-bottom: 15px !important;}\u00a0\u00bb][\/vc_column][vc_column width=\u00a0\u00bb1\/2&Prime;]<style>.vcex-heading.vcex_69fca9bacda8c{font-family:Lato, sans-serif;}<\/style><h2 class=\"vcex-heading vcex-heading-plain vcex-module wpex-heading wpex-text-2xl vc_custom_1479978977831 vcex_69fca9bacda8c\"><span class=\"vcex-heading-inner wpex-inline-block\">Le camping<\/span><\/h2>[vc_column_text css=\u00a0\u00bb.vc_custom_1767946145586{padding-bottom: 20px !important;}\u00a0\u00bb]PAR JOUR[\/vc_column_text][vc_column_text responsive_text=\u00a0\u00bbtrue\u00a0\u00bb css=\u00a0\u00bb\u00a0\u00bb font_weight=\u00a0\u00bb600&Prime; font_size=\u00a0\u00bb15px\u00a0\u00bb]\n<div style=\"overflow-x: auto;\">\n<table style=\"height: 450px;\" width=\"298\">\n<tbody>\n<tr>\n<td><\/td>\n<td>\n<p style=\"text-align: center;\"><span style=\"font-size: 10px;\">Haute saison<\/span><\/p>\n<p style=\"text-align: center;\"><span style=\"font-size: 10px;\">(juillet-ao\u00fbt)<\/span><\/p>\n<\/td>\n<td>\n<p style=\"font-size: 8pt; text-align: center;\"><span style=\"font-size: 10px;\">Basse saison<\/span><\/p>\n<p style=\"text-align: center;\">\n<\/td>\n<\/tr>\n<tr>\n<td>Emplacement<\/td>\n<td style=\"text-align: center;\">12 \u20ac<\/td>\n<td style=\"text-align: center;\">10 \u20ac<\/td>\n<\/tr>\n<tr>\n<td>Adulte<\/td>\n<td style=\"text-align: center;\">7 \u20ac<\/td>\n<td style=\"text-align: center;\"><\/td>\n<\/tr>\n<tr>\n<td>Enfant jusqu\u2019\u00e0 10 ans<\/td>\n<td style=\"text-align: center;\">4 \u20ac<\/td>\n<td style=\"text-align: center;\"><\/td>\n<\/tr>\n<tr>\n<td>\u00c9lectricit\u00e9 tente<\/p>\n<p style=\"font-size: 8pt;\">(10 amp.)<\/p>\n<\/td>\n<td style=\"text-align: center;\">4 \u20ac<\/td>\n<td style=\"text-align: center;\"><\/td>\n<\/tr>\n<tr>\n<td>\u00c9lectricit\u00e9 caravane<\/p>\n<p style=\"font-size: 8pt;\">(10 amp.)<\/p>\n<p>\u00c9lectricit\u00e9 caravane avec clim<\/p>\n<p>(10 amp.)<\/td>\n<td style=\"text-align: center;\">5,75 \u20ac<\/p>\n<p>10,75 \u20ac<\/td>\n<td style=\"text-align: center;\"><\/td>\n<\/tr>\n<tr>\n<td>Chien<\/p>\n<p style=\"font-size: 8pt;\">(doit \u00eatre tenu en laisse)<\/p>\n<\/td>\n<td style=\"text-align: center;\">2 gratuits \/ \u00e0 partir du 3e 3 \u20ac\/chien<\/td>\n<td style=\"text-align: center;\"><\/td>\n<\/tr>\n<tr>\n<td>\n<p style=\"font-size: 8pt;\">\n<\/td>\n<td style=\"text-align: center;\"><\/td>\n<td style=\"text-align: center;\"><\/td>\n<\/tr>\n<\/tbody>\n<\/table>\n<\/div>\n[\/vc_column_text][vc_column_text css=\u00a0\u00bb.vc_custom_1767947633241{padding-top: 20px !important;}\u00a0\u00bb][\/vc_column_text]<style>.vcex-heading.vcex_69fca9bace4dc{font-family:Lato, sans-serif;}<\/style><h2 class=\"vcex-heading vcex-heading-plain vcex-module wpex-heading wpex-text-2xl vc_custom_1767947380019 vcex_69fca9bace4dc\"><span class=\"vcex-heading-inner wpex-inline-block\">Caravane tract\u00e9e \u00c2ne 2 pers.<\/span><\/h2>[vc_column_text responsive_text=\u00a0\u00bbtrue\u00a0\u00bb css=\u00a0\u00bb\u00a0\u00bb font_weight=\u00a0\u00bb600&Prime;]\n<div style=\"overflow-x: auto;\">\n<table width=\"300\">\n<tbody>\n<tr>\n<td><\/td>\n<td>\n<p style=\"font-size: 8pt; text-align: center;\">2 personnes<\/p>\n<\/td>\n<\/tr>\n<tr>\n<td>Basse saison<\/p>\n<p><span style=\"font-size: 10px;\">(mai, juin, septembre)<\/span><\/td>\n<td style=\"text-align: center;\">50 \u20ac\/nuit<\/td>\n<\/tr>\n<tr>\n<td>Haute saison<\/p>\n<p style=\"font-size: 8pt;\">(juillet &amp; ao\u00fbt)<\/p>\n<\/td>\n<td style=\"text-align: center;\">50 \u20ac\/nuit<\/td>\n<\/tr>\n<\/tbody>\n<\/table>\n<\/div>\n[\/vc_column_text][vc_column_text css=\u00a0\u00bb.vc_custom_1777392677130{padding-top: 20px !important;}\u00a0\u00bb]La location de la caravane tract\u00e9e se fait de l\u2019arriv\u00e9e \u00e0 partir de 16h00 au d\u00e9part avant 10h00.<\/p>\n<p><strong>Suppl\u00e9ments : <\/strong><\/p>\n<p>\u00c9lectricit\u00e9, gaz, eau et TVA incl.<\/p>\n<p>Excl. : m\u00e9nage obligatoire 25 \u20ac, taxes de s\u00e9jour, \u00e9cotaxe, &#8230;<\/p>\n<p>option : kit de draps[\/vc_column_text][\/vc_column][\/vc_row][vc_row full_width=\u00a0\u00bbstretch_row\u00a0\u00bb wpex_bg_overlay=\u00a0\u00bbdark\u00a0\u00bb min_height=\u00a0\u00bb500px\u00a0\u00bb el_class=\u00a0\u00bbbg-fixed\u00a0\u00bb wpex_bg_overlay_color=\u00a0\u00bb#000000&Prime; wpex_bg_overlay_opacity=\u00a0\u00bb0.4&Prime; css=\u00a0\u00bb.vc_custom_1490283485608{background-image: url(http:\/\/www.lacharviere.nl\/wp-content\/uploads\/2016\/12\/P9105813.jpg?id=501) !important;}\u00a0\u00bb][vc_column][vc_row_inner][vc_column_inner css=\u00a0\u00bb.vc_custom_1479457400906{padding-top: 120px !important;}\u00a0\u00bb]<style>.vcex-heading.vcex_69fca9bacefc2{color:#ffffff;font-size:55px;font-family:Lato, sans-serif;font-weight:700;}@media (max-width:479px){.vcex-heading.vcex_69fca9bacefc2{font-size:35px;}}<\/style><div class=\"vcex-heading vcex-heading-plain vcex-module wpex-heading wpex-text-2xl wpex-text-center titel vcex_69fca9bacefc2\"><span class=\"vcex-heading-inner wpex-inline-block\">r\u00e9servation et disponibilit\u00e9<\/span><\/div>[vc_column_text el_class=\u00a0\u00bbsubtitel\u00a0\u00bb]\n<p style=\"text-align: center;\">Nous serions ravis de t\u2019accueillir sur notre domaine<\/p>\n[\/vc_column_text]<style>.vcex-button.vcex_69fca9bad07d9{border-radius:0px;background:#4e9519;color:#ffffff!important;font-size:18px;font-weight:400;text-transform:uppercase;}.vcex-button.vcex_69fca9bad07d9:hover{background:#4e9519!important;color:#ffffff!important;}<\/style><div class=\"vc_custom_1480603619735 wpex-clr\"><div class=\"theme-button-wrap textcenter wpex-clr\"><a href=\"http:\/\/www.lacharviere.nl\/beschikbaarheid\/\" class=\"vcex-button theme-button align-center inline vcex_69fca9bad07d9\" title=\"Meer informatie\"><span class=\"vcex-button-inner theme-button-inner wpex-flex wpex-flex-wrap wpex-items-center wpex-justify-center\">Clique ici pour plus d\u2019informations<\/span><\/a><\/div><\/div> [\/vc_column_inner][\/vc_row_inner][\/vc_column][\/vc_row]\n<\/div>","protected":false},"excerpt":{"rendered":"<p>[vc_row full_width=\u00a0\u00bbstretch_row\u00a0\u00bb full_height=\u00a0\u00bbyes\u00a0\u00bb el_class=\u00a0\u00bbbg-fixed\u00a0\u00bb css=\u00a0\u00bb.vc_custom_1490283473844{background-image: url(http:\/\/www.lacharviere.nl\/wp-content\/uploads\/2016\/12\/PA021922.jpg?id=511) !important;}\u00a0\u00bb][vc_column][vc_column_text][\/vc_column_text][\/vc_column][\/vc_row][vc_row full_width=\u00a0\u00bbstretch_row\u00a0\u00bb css=\u00a0\u00bb.vc_custom_1479498958486{padding-top: 40px !important;background-color: #ffffff !important;}\u00a0\u00bb][vc_column width=\u00a0\u00bb1\/2&Prime;][vc_column_text css=\u00a0\u00bb.vc_custom_1479978663372{padding-bottom: 20px !important;}\u00a0\u00bb]PAR SEMAINE DU SAMEDI AU SAMEDI[\/vc_column_text][vc_column_text responsive_text=\u00a0\u00bbtrue\u00a0\u00bb css=\u00a0\u00bb\u00a0\u00bb font_weight=\u00a0\u00bb600&Prime;] G\u00eete Mouton 4 \u00e0 7 personnes G\u00eete Ch\u00e8vre 4 \u00e0 10 personnes Basse saison 700 \u20ac\/semaine (4 pers.) 550 \u20ac\/semaine (4 pers.) Haute saison (juillet &amp; ao\u00fbt) 810 \u20ac\/semaine (4&hellip;<\/p>\n","protected":false},"author":1,"featured_media":0,"parent":0,"menu_order":0,"comment_status":"closed","ping_status":"closed","template":"","meta":{"footnotes":""},"class_list":["post-42233","page","type-page","status-publish","hentry","entry","no-media"],"_links":{"self":[{"href":"https:\/\/www.lacharviere.nl\/fr\/wp-json\/wp\/v2\/pages\/42233","targetHints":{"allow":["GET"]}}],"collection":[{"href":"https:\/\/www.lacharviere.nl\/fr\/wp-json\/wp\/v2\/pages"}],"about":[{"href":"https:\/\/www.lacharviere.nl\/fr\/wp-json\/wp\/v2\/types\/page"}],"author":[{"embeddable":true,"href":"https:\/\/www.lacharviere.nl\/fr\/wp-json\/wp\/v2\/users\/1"}],"replies":[{"embeddable":true,"href":"https:\/\/www.lacharviere.nl\/fr\/wp-json\/wp\/v2\/comments?post=42233"}],"version-history":[{"count":3,"href":"https:\/\/www.lacharviere.nl\/fr\/wp-json\/wp\/v2\/pages\/42233\/revisions"}],"predecessor-version":[{"id":42237,"href":"https:\/\/www.lacharviere.nl\/fr\/wp-json\/wp\/v2\/pages\/42233\/revisions\/42237"}],"wp:attachment":[{"href":"https:\/\/www.lacharviere.nl\/fr\/wp-json\/wp\/v2\/media?parent=42233"}],"curies":[{"name":"wp","href":"https:\/\/api.w.org\/{rel}","templated":true}]}}