{"id":42227,"date":"2019-01-26T17:30:18","date_gmt":"2019-01-26T16:30:18","guid":{"rendered":"https:\/\/www.lacharviere.nl\/bloc-sanitaire\/"},"modified":"2026-05-07T14:06:54","modified_gmt":"2026-05-07T12:06:54","slug":"bloc-sanitaire","status":"publish","type":"page","link":"https:\/\/www.lacharviere.nl\/fr\/bloc-sanitaire\/","title":{"rendered":"Bloc sanitaire"},"content":{"rendered":"<div class=\"wpb-content-wrapper\">[vc_row full_width=\u00a0\u00bbstretch_row\u00a0\u00bb full_height=\u00a0\u00bbyes\u00a0\u00bb el_class=\u00a0\u00bbbg-fixed\u00a0\u00bb min_height=\u00a0\u00bb350px\u00a0\u00bb css=\u00a0\u00bb.vc_custom_1593159343520{background-image: url(http:\/\/www.lacharviere.nl\/wp-content\/uploads\/2019\/01\/GOPR0698.jpg?id=1742) !important;}\u00a0\u00bb][vc_column][vc_column_text]<div id=\"ep-arrow\"><a href=\"#content\"><div id=\"temp-id\"  style=\"font-size:45px; color: #FFFFFF; animation-duration:2s; margin-left: -22.5px; \" data-duration_time=\"10000\" data-scrolling=\"true\" data-disable_duration=\"true\" data-disable_bouncing=\"false\" class=\"echo-content-down-arrow epda-icon-arrow-regular temp-class bounce-effect-1 \"><\/div><\/a><\/div>[\/vc_column_text][\/vc_column][\/vc_row][vc_row full_width=\u00a0\u00bbstretch_row\u00a0\u00bb css=\u00a0\u00bb.vc_custom_1479466991414{padding-top: 40px !important;background-color: #ffffff !important;}\u00a0\u00bb][vc_column width=\u00a0\u00bb1\/6&Prime; css=\u00a0\u00bb.vc_custom_1479466904593{padding-top: 40px !important;}\u00a0\u00bb][\/vc_column][vc_column width=\u00a0\u00bb2\/3&Prime;]<style>.vcex-heading.vcex_69fca8f4d8c12{font-family:Lato, sans-serif;}<\/style><h1 class=\"vcex-heading vcex-heading-plain vcex-module wpex-heading wpex-text-2xl vc_custom_1479466979800 vcex_69fca8f4d8c12\"><span class=\"vcex-heading-inner wpex-inline-block\">Bloc sanitaire<\/span><\/h1>[vc_column_text]Le bloc sanitaire du camping a b\u00e9n\u00e9fici\u00e9 d\u2019une r\u00e9novation rigoureuse. Non seulement Myrthe Noordegraaf a tout d\u00e9cor\u00e9 de magnifiques peintures d\u2019animaux joyeux, de fleurs et d\u2019abeilles, mais les abattants de toilettes, les robinets, les lavabos, les miroirs et le carrelage ont \u00e9galement \u00e9t\u00e9 remplac\u00e9s. Dans les douches, des \u00e9tag\u00e8res ont \u00e9t\u00e9 install\u00e9es pour poser ton shampooing et ton gel douche, et il y a de superbes pat\u00e8res en forme de gouttes pour suspendre ta serviette et tes v\u00eatements. Un espace de toilette est \u00e9quip\u00e9 d\u2019une table \u00e0 langer avec coussin, il y a des marchepieds pour les plus petits afin qu\u2019ils puissent se laver les mains tout seuls, et les douches sont munies de tabourets et de chaises pour s\u2019asseoir un instant pendant que maman ou papa finit de se laver les cheveux. C\u2019est devenu un bloc sanitaire incroyablement sympa et unique dont nous sommes fiers et qui nous met de tr\u00e8s bonne humeur. Car o\u00f9 peux-tu donc te doucher avec un chat, te brosser les dents avec un cochon, aller aux toilettes avec une ch\u00e8vre et faire la vaisselle avec des canetons ?     <\/p>\n<p>La salle de bain familiale est accessible aux personnes \u00e0 mobilit\u00e9 r\u00e9duite, \u00e9quip\u00e9e de toilettes (avec barres d\u2019appui), d\u2019une douche (munie d\u2019un si\u00e8ge rabattable et de barres d\u2019appui) et d\u2019un lavabo.[\/vc_column_text][\/vc_column][vc_column width=\u00a0\u00bb1\/6&Prime;][\/vc_column][\/vc_row][vc_row full_width=\u00a0\u00bbstretch_row\u00a0\u00bb css=\u00a0\u00bb.vc_custom_1479467351494{background-color: #ffffff !important;}\u00a0\u00bb][vc_column][\/vc_column][\/vc_row][vc_row full_width=\u00a0\u00bbstretch_row\u00a0\u00bb wpex_bg_overlay=\u00a0\u00bbdark\u00a0\u00bb min_height=\u00a0\u00bb500px\u00a0\u00bb el_class=\u00a0\u00bbbg-fixed\u00a0\u00bb wpex_bg_overlay_color=\u00a0\u00bb#000000&Prime; wpex_bg_overlay_opacity=\u00a0\u00bb0.4&Prime; css=\u00a0\u00bb.vc_custom_1490283353097{background-image: url(http:\/\/www.lacharviere.nl\/wp-content\/uploads\/2016\/12\/PA016126.jpg?id=510) !important;}\u00a0\u00bb][vc_column][vc_row_inner][vc_column_inner css=\u00a0\u00bb.vc_custom_1479457400906{padding-top: 120px !important;}\u00a0\u00bb]<style>.vcex-heading.vcex_69fca8f4e7b82{color:#ffffff;font-size:55px;font-family:Lato, sans-serif;font-weight:700;}@media (max-width:479px){.vcex-heading.vcex_69fca8f4e7b82{font-size:35px;}}<\/style><div class=\"vcex-heading vcex-heading-plain vcex-module wpex-heading wpex-text-2xl wpex-text-center titel vcex_69fca8f4e7b82\"><span class=\"vcex-heading-inner wpex-inline-block\">r\u00e9servation et disponibilit\u00e9<\/span><\/div>[vc_column_text el_class=\u00a0\u00bbsubtitel\u00a0\u00bb]\n<p style=\"text-align: center;\">Nous serions ravis de t\u2019accueillir sur notre domaine<\/p>\n[\/vc_column_text]<style>.vcex-button.vcex_69fca8f4ee3c9{border-radius:0px;background:#4e9519;color:#ffffff!important;font-size:18px;font-weight:400;text-transform:uppercase;}.vcex-button.vcex_69fca8f4ee3c9:hover{background:#4e9519!important;color:#ffffff!important;}<\/style><div class=\"vc_custom_1480601800687 wpex-clr\"><div class=\"theme-button-wrap textcenter wpex-clr\"><a href=\"http:\/\/www.lacharviere.nl\/beschikbaarheid\/\" class=\"vcex-button theme-button align-center inline vcex_69fca8f4ee3c9\" title=\"Meer informatie\"><span class=\"vcex-button-inner theme-button-inner wpex-flex wpex-flex-wrap wpex-items-center wpex-justify-center\">Clique ici pour plus d\u2019informations<\/span><\/a><\/div><\/div> [\/vc_column_inner][\/vc_row_inner][\/vc_column][\/vc_row]\n<\/div>","protected":false},"excerpt":{"rendered":"<p>[vc_row full_width=\u00a0\u00bbstretch_row\u00a0\u00bb full_height=\u00a0\u00bbyes\u00a0\u00bb el_class=\u00a0\u00bbbg-fixed\u00a0\u00bb min_height=\u00a0\u00bb350px\u00a0\u00bb css=\u00a0\u00bb.vc_custom_1593159343520{background-image: url(http:\/\/www.lacharviere.nl\/wp-content\/uploads\/2019\/01\/GOPR0698.jpg?id=1742) !important;}\u00a0\u00bb][vc_column][vc_column_text][\/vc_column_text][\/vc_column][\/vc_row][vc_row full_width=\u00a0\u00bbstretch_row\u00a0\u00bb css=\u00a0\u00bb.vc_custom_1479466991414{padding-top: 40px !important;background-color: #ffffff !important;}\u00a0\u00bb][vc_column width=\u00a0\u00bb1\/6&Prime; css=\u00a0\u00bb.vc_custom_1479466904593{padding-top: 40px !important;}\u00a0\u00bb][\/vc_column][vc_column width=\u00a0\u00bb2\/3&Prime;][vc_column_text]Le bloc sanitaire du camping a b\u00e9n\u00e9fici\u00e9 d\u2019une r\u00e9novation rigoureuse. Non seulement Myrthe Noordegraaf a tout d\u00e9cor\u00e9 de magnifiques peintures d\u2019animaux joyeux, de fleurs et d\u2019abeilles, mais les abattants de toilettes, les robinets, les lavabos, les miroirs&hellip;<\/p>\n","protected":false},"author":2,"featured_media":0,"parent":0,"menu_order":0,"comment_status":"closed","ping_status":"closed","template":"","meta":{"footnotes":""},"class_list":["post-42227","page","type-page","status-publish","hentry","entry","no-media"],"_links":{"self":[{"href":"https:\/\/www.lacharviere.nl\/fr\/wp-json\/wp\/v2\/pages\/42227","targetHints":{"allow":["GET"]}}],"collection":[{"href":"https:\/\/www.lacharviere.nl\/fr\/wp-json\/wp\/v2\/pages"}],"about":[{"href":"https:\/\/www.lacharviere.nl\/fr\/wp-json\/wp\/v2\/types\/page"}],"author":[{"embeddable":true,"href":"https:\/\/www.lacharviere.nl\/fr\/wp-json\/wp\/v2\/users\/2"}],"replies":[{"embeddable":true,"href":"https:\/\/www.lacharviere.nl\/fr\/wp-json\/wp\/v2\/comments?post=42227"}],"version-history":[{"count":2,"href":"https:\/\/www.lacharviere.nl\/fr\/wp-json\/wp\/v2\/pages\/42227\/revisions"}],"predecessor-version":[{"id":42229,"href":"https:\/\/www.lacharviere.nl\/fr\/wp-json\/wp\/v2\/pages\/42227\/revisions\/42229"}],"wp:attachment":[{"href":"https:\/\/www.lacharviere.nl\/fr\/wp-json\/wp\/v2\/media?parent=42227"}],"curies":[{"name":"wp","href":"https:\/\/api.w.org\/{rel}","templated":true}]}}