{"id":42221,"date":"2016-11-21T22:06:36","date_gmt":"2016-11-21T21:06:36","guid":{"rendered":"https:\/\/www.lacharviere.nl\/tentes-safari-en-france\/"},"modified":"2026-05-07T14:06:19","modified_gmt":"2026-05-07T12:06:19","slug":"tentes-safari-en-france","status":"publish","type":"page","link":"https:\/\/www.lacharviere.nl\/fr\/tentes-safari-en-france\/","title":{"rendered":"Tentes safari en France"},"content":{"rendered":"<div class=\"wpb-content-wrapper\">[vc_row full_width=\u00a0\u00bbstretch_row\u00a0\u00bb full_height=\u00a0\u00bbyes\u00a0\u00bb el_class=\u00a0\u00bbbg-fixed\u00a0\u00bb min_height=\u00a0\u00bb350px\u00a0\u00bb css=\u00a0\u00bb.vc_custom_1490283428277{background-image: url(http:\/\/www.lacharviere.nl\/wp-content\/uploads\/2016\/11\/safaritent.jpg?id=57) !important;}\u00a0\u00bb][vc_column][vc_column_text]<div id=\"ep-arrow\"><a href=\"#content\"><div id=\"temp-id\"  style=\"font-size:45px; color: #FFFFFF; animation-duration:2s; margin-left: -22.5px; \" data-duration_time=\"10000\" data-scrolling=\"true\" data-disable_duration=\"true\" data-disable_bouncing=\"false\" class=\"echo-content-down-arrow epda-icon-arrow-regular temp-class bounce-effect-1 \"><\/div><\/a><\/div>[\/vc_column_text][\/vc_column][\/vc_row][vc_row full_width=\u00a0\u00bbstretch_row\u00a0\u00bb css=\u00a0\u00bb.vc_custom_1479466991414{padding-top: 40px !important;background-color: #ffffff !important;}\u00a0\u00bb][vc_column width=\u00a0\u00bb1\/6&Prime; css=\u00a0\u00bb.vc_custom_1479466904593{padding-top: 40px !important;}\u00a0\u00bb][\/vc_column][vc_column width=\u00a0\u00bb2\/3&Prime;]<style>.vcex-heading.vcex_69fcaa190c89b{font-family:Lato, sans-serif;}<\/style><h1 class=\"vcex-heading vcex-heading-plain vcex-module wpex-heading wpex-text-2xl vc_custom_1479466979800 vcex_69fcaa190c89b\"><span class=\"vcex-heading-inner wpex-inline-block\">Tentes safari en France<\/span><\/h1>[vc_column_text css=\u00a0\u00bb\u00a0\u00bb]D\u00e9couvre l\u2019ultime sentiment de vacances dans les tentes safari luxueuses du Camping La Charvi\u00e8re, dans la pittoresque Auvergne. R\u00e9serve d\u00e8s maintenant et profite d\u2019une exp\u00e9rience inoubliable ! <\/p>\n<p>S\u00e9journe avec style et confort au Camping La Charvi\u00e8re, o\u00f9 nos tentes safari enti\u00e8rement \u00e9quip\u00e9es t\u2019offrent une exp\u00e9rience de glamping unique. Profite du calme et de la nature tout en disposant de tout le confort de la maison. Parfait pour les familles, les couples et les amoureux de la nature \u00e0 la recherche de vacances particuli\u00e8res. R\u00e9serve ta place d\u00e8s aujourd\u2019hui ![\/vc_column_text]<style>.vcex-heading.vcex_69fcaa190e6ff{font-family:Lato, sans-serif;}<\/style><h2 class=\"vcex-heading vcex-heading-plain vcex-module wpex-heading wpex-text-2xl vc_custom_1743078953487 vcex_69fcaa190e6ff\"><span class=\"vcex-heading-inner wpex-inline-block\">Pourquoi choisir une tente safari au Domaine La Charvi\u00e8re ?<\/span><\/h2>[vc_column_text css=\u00a0\u00bb\u00a0\u00bb]\n<ul>\n<li>Le glamping en pleine nature avec le confort de la maison.<\/li>\n<li>\u00c0 petite \u00e9chelle, personnel et adapt\u00e9 aux enfants.<\/li>\n<li>Emplacements spacieux avec intimit\u00e9 et vue.<\/li>\n<li>Propri\u00e9taires n\u00e9erlandais, ambiance famili\u00e8re.<\/li>\n<li>Situation centrale pour des excursions en Auvergne.<\/li>\n<\/ul>\n[\/vc_column_text]<style>.vcex-heading.vcex_69fcaa190ecbe{font-family:Lato, sans-serif;}<\/style><h2 class=\"vcex-heading vcex-heading-plain vcex-module wpex-heading wpex-text-2xl vc_custom_1743079163780 vcex_69fcaa190ecbe\"><span class=\"vcex-heading-inner wpex-inline-block\">\u00c0 propos de nos tentes safari.<\/span><\/h2>[vc_column_text css=\u00a0\u00bb\u00a0\u00bb]Notre camping dispose de quatre tentes safari de luxe de 35 m\u00b2, comprenant une terrasse en bois, enti\u00e8rement \u00e9quip\u00e9es. Les tentes peuvent accueillir jusqu\u2019\u00e0 5 personnes et poss\u00e8dent deux compartiments de couchage : un avec un lit double et moustiquaire, et un avec un lit superpos\u00e9. Un lit pliant est disponible pour une cinqui\u00e8me personne. Tous les lits sont \u00e9quip\u00e9s de couettes et d\u2019oreillers (sans linge de lit). Le linge de lit peut \u00eatre lou\u00e9 et les lits peuvent \u00eatre faits sur demande avant ton arriv\u00e9e.[\/vc_column_text]<style>.vcex-heading.vcex_69fcaa190f247{font-family:Lato, sans-serif;}<\/style><h3 class=\"vcex-heading vcex-heading-plain vcex-module wpex-heading wpex-text-2xl vc_custom_1743079534489 vcex_69fcaa190f247\"><span class=\"vcex-heading-inner wpex-inline-block\">Enti\u00e8rement \u00e9quip\u00e9e pour 5 personnes<\/span><\/h3>[vc_column_text css=\u00a0\u00bb\u00a0\u00bb]\n<ul>\n<li>De vrais lits avec de bons matelas.<\/li>\n<li>Cuisine avec r\u00e9frig\u00e9rateur, r\u00e9chaud \u00e0 gaz et vaisselle.<\/li>\n<li>Mobilier int\u00e9rieur et ext\u00e9rieur.<\/li>\n<li>V\u00e9randa couverte pour l\u2019ombre et l\u2019ambiance.<\/li>\n<\/ul>\n[\/vc_column_text]<style>.vcex-heading.vcex_69fcaa190f7d7{font-family:Lato, sans-serif;}<\/style><h3 class=\"vcex-heading vcex-heading-plain vcex-module wpex-heading wpex-text-2xl vc_custom_1743079834477 vcex_69fcaa190f7d7\"><span class=\"vcex-heading-inner wpex-inline-block\">Pour les familles et les couples.<\/span><\/h3>[vc_column_text css=\u00a0\u00bb\u00a0\u00bb]\n<ul>\n<li>Id\u00e9al pour les jeunes familles.<\/li>\n<li>Terrain s\u00e9curis\u00e9 pour les enfants.<\/li>\n<li>\u00c9galement merveilleusement calme pour les couples.<\/li>\n<\/ul>\n[\/vc_column_text]<style>.vcex-heading.vcex_69fcaa190fd34{font-family:Lato, sans-serif;}<\/style><h3 class=\"vcex-heading vcex-heading-plain vcex-module wpex-heading wpex-text-2xl vc_custom_1743079964452 vcex_69fcaa190fd34\"><span class=\"vcex-heading-inner wpex-inline-block\">Camper sans tracas.<\/span><\/h3>[vc_column_text css=\u00a0\u00bb\u00a0\u00bb]\n<ul>\n<li>Les lits sont faits \u00e0 l\u2019arriv\u00e9e (en option)<\/li>\n<li>\u00c9lectricit\u00e9 et \u00e9clairage propres<\/li>\n<li>Tout est pr\u00eat \u2013 tu n\u2019as plus qu\u2019\u00e0 profiter<\/li>\n<li>D\u00e9baller les valises et f\u00eater les vacances.<\/li>\n<\/ul>\n[\/vc_column_text]<style>.vcex-heading.vcex_69fcaa19102bd{font-family:Lato, sans-serif;}<\/style><h2 class=\"vcex-heading vcex-heading-plain vcex-module wpex-heading wpex-text-2xl vc_custom_1743080152513 vcex_69fcaa19102bd\"><span class=\"vcex-heading-inner wpex-inline-block\">Glamping en Auvergne, France.<\/span><\/h2>[vc_column_text css=\u00a0\u00bb\u00a0\u00bb]Le Camping la Charvi\u00e8re est situ\u00e9 dans le paysage pittoresque de l\u2019Allier. Entour\u00e9 de collines verdoyantes et de for\u00eats luxuriantes, le camping offre une escapade apaisante loin de l\u2019agitation quotidienne. \u00c0 seulement quelques kilom\u00e8tres de charmants villages et de sites historiques, c\u2019est un lieu id\u00e9al pour les amoureux de la nature.  <\/p>\n<ul>\n<li>Situ\u00e9 pr\u00e8s du village de Montmarault et \u00e0 7 kilom\u00e8tres de la sortie 11 de l\u2019A71<\/li>\n<li>Nombreux itin\u00e9raires de randonn\u00e9e et de cyclisme directement au d\u00e9part du camping<\/li>\n<li>Proche du parc naturel de la For\u00eat de Tron\u00e7ais<\/li>\n<li>R\u00e9gion calme, encore pr\u00e9serv\u00e9e du tourisme de masse<\/li>\n<li>Excursions d\u2019une journ\u00e9e vers des cit\u00e9s m\u00e9di\u00e9vales, des lacs et des march\u00e9s.<\/li>\n<\/ul>\n[\/vc_column_text]<style>.vcex-heading.vcex_69fcaa1910836{font-family:Lato, sans-serif;}<\/style><h2 class=\"vcex-heading vcex-heading-plain vcex-module wpex-heading wpex-text-2xl vc_custom_1772359481311 vcex_69fcaa1910836\"><span class=\"vcex-heading-inner wpex-inline-block\">\u00c9quipements au Camping La Charvi\u00e8re<\/span><\/h2>[vc_column_text css=\u00a0\u00bb\u00a0\u00bb]Le Camping La Charvi\u00e8re propose de nombreux \u00e9quipements, dont une piscine, une aire de jeux, des terrains de sport et le Wi-Fi gratuit sur la terrasse. Les clients peuvent profiter d\u2019emplacements spacieux, d\u2019un bloc sanitaire simple et d\u2019un restaurant chaleureux. De plus, des itin\u00e9raires de cyclisme et de randonn\u00e9e sont disponibles dans les magnifiques environs.  <\/p>\n<ul>\n<li>Piscine chauff\u00e9e.<\/li>\n<li>Terrain de jeux, trampoline et aire de jeux.<\/li>\n<li>Bar convivial avec terrasse.<\/li>\n<li>Table d\u2019h\u00f4te r\u00e9guli\u00e8re (repas en commun).<\/li>\n<li>Mini-ferme avec moutons, \u00e2ne, cochon, ch\u00e8vre, poules et canards.<\/li>\n<\/ul>\n[\/vc_column_text]<style>.vcex-heading.vcex_69fcaa1910dc4{font-family:Lato, sans-serif;}<\/style><h2 class=\"vcex-heading vcex-heading-plain vcex-module wpex-heading wpex-text-2xl vc_custom_1743081655189 vcex_69fcaa1910dc4\"><span class=\"vcex-heading-inner wpex-inline-block\">Questions fr\u00e9quemment pos\u00e9es sur nos tentes safari.<\/span><\/h2>[vc_column_text css=\u00a0\u00bb\u00a0\u00bb]Le Camping La Charvi\u00e8re propose de nombreux \u00e9quipements, dont une piscine, une aire de jeux, des terrains de sport et le Wi-Fi gratuit sur la terrasse. Les clients peuvent profiter d\u2019emplacements spacieux, d\u2019un bloc sanitaire simple et d\u2019un restaurant chaleureux. De plus, des itin\u00e9raires de cyclisme et de randonn\u00e9e sont disponibles dans les magnifiques environs.  <\/p>\n<p><strong>Combien de personnes peuvent loger dans une tente safari ?<\/strong><\/p>\n<p>Nos tentes safari sont adapt\u00e9es pour 5 personnes maximum.<\/p>\n<p><strong>Y a-t-il des sanitaires priv\u00e9s ?<\/strong><\/p>\n<p>Les tentes safari n\u2019ont pas de sanitaires priv\u00e9s, mais elles sont situ\u00e9es \u00e0 proximit\u00e9 du bloc sanitaire propre et soign\u00e9.<\/p>\n<p><strong>Y a-t-il de l\u2019\u00e9lectricit\u00e9 dans la tente ?<\/strong><\/p>\n<p>Oui, chaque tente dispose de prises de courant et d\u2019un \u00e9clairage.<\/p>\n<p><strong>Puis-je louer du linge de lit ?<\/strong><\/p>\n<p>Oui, tu peux louer du linge de lit ou apporter le tien. Les couvertures et les oreillers sont fournis. <\/p>\n<p><strong>Les animaux de compagnie sont-ils autoris\u00e9s ?<\/strong><\/p>\n<p>Oui, les animaux de compagnie sont les bienvenus apr\u00e8s concertation.<\/p>\n<p><strong>Y a-t-il du WiFi dans les tentes safari ?<\/strong><\/p>\n<p>Non, le WiFi gratuit est disponible sur la terrasse.[\/vc_column_text][vc_column_text css=\u00a0\u00bb\u00a0\u00bb][\/vc_column_text][\/vc_column][vc_column width=\u00a0\u00bb1\/6&Prime;][\/vc_column][\/vc_row][vc_row full_width=\u00a0\u00bbstretch_row\u00a0\u00bb css=\u00a0\u00bb.vc_custom_1479467351494{background-color: #ffffff !important;}\u00a0\u00bb][vc_column]<div class=\"vcex-image-carousel wpex-carousel wpex-carousel-images wpex-clr vcex-module owl-carousel arrwstyle-default arrwpos-default\" data-wpex-carousel=\"{&quot;center&quot;:&quot;true&quot;,&quot;slideBy&quot;:1,&quot;items&quot;:2,&quot;responsive&quot;:{&quot;0&quot;:{&quot;items&quot;:&quot;1&quot;},&quot;480&quot;:{&quot;items&quot;:&quot;2&quot;},&quot;768&quot;:{&quot;items&quot;:2},&quot;960&quot;:{&quot;items&quot;:2}}}\"><div class=\"wpex-carousel-slide\"><figure class=\"wpex-carousel-entry-media entry-media wpex-relative\"><img data-no-lazy=\"1\" class=\"wpex-align-middle skip-lazy\" src=\"https:\/\/www.lacharviere.nl\/wp-content\/uploads\/2016\/11\/safaritent-565x420.jpg\" alt=\"\" width=\"565\" height=\"420\"><\/figure><\/div><div class=\"wpex-carousel-slide\"><figure class=\"wpex-carousel-entry-media entry-media wpex-relative\"><img data-no-lazy=\"1\" class=\"wpex-align-middle skip-lazy\" src=\"https:\/\/www.lacharviere.nl\/wp-content\/uploads\/2016\/12\/P5210078-565x420.jpg\" alt=\"\" width=\"565\" height=\"420\"><\/figure><\/div><div class=\"wpex-carousel-slide\"><figure class=\"wpex-carousel-entry-media entry-media wpex-relative\"><img data-no-lazy=\"1\" class=\"wpex-align-middle skip-lazy\" src=\"https:\/\/www.lacharviere.nl\/wp-content\/uploads\/2016\/12\/P5210027-565x420.jpg\" alt=\"\" width=\"565\" height=\"420\"><\/figure><\/div><\/div>[\/vc_column][\/vc_row][vc_row full_width=\u00a0\u00bbstretch_row\u00a0\u00bb wpex_bg_overlay=\u00a0\u00bbdark\u00a0\u00bb min_height=\u00a0\u00bb500px\u00a0\u00bb el_class=\u00a0\u00bbbg-fixed\u00a0\u00bb wpex_bg_overlay_color=\u00a0\u00bb#000000&Prime; wpex_bg_overlay_opacity=\u00a0\u00bb0.4&Prime; css=\u00a0\u00bb.vc_custom_1490283434692{background-image: url(http:\/\/www.lacharviere.nl\/wp-content\/uploads\/2016\/12\/P3263903.jpg?id=399) !important;}\u00a0\u00bb][vc_column][vc_row_inner][vc_column_inner css=\u00a0\u00bb.vc_custom_1479457400906{padding-top: 120px !important;}\u00a0\u00bb]<style>.vcex-heading.vcex_69fcaa1916ada{color:#ffffff;font-size:55px;font-family:Lato, sans-serif;font-weight:700;}@media (max-width:479px){.vcex-heading.vcex_69fcaa1916ada{font-size:35px;}}<\/style><div class=\"vcex-heading vcex-heading-plain vcex-module wpex-heading wpex-text-2xl wpex-text-center titel vcex_69fcaa1916ada\"><span class=\"vcex-heading-inner wpex-inline-block\">r\u00e9servation et disponibilit\u00e9<\/span><\/div>[vc_column_text el_class=\u00a0\u00bbsubtitel\u00a0\u00bb]\n<p style=\"text-align: center;\">Nous serions ravis de t\u2019accueillir sur notre domaine<\/p>\n[\/vc_column_text]<style>.vcex-button.vcex_69fcaa1917855{border-radius:0px;background:#4e9519;color:#ffffff!important;font-size:18px;font-weight:400;text-transform:uppercase;}.vcex-button.vcex_69fcaa1917855:hover{background:#4e9519!important;color:#ffffff!important;}<\/style><div class=\"vc_custom_1480601236788 wpex-clr\"><div class=\"theme-button-wrap textcenter wpex-clr\"><a href=\"http:\/\/www.lacharviere.nl\/beschikbaarheid\/\" class=\"vcex-button theme-button align-center inline vcex_69fcaa1917855\" title=\"Meer informatie\"><span class=\"vcex-button-inner theme-button-inner wpex-flex wpex-flex-wrap wpex-items-center wpex-justify-center\">Clique ici pour plus d\u2019informations<\/span><\/a><\/div><\/div> [\/vc_column_inner][\/vc_row_inner][\/vc_column][\/vc_row]\n<\/div>","protected":false},"excerpt":{"rendered":"<p>[vc_row full_width=\u00a0\u00bbstretch_row\u00a0\u00bb full_height=\u00a0\u00bbyes\u00a0\u00bb el_class=\u00a0\u00bbbg-fixed\u00a0\u00bb min_height=\u00a0\u00bb350px\u00a0\u00bb css=\u00a0\u00bb.vc_custom_1490283428277{background-image: url(http:\/\/www.lacharviere.nl\/wp-content\/uploads\/2016\/11\/safaritent.jpg?id=57) !important;}\u00a0\u00bb][vc_column][vc_column_text][\/vc_column_text][\/vc_column][\/vc_row][vc_row full_width=\u00a0\u00bbstretch_row\u00a0\u00bb css=\u00a0\u00bb.vc_custom_1479466991414{padding-top: 40px !important;background-color: #ffffff !important;}\u00a0\u00bb][vc_column width=\u00a0\u00bb1\/6&Prime; css=\u00a0\u00bb.vc_custom_1479466904593{padding-top: 40px !important;}\u00a0\u00bb][\/vc_column][vc_column width=\u00a0\u00bb2\/3&Prime;][vc_column_text css=\u00a0\u00bb\u00a0\u00bb]D\u00e9couvre l\u2019ultime sentiment de vacances dans les tentes safari luxueuses du Camping La Charvi\u00e8re, dans la pittoresque Auvergne. R\u00e9serve d\u00e8s maintenant et profite d\u2019une exp\u00e9rience inoubliable ! S\u00e9journe avec style et confort au Camping La Charvi\u00e8re,&hellip;<\/p>\n","protected":false},"author":1,"featured_media":0,"parent":0,"menu_order":0,"comment_status":"closed","ping_status":"closed","template":"","meta":{"footnotes":""},"class_list":["post-42221","page","type-page","status-publish","hentry","entry","no-media"],"_links":{"self":[{"href":"https:\/\/www.lacharviere.nl\/fr\/wp-json\/wp\/v2\/pages\/42221","targetHints":{"allow":["GET"]}}],"collection":[{"href":"https:\/\/www.lacharviere.nl\/fr\/wp-json\/wp\/v2\/pages"}],"about":[{"href":"https:\/\/www.lacharviere.nl\/fr\/wp-json\/wp\/v2\/types\/page"}],"author":[{"embeddable":true,"href":"https:\/\/www.lacharviere.nl\/fr\/wp-json\/wp\/v2\/users\/1"}],"replies":[{"embeddable":true,"href":"https:\/\/www.lacharviere.nl\/fr\/wp-json\/wp\/v2\/comments?post=42221"}],"version-history":[{"count":2,"href":"https:\/\/www.lacharviere.nl\/fr\/wp-json\/wp\/v2\/pages\/42221\/revisions"}],"predecessor-version":[{"id":42226,"href":"https:\/\/www.lacharviere.nl\/fr\/wp-json\/wp\/v2\/pages\/42221\/revisions\/42226"}],"wp:attachment":[{"href":"https:\/\/www.lacharviere.nl\/fr\/wp-json\/wp\/v2\/media?parent=42221"}],"curies":[{"name":"wp","href":"https:\/\/api.w.org\/{rel}","templated":true}]}}