{"id":42216,"date":"2016-11-28T09:35:09","date_gmt":"2016-11-28T08:35:09","guid":{"rendered":"https:\/\/www.lacharviere.nl\/a-propos-de-nous\/"},"modified":"2026-05-07T14:03:51","modified_gmt":"2026-05-07T12:03:51","slug":"a-propos-de-nous","status":"publish","type":"page","link":"https:\/\/www.lacharviere.nl\/fr\/a-propos-de-nous\/","title":{"rendered":"\u00c0 propos de nous"},"content":{"rendered":"<div class=\"wpb-content-wrapper\">[vc_row full_width=\u00a0\u00bbstretch_row\u00a0\u00bb full_height=\u00a0\u00bbyes\u00a0\u00bb el_class=\u00a0\u00bbbg-fixed\u00a0\u00bb css=\u00a0\u00bb.vc_custom_1490283386423{background-image: url(http:\/\/www.lacharviere.nl\/wp-content\/uploads\/2016\/12\/P9171669.jpg?id=504) !important;}\u00a0\u00bb][vc_column][vc_column_text]<div id=\"ep-arrow\"><a href=\"#content\"><div id=\"temp-id\"  style=\"font-size:45px; color: #FFFFFF; animation-duration:2s; margin-left: -22.5px; \" data-duration_time=\"10000\" data-scrolling=\"true\" data-disable_duration=\"true\" data-disable_bouncing=\"false\" class=\"echo-content-down-arrow epda-icon-arrow-regular temp-class bounce-effect-1 \"><\/div><\/a><\/div>[\/vc_column_text][\/vc_column][\/vc_row][vc_row full_width=\u00a0\u00bbstretch_row\u00a0\u00bb css=\u00a0\u00bb.vc_custom_1479466991414{padding-top: 40px !important;background-color: #ffffff !important;}\u00a0\u00bb][vc_column width=\u00a0\u00bb1\/3&Prime;][vc_single_image image=\u00a0\u00bb42215&Prime; img_size=\u00a0\u00bblarge\u00a0\u00bb][\/vc_column][vc_column width=\u00a0\u00bb2\/3&Prime;]<style>.vcex-heading.vcex_69fca7d75a75c{font-family:Lato, sans-serif;}<\/style><h1 class=\"vcex-heading vcex-heading-plain vcex-module wpex-heading wpex-text-2xl vc_custom_1479466979800 vcex_69fca7d75a75c\"><span class=\"vcex-heading-inner wpex-inline-block\">\u00c0 propos de nous<\/span><\/h1>[vc_column_text]En octobre 2013, nous sommes partis pour la France. Vers une vie r\u00eav\u00e9e o\u00f9 tout ce que nous aimons s\u2019est r\u00e9uni. Notre amour pour la France, la nature de l\u2019Allier (Auvergne) avec son calme et son espace, les animaux, les gens, la vie simple \u00e0 la ferme avec une part d\u2019autosuffisance et, enfin et surtout, notre passion pour la cuisine avec de bons produits purs du terroir. Domaine la Charvi\u00e8re, une magnifique ferme bourbonnaise de 1800 avec plus de 5 hectares de terrain comprenant un camping \u00e0 la ferme, une piscine, 2 g\u00eetes, des chambres d\u2019h\u00f4te, un sauna au feu de bois et une grande terrasse avec wifi gratuit, o\u00f9 nous servons entre autres r\u00e9guli\u00e8rement des pizzas fra\u00eechement cuites dans notre four \u00e0 bois.   <\/p>\n<p>La vie en pleine campagne, c\u2019est-\u00e0-dire choyer nos h\u00f4tes avec tout ce que la vie rurale fran\u00e7aise a de bon \u00e0 offrir. Notre ferme, au c\u0153ur du magnifique paysage verdoyant du Bourbonnais, d\u00e9borde donc de vie. <\/p>\n<p>Bienvenue \u00e0 la Charvi\u00e8re !<br \/>\nRoelof Kats[\/vc_column_text][\/vc_column][\/vc_row][vc_row full_width=\u00a0\u00bbstretch_row\u00a0\u00bb wpex_bg_overlay=\u00a0\u00bbdark\u00a0\u00bb min_height=\u00a0\u00bb500px\u00a0\u00bb el_class=\u00a0\u00bbbg-fixed\u00a0\u00bb wpex_bg_overlay_color=\u00a0\u00bb#000000&Prime; wpex_bg_overlay_opacity=\u00a0\u00bb0.4&Prime; css=\u00a0\u00bb.vc_custom_1490283395130{background-image: url(http:\/\/www.lacharviere.nl\/wp-content\/uploads\/2016\/12\/P7085418.jpg?id=457) !important;}\u00a0\u00bb][vc_column][vc_row_inner][vc_column_inner css=\u00a0\u00bb.vc_custom_1479457400906{padding-top: 120px !important;}\u00a0\u00bb]<style>.vcex-heading.vcex_69fca7d75c0ab{color:#ffffff;font-size:55px;font-family:Lato, sans-serif;font-weight:700;}@media (max-width:479px){.vcex-heading.vcex_69fca7d75c0ab{font-size:35px;}}<\/style><div class=\"vcex-heading vcex-heading-plain vcex-module wpex-heading wpex-text-2xl wpex-text-center titel vcex_69fca7d75c0ab\"><span class=\"vcex-heading-inner wpex-inline-block\">r\u00e9servation et disponibilit\u00e9<\/span><\/div>[vc_column_text el_class=\u00a0\u00bbsubtitel\u00a0\u00bb]\n<p style=\"text-align: center;\">Nous serions ravis de t\u2019accueillir sur notre domaine<\/p>\n[\/vc_column_text]<style>.vcex-button.vcex_69fca7d75cd85{border-radius:0px;background:#4e9519;color:#ffffff!important;font-size:18px;font-weight:400;text-transform:uppercase;}.vcex-button.vcex_69fca7d75cd85:hover{background:#4e9519!important;color:#ffffff!important;}<\/style><div class=\"vc_custom_1480601838812 wpex-clr\"><div class=\"theme-button-wrap textcenter wpex-clr\"><a href=\"http:\/\/www.lacharviere.nl\/beschikbaarheid\/\" class=\"vcex-button theme-button align-center inline vcex_69fca7d75cd85\" title=\"Meer informatie\"><span class=\"vcex-button-inner theme-button-inner wpex-flex wpex-flex-wrap wpex-items-center wpex-justify-center\">Clique ici pour plus d\u2019informations<\/span><\/a><\/div><\/div> [\/vc_column_inner][\/vc_row_inner][\/vc_column][\/vc_row]\n<\/div>","protected":false},"excerpt":{"rendered":"<p>[vc_row full_width=\u00a0\u00bbstretch_row\u00a0\u00bb full_height=\u00a0\u00bbyes\u00a0\u00bb el_class=\u00a0\u00bbbg-fixed\u00a0\u00bb css=\u00a0\u00bb.vc_custom_1490283386423{background-image: url(http:\/\/www.lacharviere.nl\/wp-content\/uploads\/2016\/12\/P9171669.jpg?id=504) !important;}\u00a0\u00bb][vc_column][vc_column_text][\/vc_column_text][\/vc_column][\/vc_row][vc_row full_width=\u00a0\u00bbstretch_row\u00a0\u00bb css=\u00a0\u00bb.vc_custom_1479466991414{padding-top: 40px !important;background-color: #ffffff !important;}\u00a0\u00bb][vc_column width=\u00a0\u00bb1\/3&Prime;][vc_single_image image=\u00a0\u00bb42215&Prime; img_size=\u00a0\u00bblarge\u00a0\u00bb][\/vc_column][vc_column width=\u00a0\u00bb2\/3&Prime;][vc_column_text]En octobre 2013, nous sommes partis pour la France. Vers une vie r\u00eav\u00e9e o\u00f9 tout ce que nous aimons s\u2019est r\u00e9uni. Notre amour pour la France, la nature de l\u2019Allier (Auvergne) avec son calme et son espace, les animaux,&hellip;<\/p>\n","protected":false},"author":1,"featured_media":0,"parent":0,"menu_order":0,"comment_status":"closed","ping_status":"closed","template":"","meta":{"footnotes":""},"class_list":["post-42216","page","type-page","status-publish","hentry","entry","no-media"],"_links":{"self":[{"href":"https:\/\/www.lacharviere.nl\/fr\/wp-json\/wp\/v2\/pages\/42216","targetHints":{"allow":["GET"]}}],"collection":[{"href":"https:\/\/www.lacharviere.nl\/fr\/wp-json\/wp\/v2\/pages"}],"about":[{"href":"https:\/\/www.lacharviere.nl\/fr\/wp-json\/wp\/v2\/types\/page"}],"author":[{"embeddable":true,"href":"https:\/\/www.lacharviere.nl\/fr\/wp-json\/wp\/v2\/users\/1"}],"replies":[{"embeddable":true,"href":"https:\/\/www.lacharviere.nl\/fr\/wp-json\/wp\/v2\/comments?post=42216"}],"version-history":[{"count":3,"href":"https:\/\/www.lacharviere.nl\/fr\/wp-json\/wp\/v2\/pages\/42216\/revisions"}],"predecessor-version":[{"id":42220,"href":"https:\/\/www.lacharviere.nl\/fr\/wp-json\/wp\/v2\/pages\/42216\/revisions\/42220"}],"wp:attachment":[{"href":"https:\/\/www.lacharviere.nl\/fr\/wp-json\/wp\/v2\/media?parent=42216"}],"curies":[{"name":"wp","href":"https:\/\/api.w.org\/{rel}","templated":true}]}}