{"id":42212,"date":"2019-02-11T07:55:37","date_gmt":"2019-02-11T06:55:37","guid":{"rendered":"https:\/\/www.lacharviere.nl\/mobil-home\/"},"modified":"2026-05-07T14:02:01","modified_gmt":"2026-05-07T12:02:01","slug":"mobil-home","status":"publish","type":"page","link":"https:\/\/www.lacharviere.nl\/fr\/mobil-home\/","title":{"rendered":"Mobil-home"},"content":{"rendered":"<div class=\"wpb-content-wrapper\">[vc_row full_width=\u00a0\u00bbstretch_row\u00a0\u00bb full_height=\u00a0\u00bbyes\u00a0\u00bb el_class=\u00a0\u00bbbg-fixed\u00a0\u00bb min_height=\u00a0\u00bb350px\u00a0\u00bb css=\u00a0\u00bb.vc_custom_1490283428277{background-image: url(http:\/\/www.lacharviere.nl\/wp-content\/uploads\/2016\/11\/safaritent.jpg?id=57) !important;}\u00a0\u00bb][vc_column][vc_column_text]<div id=\"ep-arrow\"><a href=\"#content\"><div id=\"temp-id\"  style=\"font-size:45px; color: #FFFFFF; animation-duration:2s; margin-left: -22.5px; \" data-duration_time=\"10000\" data-scrolling=\"true\" data-disable_duration=\"true\" data-disable_bouncing=\"false\" class=\"echo-content-down-arrow epda-icon-arrow-regular temp-class bounce-effect-1 \"><\/div><\/a><\/div>[\/vc_column_text][\/vc_column][\/vc_row][vc_row full_width=\u00a0\u00bbstretch_row\u00a0\u00bb css=\u00a0\u00bb.vc_custom_1479466991414{padding-top: 40px !important;background-color: #ffffff !important;}\u00a0\u00bb][vc_column width=\u00a0\u00bb1\/6&Prime; css=\u00a0\u00bb.vc_custom_1479466904593{padding-top: 40px !important;}\u00a0\u00bb][\/vc_column][vc_column width=\u00a0\u00bb2\/3&Prime;]<style>.vcex-heading.vcex_69fca9fcd7b25{font-family:Lato, sans-serif;}<\/style><h1 class=\"vcex-heading vcex-heading-plain vcex-module wpex-heading wpex-text-2xl vc_custom_1479466979800 vcex_69fca9fcd7b25\"><span class=\"vcex-heading-inner wpex-inline-block\">Mobil-home<\/span><\/h1>[vc_column_text]\n<div>Les mobil-homes lumineux et spacieux sont actuellement \u00e9quip\u00e9s de nouveaux rev\u00eatements et de meubles de style r\u00e9tro. Un superbe lieu de vacances ! Ils sont am\u00e9nag\u00e9s comme suit :<\/div>\n<ul>\n<li>1 chambre parentale avec un lit double ;<\/li>\n<li>1 chambre avec lits superpos\u00e9s et la possibilit\u00e9 d\u2019ajouter un troisi\u00e8me lit ;<\/li>\n<li>une cuisine avec eau courante chaude et froide, \u00e9quip\u00e9e d\u2019un r\u00e9frig\u00e9rateur et d\u2019une machine Nespresso ;<\/li>\n<li>un coin salon spacieux avec chauffage \u00e9lectrique.<\/li>\n<li>Un WC chimique est pr\u00e9sent dans le mobil-home mais il n\u2019y a pas de douche, tu peux utiliser les sanitaires du camping.<\/li>\n<\/ul>\n<p>\u00c0 l\u2019ext\u00e9rieur se trouvent une table de pique-nique en bois et un s\u00e9choir \u00e0 linge. Un h\u00e9bergement de luxe, merveilleusement spacieux, pour des vacances in\u00e9gal\u00e9es !<\/p>\n<p><a href=\"https:\/\/www.lacharviere.nl\/tarieven\/\">Clique ici pour plus d\u2019informations<\/a>[\/vc_column_text][\/vc_column][vc_column width=\u00a0\u00bb1\/6&Prime;][\/vc_column][\/vc_row][vc_row full_width=\u00a0\u00bbstretch_row\u00a0\u00bb css=\u00a0\u00bb.vc_custom_1479467351494{background-color: #ffffff !important;}\u00a0\u00bb][vc_column]<div class=\"vcex-image-carousel wpex-carousel wpex-carousel-images wpex-clr vcex-module owl-carousel arrwstyle-default arrwpos-default\" data-wpex-carousel=\"{&quot;center&quot;:&quot;true&quot;,&quot;slideBy&quot;:1,&quot;items&quot;:2,&quot;responsive&quot;:{&quot;0&quot;:{&quot;items&quot;:&quot;1&quot;},&quot;480&quot;:{&quot;items&quot;:&quot;2&quot;},&quot;768&quot;:{&quot;items&quot;:2},&quot;960&quot;:{&quot;items&quot;:2}}}\"><div class=\"wpex-carousel-slide\"><figure class=\"wpex-carousel-entry-media entry-media wpex-relative\"><img data-no-lazy=\"1\" class=\"wpex-align-middle skip-lazy\" src=\"https:\/\/www.lacharviere.nl\/wp-content\/uploads\/2019\/02\/image-2019-02-11-1-565x420.jpg\" alt=\"\" width=\"565\" height=\"420\"><\/figure><\/div><div class=\"wpex-carousel-slide\"><figure class=\"wpex-carousel-entry-media entry-media wpex-relative\"><img data-no-lazy=\"1\" class=\"wpex-align-middle skip-lazy\" src=\"https:\/\/www.lacharviere.nl\/wp-content\/uploads\/2019\/02\/P2020021-565x420.jpg\" alt=\"\" width=\"565\" height=\"420\"><\/figure><\/div><\/div>[\/vc_column][\/vc_row][vc_row full_width=\u00a0\u00bbstretch_row\u00a0\u00bb wpex_bg_overlay=\u00a0\u00bbdark\u00a0\u00bb min_height=\u00a0\u00bb500px\u00a0\u00bb el_class=\u00a0\u00bbbg-fixed\u00a0\u00bb wpex_bg_overlay_color=\u00a0\u00bb#000000&Prime; wpex_bg_overlay_opacity=\u00a0\u00bb0.4&Prime; css=\u00a0\u00bb.vc_custom_1490283434692{background-image: url(http:\/\/www.lacharviere.nl\/wp-content\/uploads\/2016\/12\/P3263903.jpg?id=399) !important;}\u00a0\u00bb][vc_column][vc_row_inner][vc_column_inner css=\u00a0\u00bb.vc_custom_1479457400906{padding-top: 120px !important;}\u00a0\u00bb]<style>.vcex-heading.vcex_69fca9fcdd7fe{color:#ffffff;font-size:55px;font-family:Lato, sans-serif;font-weight:700;}@media (max-width:479px){.vcex-heading.vcex_69fca9fcdd7fe{font-size:35px;}}<\/style><div class=\"vcex-heading vcex-heading-plain vcex-module wpex-heading wpex-text-2xl wpex-text-center titel vcex_69fca9fcdd7fe\"><span class=\"vcex-heading-inner wpex-inline-block\">r\u00e9servation et disponibilit\u00e9<\/span><\/div>[vc_column_text el_class=\u00a0\u00bbsubtitel\u00a0\u00bb]\n<p style=\"text-align: center;\">Nous serions ravis de t\u2019accueillir sur notre domaine<\/p>\n[\/vc_column_text]<style>.vcex-button.vcex_69fca9fcde707{border-radius:0px;background:#4e9519;color:#ffffff!important;font-size:18px;font-weight:400;text-transform:uppercase;}.vcex-button.vcex_69fca9fcde707:hover{background:#4e9519!important;color:#ffffff!important;}<\/style><div class=\"vc_custom_1480601236788 wpex-clr\"><div class=\"theme-button-wrap textcenter wpex-clr\"><a href=\"http:\/\/www.lacharviere.nl\/beschikbaarheid\/\" class=\"vcex-button theme-button align-center inline vcex_69fca9fcde707\" title=\"Meer informatie\"><span class=\"vcex-button-inner theme-button-inner wpex-flex wpex-flex-wrap wpex-items-center wpex-justify-center\">Clique ici pour plus d\u2019informations<\/span><\/a><\/div><\/div> [\/vc_column_inner][\/vc_row_inner][\/vc_column][\/vc_row]\n<\/div>","protected":false},"excerpt":{"rendered":"<p>[vc_row full_width=\u00a0\u00bbstretch_row\u00a0\u00bb full_height=\u00a0\u00bbyes\u00a0\u00bb el_class=\u00a0\u00bbbg-fixed\u00a0\u00bb min_height=\u00a0\u00bb350px\u00a0\u00bb css=\u00a0\u00bb.vc_custom_1490283428277{background-image: url(http:\/\/www.lacharviere.nl\/wp-content\/uploads\/2016\/11\/safaritent.jpg?id=57) !important;}\u00a0\u00bb][vc_column][vc_column_text][\/vc_column_text][\/vc_column][\/vc_row][vc_row full_width=\u00a0\u00bbstretch_row\u00a0\u00bb css=\u00a0\u00bb.vc_custom_1479466991414{padding-top: 40px !important;background-color: #ffffff !important;}\u00a0\u00bb][vc_column width=\u00a0\u00bb1\/6&Prime; css=\u00a0\u00bb.vc_custom_1479466904593{padding-top: 40px !important;}\u00a0\u00bb][\/vc_column][vc_column width=\u00a0\u00bb2\/3&Prime;][vc_column_text] Les mobil-homes lumineux et spacieux sont actuellement \u00e9quip\u00e9s de nouveaux rev\u00eatements et de meubles de style r\u00e9tro. Un superbe lieu de vacances ! Ils sont am\u00e9nag\u00e9s comme suit : 1 chambre parentale avec un lit double&hellip;<\/p>\n","protected":false},"author":2,"featured_media":0,"parent":0,"menu_order":0,"comment_status":"closed","ping_status":"closed","template":"","meta":{"footnotes":""},"class_list":["post-42212","page","type-page","status-publish","hentry","entry","no-media"],"_links":{"self":[{"href":"https:\/\/www.lacharviere.nl\/fr\/wp-json\/wp\/v2\/pages\/42212","targetHints":{"allow":["GET"]}}],"collection":[{"href":"https:\/\/www.lacharviere.nl\/fr\/wp-json\/wp\/v2\/pages"}],"about":[{"href":"https:\/\/www.lacharviere.nl\/fr\/wp-json\/wp\/v2\/types\/page"}],"author":[{"embeddable":true,"href":"https:\/\/www.lacharviere.nl\/fr\/wp-json\/wp\/v2\/users\/2"}],"replies":[{"embeddable":true,"href":"https:\/\/www.lacharviere.nl\/fr\/wp-json\/wp\/v2\/comments?post=42212"}],"version-history":[{"count":2,"href":"https:\/\/www.lacharviere.nl\/fr\/wp-json\/wp\/v2\/pages\/42212\/revisions"}],"predecessor-version":[{"id":42214,"href":"https:\/\/www.lacharviere.nl\/fr\/wp-json\/wp\/v2\/pages\/42212\/revisions\/42214"}],"wp:attachment":[{"href":"https:\/\/www.lacharviere.nl\/fr\/wp-json\/wp\/v2\/media?parent=42212"}],"curies":[{"name":"wp","href":"https:\/\/api.w.org\/{rel}","templated":true}]}}