{"id":42200,"date":"2016-11-29T15:40:50","date_gmt":"2016-11-29T14:40:50","guid":{"rendered":"https:\/\/www.lacharviere.nl\/photos-et-videos\/"},"modified":"2026-05-07T13:04:04","modified_gmt":"2026-05-07T11:04:04","slug":"photos-et-videos","status":"publish","type":"page","link":"https:\/\/www.lacharviere.nl\/fr\/photos-et-videos\/","title":{"rendered":"Photos et vid\u00e9os"},"content":{"rendered":"<div class=\"wpb-content-wrapper\">[vc_row full_width=\u00a0\u00bbstretch_row\u00a0\u00bb full_height=\u00a0\u00bbyes\u00a0\u00bb el_class=\u00a0\u00bbbg-fixed\u00a0\u00bb min_height=\u00a0\u00bb350px\u00a0\u00bb css=\u00a0\u00bb.vc_custom_1490283249135{background-image: url(http:\/\/www.lacharviere.nl\/wp-content\/uploads\/2016\/12\/P3013603.jpg?id=397) !important;}\u00a0\u00bb][vc_column][vc_column_text]<div id=\"ep-arrow\"><a href=\"#content\"><div id=\"temp-id\"  style=\"font-size:45px; color: #FFFFFF; animation-duration:2s; margin-left: -22.5px; \" data-duration_time=\"10000\" data-scrolling=\"true\" data-disable_duration=\"true\" data-disable_bouncing=\"false\" class=\"echo-content-down-arrow epda-icon-arrow-regular temp-class bounce-effect-1 \"><\/div><\/a><\/div>[\/vc_column_text][\/vc_column][\/vc_row][vc_row][vc_column css=\u00a0\u00bb.vc_custom_1479763333757{padding-top: 40px !important;}\u00a0\u00bb][vc_row_inner][vc_column_inner][vc_column_text css=\u00a0\u00bb\u00a0\u00bb]\n<h1>Photos &amp; vid\u00e9os<\/h1>\n<p>&nbsp;<\/p>\n[\/vc_column_text][\/vc_column_inner][\/vc_row_inner][vc_row_inner][vc_column_inner width=\u00a0\u00bb1\/2&Prime;][vc_column_text css=\u00a0\u00bb\u00a0\u00bb]<span style=\"color: #ffffff;\">Photos et vid\u00e9os et <\/span><\/p>\n<p><span style=\"color: #000000;\">Tu trouveras ici de superbes photos et vid\u00e9os de notre camping.<\/span><\/p>\n<p><a href=\"https:\/\/www.lacharviere.nl\/fr\/disponibilites-2026\/\">Disponibilit\u00e9<\/a><\/p>\n<p><a href=\"https:\/\/www.zoover.nl\/frankrijk\/auvergne\/montmarault\/la-charviere\/camping#0\">Zoover<\/a><\/p>\n<p><img loading=\"lazy\" decoding=\"async\" class=\"alignnone wp-image-2257 size-medium\" title=\"Photos et vid\u00e9os\" src=\"http:\/\/www.lacharviere.nl\/wp-content\/uploads\/2019\/12\/Feest-208x300.jpg\" alt=\"Photos et vid\u00e9os Camping Domaine La Charvi\u00e8re\" width=\"208\" height=\"300\" srcset=\"https:\/\/www.lacharviere.nl\/wp-content\/uploads\/2019\/12\/Feest-208x300.jpg 208w, https:\/\/www.lacharviere.nl\/wp-content\/uploads\/2019\/12\/Feest.jpg 466w\" sizes=\"auto, (max-width: 208px) 100vw, 208px\" \/><\/p>\n<p><span style=\"color: #ffffff;\">Photos et vid\u00e9os<\/span><\/p>\n<p>&nbsp;<\/p>\n<div class=\"label style-scope ytcp-video-info\"><\/div>\n<div class=\"value style-scope ytcp-video-info\"><\/div>\n[\/vc_column_text][\/vc_column_inner][vc_column_inner width=\u00a0\u00bb1\/2&Prime; css=\u00a0\u00bb.vc_custom_1480670610605{margin-bottom: -130px !important;}\u00a0\u00bb][\/vc_column_inner][\/vc_row_inner][vc_row_inner][vc_column_inner width=\u00a0\u00bb1\/2&Prime; css=\u00a0\u00bb.vc_custom_1480670666963{margin-bottom: -130px !important;}\u00a0\u00bb][\/vc_column_inner][\/vc_row_inner][vc_row_inner][vc_column_inner][vc_column_text css=\u00a0\u00bb.vc_custom_1739297654342{padding-bottom: 15px !important;}\u00a0\u00bb]\n<h2>Photos &amp; vid\u00e9os<\/h2>\n[\/vc_column_text]<style>.vcex-image-grid.vcex_69fca9d307d9d{--wpex-row-gap:20px;}<\/style><div class=\"vcex-image-grid-wrap\"><div class=\"vcex-module vcex-image-grid grid-style-masonry wpex-row wpex-clr vcex-isotope-grid no-transition wpex-overflow-hidden wpex-lightbox-group vcex_69fca9d307d9d\" data-transition-duration=\"0.0\"><div class=\"id-42232 vcex-image-grid-entry vcex-grid-item vcex-isotope-entry wpex-text-center span_1_of_3 col col-1\"><figure class=\"vcex-image-grid-entry-figure wpex-last-mb-0 wpex-clr\"><div class=\"vcex-image-grid-entry-img entry-media wpex-relative overlay-parent overlay-parent-title-push-up overlay-h overlay-ms wpex-mb-20\"><a href=\"https:\/\/www.lacharviere.nl\/wp-content\/uploads\/2016\/12\/P8025550.jpg\" class=\"vcex-image-grid-entry-link wpex-lightbox-group-item\" data-caption=\"Camping \u00e0 la ferme France\"><img data-no-lazy=\"1\" class=\"wpex-align-middle skip-lazy\" src=\"https:\/\/www.lacharviere.nl\/wp-content\/uploads\/2016\/12\/P8025550-1900x1425.jpg\" alt=\"\" srcset=\"https:\/\/www.lacharviere.nl\/wp-content\/uploads\/2016\/12\/P8025550-1900x1425.jpg 1900w, https:\/\/www.lacharviere.nl\/wp-content\/uploads\/2016\/12\/P8025550-300x225.jpg 300w, https:\/\/www.lacharviere.nl\/wp-content\/uploads\/2016\/12\/P8025550-768x576.jpg 768w, https:\/\/www.lacharviere.nl\/wp-content\/uploads\/2016\/12\/P8025550.jpg 2048w\" width=\"1900\" height=\"1425\">\n<div class=\"overlay-title-push-up theme-overlay wpex-bg-black wpex-text-white wpex-text-center wpex-absolute wpex-bottom-0 wpex-translate-y-100 wpex-inset-x-0 wpex-py-15 wpex-px-20 wpex-w-100 wpex-text-md wpex-transition-all wpex-duration-300\"><span class=\"title\">Camping \u00e0 la ferme France<\/span><\/div>\n<\/a><\/div><\/figure><\/div><div class=\"id-42162 vcex-image-grid-entry vcex-grid-item vcex-isotope-entry wpex-text-center span_1_of_3 col col-2\"><figure class=\"vcex-image-grid-entry-figure wpex-last-mb-0 wpex-clr\"><div class=\"vcex-image-grid-entry-img entry-media wpex-relative overlay-parent overlay-parent-title-push-up overlay-h overlay-ms wpex-mb-20\"><a href=\"https:\/\/www.lacharviere.nl\/wp-content\/uploads\/2016\/12\/P5290491.jpg\" class=\"vcex-image-grid-entry-link wpex-lightbox-group-item\" data-caption=\"OLYMPUS DIGITAL CAMERA\"><img data-no-lazy=\"1\" class=\"wpex-align-middle skip-lazy\" src=\"https:\/\/www.lacharviere.nl\/wp-content\/uploads\/2016\/12\/P5290491-1900x1425.jpg\" alt=\"\" srcset=\"https:\/\/www.lacharviere.nl\/wp-content\/uploads\/2016\/12\/P5290491-1900x1425.jpg 1900w, https:\/\/www.lacharviere.nl\/wp-content\/uploads\/2016\/12\/P5290491-300x225.jpg 300w, https:\/\/www.lacharviere.nl\/wp-content\/uploads\/2016\/12\/P5290491-768x576.jpg 768w, https:\/\/www.lacharviere.nl\/wp-content\/uploads\/2016\/12\/P5290491.jpg 2048w\" width=\"1900\" height=\"1425\">\n<div class=\"overlay-title-push-up theme-overlay wpex-bg-black wpex-text-white wpex-text-center wpex-absolute wpex-bottom-0 wpex-translate-y-100 wpex-inset-x-0 wpex-py-15 wpex-px-20 wpex-w-100 wpex-text-md wpex-transition-all wpex-duration-300\"><span class=\"title\">OLYMPUS DIGITAL CAMERA<\/span><\/div>\n<\/a><\/div><\/figure><\/div><div class=\"id-42230 vcex-image-grid-entry vcex-grid-item vcex-isotope-entry wpex-text-center span_1_of_3 col col-3\"><figure class=\"vcex-image-grid-entry-figure wpex-last-mb-0 wpex-clr\"><div class=\"vcex-image-grid-entry-img entry-media wpex-relative overlay-parent overlay-parent-title-push-up overlay-h overlay-ms wpex-mb-20\"><a href=\"https:\/\/www.lacharviere.nl\/wp-content\/uploads\/2016\/12\/P5210078.jpg\" class=\"vcex-image-grid-entry-link wpex-lightbox-group-item\" data-caption=\"camping france\"><img data-no-lazy=\"1\" class=\"wpex-align-middle skip-lazy\" src=\"https:\/\/www.lacharviere.nl\/wp-content\/uploads\/2016\/12\/P5210078-1900x1425.jpg\" alt=\"\" srcset=\"https:\/\/www.lacharviere.nl\/wp-content\/uploads\/2016\/12\/P5210078-1900x1425.jpg 1900w, https:\/\/www.lacharviere.nl\/wp-content\/uploads\/2016\/12\/P5210078-300x225.jpg 300w, https:\/\/www.lacharviere.nl\/wp-content\/uploads\/2016\/12\/P5210078-768x576.jpg 768w, https:\/\/www.lacharviere.nl\/wp-content\/uploads\/2016\/12\/P5210078.jpg 2048w\" width=\"1900\" height=\"1425\">\n<div class=\"overlay-title-push-up theme-overlay wpex-bg-black wpex-text-white wpex-text-center wpex-absolute wpex-bottom-0 wpex-translate-y-100 wpex-inset-x-0 wpex-py-15 wpex-px-20 wpex-w-100 wpex-text-md wpex-transition-all wpex-duration-300\"><span class=\"title\">camping france<\/span><\/div>\n<\/a><\/div><\/figure><\/div><\/div><\/div>[\/vc_column_inner][\/vc_row_inner][\/vc_column][\/vc_row][vc_row full_width=\u00a0\u00bbstretch_row\u00a0\u00bb wpex_bg_overlay=\u00a0\u00bbdark\u00a0\u00bb min_height=\u00a0\u00bb500px\u00a0\u00bb el_class=\u00a0\u00bbbg-fixed\u00a0\u00bb wpex_bg_overlay_color=\u00a0\u00bb#000000&Prime; wpex_bg_overlay_opacity=\u00a0\u00bb0.4&Prime; css=\u00a0\u00bb.vc_custom_1490283261258{background-image: url(http:\/\/www.lacharviere.nl\/wp-content\/uploads\/2016\/11\/uitzicht-water.jpg?id=6) !important;}\u00a0\u00bb][vc_column][vc_row_inner][vc_column_inner css=\u00a0\u00bb.vc_custom_1479457400906{padding-top: 120px !important;}\u00a0\u00bb]<style>.vcex-heading.vcex_69fca9d30f048{color:#ffffff;font-size:55px;font-family:Lato, sans-serif;font-weight:700;}@media (max-width:479px){.vcex-heading.vcex_69fca9d30f048{font-size:35px;}}<\/style><div class=\"vcex-heading vcex-heading-plain vcex-module wpex-heading wpex-text-2xl wpex-text-center titel vcex_69fca9d30f048\"><span class=\"vcex-heading-inner wpex-inline-block\">r\u00e9servation et disponibilit\u00e9<\/span><\/div>[vc_column_text el_class=\u00a0\u00bbsubtitel\u00a0\u00bb]\n<p style=\"text-align: center;\">Nous serions ravis de t\u2019accueillir sur notre domaine<\/p>\n[\/vc_column_text]<style>.vcex-button.vcex_69fca9d310e5b{border-radius:0px;background:#4e9519;color:#ffffff!important;font-size:18px;font-weight:400;text-transform:uppercase;}.vcex-button.vcex_69fca9d310e5b:hover{background:#4e9519!important;color:#ffffff!important;}<\/style><div class=\"vc_custom_1480601704042 wpex-clr\"><div class=\"theme-button-wrap textcenter wpex-clr\"><a href=\"http:\/\/www.lacharviere.nl\/beschikbaarheid\/\" class=\"vcex-button theme-button align-center inline vcex_69fca9d310e5b\" title=\"Meer informatie\"><span class=\"vcex-button-inner theme-button-inner wpex-flex wpex-flex-wrap wpex-items-center wpex-justify-center\">Clique ici pour plus d\u2019informations<\/span><\/a><\/div><\/div> [\/vc_column_inner][\/vc_row_inner][\/vc_column][\/vc_row]\n<\/div>","protected":false},"excerpt":{"rendered":"<p>[vc_row full_width=\u00a0\u00bbstretch_row\u00a0\u00bb full_height=\u00a0\u00bbyes\u00a0\u00bb el_class=\u00a0\u00bbbg-fixed\u00a0\u00bb min_height=\u00a0\u00bb350px\u00a0\u00bb css=\u00a0\u00bb.vc_custom_1490283249135{background-image: url(http:\/\/www.lacharviere.nl\/wp-content\/uploads\/2016\/12\/P3013603.jpg?id=397) !important;}\u00a0\u00bb][vc_column][vc_column_text][\/vc_column_text][\/vc_column][\/vc_row][vc_row][vc_column css=\u00a0\u00bb.vc_custom_1479763333757{padding-top: 40px !important;}\u00a0\u00bb][vc_row_inner][vc_column_inner][vc_column_text css=\u00a0\u00bb\u00a0\u00bb] Photos &amp; vid\u00e9os &nbsp; [\/vc_column_text][\/vc_column_inner][\/vc_row_inner][vc_row_inner][vc_column_inner width=\u00a0\u00bb1\/2&Prime;][vc_column_text css=\u00a0\u00bb\u00a0\u00bb]Photos et vid\u00e9os et Tu trouveras ici de superbes photos et vid\u00e9os de notre camping. Disponibilit\u00e9 Zoover Photos et vid\u00e9os &nbsp; [\/vc_column_text][\/vc_column_inner][vc_column_inner width=\u00a0\u00bb1\/2&Prime; css=\u00a0\u00bb.vc_custom_1480670610605{margin-bottom: -130px !important;}\u00a0\u00bb][\/vc_column_inner][\/vc_row_inner][vc_row_inner][vc_column_inner width=\u00a0\u00bb1\/2&Prime; css=\u00a0\u00bb.vc_custom_1480670666963{margin-bottom: -130px !important;}\u00a0\u00bb][\/vc_column_inner][\/vc_row_inner][vc_row_inner][vc_column_inner][vc_column_text css=\u00a0\u00bb.vc_custom_1739297654342{padding-bottom: 15px !important;}\u00a0\u00bb] Photos &amp; vid\u00e9os [\/vc_column_text][\/vc_column_inner][\/vc_row_inner][\/vc_column][\/vc_row][vc_row&hellip;<\/p>\n","protected":false},"author":1,"featured_media":0,"parent":0,"menu_order":0,"comment_status":"closed","ping_status":"closed","template":"","meta":{"footnotes":""},"class_list":["post-42200","page","type-page","status-publish","hentry","entry","no-media"],"_links":{"self":[{"href":"https:\/\/www.lacharviere.nl\/fr\/wp-json\/wp\/v2\/pages\/42200","targetHints":{"allow":["GET"]}}],"collection":[{"href":"https:\/\/www.lacharviere.nl\/fr\/wp-json\/wp\/v2\/pages"}],"about":[{"href":"https:\/\/www.lacharviere.nl\/fr\/wp-json\/wp\/v2\/types\/page"}],"author":[{"embeddable":true,"href":"https:\/\/www.lacharviere.nl\/fr\/wp-json\/wp\/v2\/users\/1"}],"replies":[{"embeddable":true,"href":"https:\/\/www.lacharviere.nl\/fr\/wp-json\/wp\/v2\/comments?post=42200"}],"version-history":[{"count":2,"href":"https:\/\/www.lacharviere.nl\/fr\/wp-json\/wp\/v2\/pages\/42200\/revisions"}],"predecessor-version":[{"id":42202,"href":"https:\/\/www.lacharviere.nl\/fr\/wp-json\/wp\/v2\/pages\/42200\/revisions\/42202"}],"wp:attachment":[{"href":"https:\/\/www.lacharviere.nl\/fr\/wp-json\/wp\/v2\/media?parent=42200"}],"curies":[{"name":"wp","href":"https:\/\/api.w.org\/{rel}","templated":true}]}}