{"id":42197,"date":"2016-11-18T19:57:26","date_gmt":"2016-11-18T18:57:26","guid":{"rendered":"https:\/\/www.lacharviere.nl\/contact-itineraire\/"},"modified":"2026-05-07T16:29:59","modified_gmt":"2026-05-07T14:29:59","slug":"contact-itineraire","status":"publish","type":"page","link":"https:\/\/www.lacharviere.nl\/fr\/contact-itineraire\/","title":{"rendered":"Contact &amp; Itin\u00e9raire"},"content":{"rendered":"<div class=\"wpb-content-wrapper\">[vc_row full_width=\u00a0\u00bbstretch_row_content_no_spaces\u00a0\u00bb css=\u00a0\u00bb.vc_custom_1479495932202{background-color: #ffffff !important;}\u00a0\u00bb][vc_column css=\u00a0\u00bb.vc_custom_1479496986547{margin-bottom: -40px !important;}\u00a0\u00bb][vc_goo_maps location=\u00a0\u00bbDomaine La Charviere 03390 Saint Priest en Murat Frankrijk\u00a0\u00bb height=\u00a0\u00bb480px\u00a0\u00bb css=\u00a0\u00bb\u00a0\u00bb][\/vc_column][\/vc_row][vc_row full_width=\u00a0\u00bbstretch_row\u00a0\u00bb css=\u00a0\u00bb.vc_custom_1479466991414{padding-top: 40px !important;background-color: #ffffff !important;}\u00a0\u00bb][vc_column width=\u00a0\u00bb1\/2&Prime;]<style>.vcex-heading.vcex_69fca92c2e6fc{font-family:Lato, sans-serif;}<\/style><h1 class=\"vcex-heading vcex-heading-plain vcex-module wpex-heading wpex-text-2xl vc_custom_1771344220920 vcex_69fca92c2e6fc\"><span class=\"vcex-heading-inner wpex-inline-block\">Contacter le Domaine La Charvi\u00e8re<\/span><\/h1>[vc_widget_sidebar sidebar_id=\u00a0\u00bbfooter_one\u00a0\u00bb][vc_column_text css=\u00a0\u00bb.vc_custom_1771344055735{margin-top: -15px !important;padding-bottom: 25px !important;}\u00a0\u00bb]<strong>Au c\u0153ur de la France, tu trouveras notre domaine \u00e0 850 km d\u2019Utrecht via l\u2019A71 (Orl\u00e9ans &#8211; Clermont-Ferrand).<\/strong>[\/vc_column_text][\/vc_column][vc_column width=\u00a0\u00bb1\/2&Prime;]<style>.vcex-heading.vcex_69fca92c30eb2{font-family:Lato, sans-serif;}<\/style><h2 class=\"vcex-heading vcex-heading-plain vcex-module wpex-heading wpex-text-2xl vc_custom_1772373909120 vcex_69fca92c30eb2\"><span class=\"vcex-heading-inner wpex-inline-block\">Itin\u00e9raire alternatif<\/span><\/h2>[vc_column_text css_animation=\u00a0\u00bbrotateIn\u00a0\u00bb css=\u00a0\u00bb\u00a0\u00bb]Un itin\u00e9raire alternatif pour \u00e9viter la foule entre Paris et Orl\u00e9ans consiste \u00e0 suivre la direction de La Vall\u00e9e de la Marne\/Eurodisney apr\u00e8s l\u2019a\u00e9roport \u00ab Charles de Gaulle \u00bb. Il s\u2019agit de l\u2019A104, \u00e9galement appel\u00e9e la \u00ab Francilienne \u00bb. <\/p>\n<p>Celle-ci devient la N104 et, \u00e0 la fin, tu prends l\u2019A6 en direction de Nemours\/Auxerre.<\/p>\n<p>L\u00e0, apr\u00e8s Nemours, tu peux prendre la sortie vers l\u2019A77 en direction de Montargis\/Nevers.<br \/>\nApr\u00e8s Nevers, l\u2019autoroute se termine et tu suis la N7 vers Moulins.<\/p>\n<p>Apr\u00e8s Moulins, prends la N79 en direction de Montmarault\/Montlu\u00e7on.<br \/>\nUne fois arriv\u00e9 \u00e0 Montmarault, suis la description ci-dessus.<\/p>\n<h3><span style=\"font-size: 13px;\"><img loading=\"lazy\" decoding=\"async\" class=\"alignnone size-medium wp-image-41235\" src=\"http:\/\/www.lacharviere.nl\/wp-content\/uploads\/2026\/03\/pijl-charviere-300x225.jpg\" alt=\"\" width=\"300\" height=\"225\" srcset=\"https:\/\/www.lacharviere.nl\/wp-content\/uploads\/2026\/03\/pijl-charviere-300x225.jpg 300w, https:\/\/www.lacharviere.nl\/wp-content\/uploads\/2026\/03\/pijl-charviere-768x576.jpg 768w, https:\/\/www.lacharviere.nl\/wp-content\/uploads\/2026\/03\/pijl-charviere-1536x1152.jpg 1536w, https:\/\/www.lacharviere.nl\/wp-content\/uploads\/2026\/03\/pijl-charviere.jpg 1600w\" sizes=\"auto, (max-width: 300px) 100vw, 300px\" \/><\/span><\/h3>\n<h3><span style=\"font-size: 13px;\">Avantage :<br \/>\n<\/span><span style=\"font-size: 13px;\">moins de circulation et des frais d\u2019autoroute moins \u00e9lev\u00e9s<\/span><\/h3>\n<h3><span style=\"font-size: 13px;\">Inconv\u00e9nient :<\/span><br \/>\n<span style=\"font-size: 13px;\">moins d\u2019autoroute, \u00e0 partir de Nevers (encore environ 100 km), la majeure partie est \u00e0 2 voies.<\/span><\/h3>\n[\/vc_column_text][vc_column_text css=\u00a0\u00bb\u00a0\u00bb]<a href=\"https:\/\/www.charmecamping.nl\/frankrijk\/auvergne-rhone-alpes\/allier\/domaine-la-charviere\/\">Campings de Charme<\/a><\/p>\n<p><a href=\"https:\/\/www.lacharviere.nl\/fr\/disponibilites-2026\/\">Disponibilit\u00e9<\/a><\/p>\n<p><img loading=\"lazy\" decoding=\"async\" class=\"alignnone wp-image-2257 size-medium\" title=\"La joyeuse m\u00e9nagerie du Domaine La Charvi\u00e8re\" src=\"http:\/\/www.lacharviere.nl\/wp-content\/uploads\/2019\/12\/Feest-208x300.jpg\" alt=\"Domaine La Charvi\u00e8re\" width=\"208\" height=\"300\" srcset=\"https:\/\/www.lacharviere.nl\/wp-content\/uploads\/2019\/12\/Feest-208x300.jpg 208w, https:\/\/www.lacharviere.nl\/wp-content\/uploads\/2019\/12\/Feest.jpg 466w\" sizes=\"auto, (max-width: 208px) 100vw, 208px\" \/>[\/vc_column_text][\/vc_column][\/vc_row][vc_row full_width=\u00a0\u00bbstretch_row\u00a0\u00bb wpex_bg_overlay=\u00a0\u00bbdark\u00a0\u00bb min_height=\u00a0\u00bb500px\u00a0\u00bb el_class=\u00a0\u00bbbg-fixed\u00a0\u00bb wpex_bg_overlay_color=\u00a0\u00bb#000000&Prime; wpex_bg_overlay_opacity=\u00a0\u00bb0.4&Prime; css=\u00a0\u00bb.vc_custom_1490283206086{background-image: url(http:\/\/www.lacharviere.nl\/wp-content\/uploads\/2016\/12\/PA021933.jpg?id=512) !important;}\u00a0\u00bb][vc_column][vc_row_inner][vc_column_inner css=\u00a0\u00bb.vc_custom_1479457400906{padding-top: 120px !important;}\u00a0\u00bb]<style>.vcex-heading.vcex_69fca92c318ac{color:#ffffff;font-size:55px;font-family:Lato, sans-serif;font-weight:700;}@media (max-width:479px){.vcex-heading.vcex_69fca92c318ac{font-size:35px;}}<\/style><div class=\"vcex-heading vcex-heading-plain vcex-module wpex-heading wpex-text-2xl wpex-text-center titel vcex_69fca92c318ac\"><span class=\"vcex-heading-inner wpex-inline-block\">r\u00e9servation et disponibilit\u00e9<\/span><\/div>[vc_column_text el_class=\u00a0\u00bbsubtitel\u00a0\u00bb]\n<p style=\"text-align: center;\">Nous serions ravis de t\u2019accueillir sur notre domaine<\/p>\n[\/vc_column_text]<style>.vcex-button.vcex_69fca92c32dc6{border-radius:0px;background:#4e9519;color:#ffffff!important;font-size:18px;font-weight:400;text-transform:uppercase;}.vcex-button.vcex_69fca92c32dc6:hover{background:#4e9519!important;color:#ffffff!important;}<\/style><div class=\"vc_custom_1480358208100 wpex-clr\"><div class=\"theme-button-wrap textcenter wpex-clr\"><a href=\"http:\/\/www.lacharviere.nl\/beschikbaarheid\/\" class=\"vcex-button theme-button align-center inline vcex_69fca92c32dc6\" title=\"Meer informatie\"><span class=\"vcex-button-inner theme-button-inner wpex-flex wpex-flex-wrap wpex-items-center wpex-justify-center\">Clique ici pour plus d\u2019informations<\/span><\/a><\/div><\/div> [\/vc_column_inner][\/vc_row_inner][\/vc_column][\/vc_row]\n<\/div>","protected":false},"excerpt":{"rendered":"<p>[vc_row full_width=\u00a0\u00bbstretch_row_content_no_spaces\u00a0\u00bb css=\u00a0\u00bb.vc_custom_1479495932202{background-color: #ffffff !important;}\u00a0\u00bb][vc_column css=\u00a0\u00bb.vc_custom_1479496986547{margin-bottom: -40px !important;}\u00a0\u00bb][vc_goo_maps location=\u00a0\u00bbDomaine La Charviere 03390 Saint Priest en Murat Frankrijk\u00a0\u00bb height=\u00a0\u00bb480px\u00a0\u00bb css=\u00a0\u00bb\u00a0\u00bb][\/vc_column][\/vc_row][vc_row full_width=\u00a0\u00bbstretch_row\u00a0\u00bb css=\u00a0\u00bb.vc_custom_1479466991414{padding-top: 40px !important;background-color: #ffffff !important;}\u00a0\u00bb][vc_column width=\u00a0\u00bb1\/2&Prime;][vc_widget_sidebar sidebar_id=\u00a0\u00bbfooter_one\u00a0\u00bb][vc_column_text css=\u00a0\u00bb.vc_custom_1771344055735{margin-top: -15px !important;padding-bottom: 25px !important;}\u00a0\u00bb]Au c\u0153ur de la France, tu trouveras notre domaine \u00e0 850 km d\u2019Utrecht via l\u2019A71 (Orl\u00e9ans &#8211; Clermont-Ferrand).[\/vc_column_text][\/vc_column][vc_column width=\u00a0\u00bb1\/2&Prime;][vc_column_text css_animation=\u00a0\u00bbrotateIn\u00a0\u00bb css=\u00a0\u00bb\u00a0\u00bb]Un itin\u00e9raire alternatif pour&hellip;<\/p>\n","protected":false},"author":1,"featured_media":0,"parent":0,"menu_order":0,"comment_status":"closed","ping_status":"closed","template":"","meta":{"footnotes":""},"class_list":["post-42197","page","type-page","status-publish","hentry","entry","no-media"],"_links":{"self":[{"href":"https:\/\/www.lacharviere.nl\/fr\/wp-json\/wp\/v2\/pages\/42197","targetHints":{"allow":["GET"]}}],"collection":[{"href":"https:\/\/www.lacharviere.nl\/fr\/wp-json\/wp\/v2\/pages"}],"about":[{"href":"https:\/\/www.lacharviere.nl\/fr\/wp-json\/wp\/v2\/types\/page"}],"author":[{"embeddable":true,"href":"https:\/\/www.lacharviere.nl\/fr\/wp-json\/wp\/v2\/users\/1"}],"replies":[{"embeddable":true,"href":"https:\/\/www.lacharviere.nl\/fr\/wp-json\/wp\/v2\/comments?post=42197"}],"version-history":[{"count":3,"href":"https:\/\/www.lacharviere.nl\/fr\/wp-json\/wp\/v2\/pages\/42197\/revisions"}],"predecessor-version":[{"id":42304,"href":"https:\/\/www.lacharviere.nl\/fr\/wp-json\/wp\/v2\/pages\/42197\/revisions\/42304"}],"wp:attachment":[{"href":"https:\/\/www.lacharviere.nl\/fr\/wp-json\/wp\/v2\/media?parent=42197"}],"curies":[{"name":"wp","href":"https:\/\/api.w.org\/{rel}","templated":true}]}}