{"id":42192,"date":"2020-01-13T11:18:13","date_gmt":"2020-01-13T10:18:13","guid":{"rendered":"https:\/\/www.lacharviere.nl\/camping-hebergements\/"},"modified":"2026-05-07T13:02:16","modified_gmt":"2026-05-07T11:02:16","slug":"camping-hebergements","status":"publish","type":"page","link":"https:\/\/www.lacharviere.nl\/fr\/camping-hebergements\/","title":{"rendered":"Camping &amp; H\u00e9bergements"},"content":{"rendered":"<div class=\"wpb-content-wrapper\">[vc_row full_width=\u00a0\u00bbstretch_row_content_no_spaces\u00a0\u00bb full_height=\u00a0\u00bbyes\u00a0\u00bb css=\u00a0\u00bb.vc_custom_1593159411684{background-image: url(http:\/\/www.lacharviere.nl\/wp-content\/uploads\/2016\/12\/P8025550.jpg?id=476) !important;}\u00a0\u00bb el_class=\u00a0\u00bbbg-fixed\u00a0\u00bb][vc_column]<style>.vcex-heading.vcex_69fca70a747db{color:#ffffff;font-size:55px;font-family:Lato, sans-serif;font-weight:700;}@media (max-width:767px){.vcex-heading.vcex_69fca70a747db{font-size:37px;}}@media (max-width:479px){.vcex-heading.vcex_69fca70a747db{font-size:37px;}}<\/style><h1 class=\"vcex-heading vcex-heading-plain vcex-module wpex-heading wpex-text-2xl wpex-text-center titel-slide vcex_69fca70a747db\"><span class=\"vcex-heading-inner wpex-inline-block\">Camping &amp; H\u00e9bergements<\/span><\/h1>[vc_column_text]<div id=\"ep-arrow\"><a href=\"#content\"><div id=\"temp-id\"  style=\"font-size:45px; color: #FFFFFF; animation-duration:2s; margin-left: -22.5px; \" data-duration_time=\"10000\" data-scrolling=\"true\" data-disable_duration=\"true\" data-disable_bouncing=\"false\" class=\"echo-content-down-arrow epda-icon-arrow-regular temp-class bounce-effect-1 \"><\/div><\/a><\/div>[\/vc_column_text][\/vc_column][\/vc_row][vc_row full_width=\u00a0\u00bbstretch_row\u00a0\u00bb css=\u00a0\u00bb.vc_custom_1479758258928{padding-top: 40px !important;background-color: #ffffff !important;}\u00a0\u00bb el_id=\u00a0\u00bbcontent\u00a0\u00bb][vc_column width=\u00a0\u00bb1\/3&Prime;][vc_single_image image=\u00a0\u00bb42147&Prime; onclick=\u00a0\u00bbcustom_link\u00a0\u00bb link=\u00a0\u00bbhttps:\/\/www.lacharviere.nl\/fr\/camping-a-la-ferme\/\u00a0\u00bb][vc_column_text css=\u00a0\u00bb\u00a0\u00bb]\n<h1>Camping &amp; H\u00e9bergements<\/h1>\n<p>Nous t\u2019offrons la possibilit\u00e9 de choisir entre un emplacement de camping spacieux ou l\u2019un de nos h\u00e9bergements.[\/vc_column_text][vc_column_text css=\u00a0\u00bb\u00a0\u00bb]\n<h2>Camping<\/h2>\n<p>Tout d\u2019abord, notre camping adapt\u00e9 aux enfants est particuli\u00e8rement spacieux et poss\u00e8de un caract\u00e8re rural et paisible. C\u2019est pourquoi le camping est divis\u00e9 en 2 parties. <\/p>\n<h2>H\u00e9bergements<\/h2>\n<p>Nous en avons pour tous les go\u00fbts en mati\u00e8re d\u2019h\u00e9bergement.<\/p>\n<p>D\u2019un c\u00f4t\u00e9, la partie avant propose de grands emplacements, o\u00f9 se trouvent 2 tentes safari et quelques places de camping, d\u00e9limit\u00e9s par des haies et des arbres.<\/p>\n<p>De l\u2019autre c\u00f4t\u00e9, tu trouveras dans la deuxi\u00e8me partie un terrain de camping avec de jeunes arbres et arbustes r\u00e9partis sur un champ d\u2019un hectare, entour\u00e9 de grands arbres, o\u00f9 se trouvent \u00e9galement des tentes safari, des tipis et des emplacements de camping.<\/p>\n<p>\u00c0 c\u00f4t\u00e9 du terrain de camping, tu trouveras notre caravane de passage avec auvent qui est \u00e9galement \u00e0 louer \u00e0 la nuit\u00e9e. Magnifiquement situ\u00e9e avec vue sur quelques animaux et entour\u00e9e d\u2019arbres. <\/p>\n<p><span style=\"color: #ffffff;\">Camping &amp; H\u00e9bergements<\/span>[\/vc_column_text][\/vc_column][vc_column width=\u00a0\u00bb1\/3&Prime;][vc_single_image image=\u00a0\u00bb42189&Prime; img_size=\u00a0\u00bb550&#215;370&Prime; onclick=\u00a0\u00bbcustom_link\u00a0\u00bb link=\u00a0\u00bbhttps:\/\/www.lacharviere.nl\/tipitenten\/\u00a0\u00bb]<style>.vcex-heading.vcex_69fca70a75f59{font-size:25px;}<\/style><h2 class=\"vcex-heading vcex-heading-plain vcex-module wpex-heading wpex-text-2xl vc_custom_1578911250513 vcex_69fca70a75f59\"><a href=\"https:\/\/www.lacharviere.nl\/tipitenten\/\" class=\"wpex-no-underline\" target=\"_self\"><span class=\"vcex-heading-inner wpex-inline-block\">Tentes tipi<\/span><\/a><\/h2>[vc_column_text css=\u00a0\u00bb\u00a0\u00bb]Comme premier h\u00e9bergement, tu trouveras sur notre camping 2 NOUVEAUX tipis (surface de 20 m2) d\u2019un diam\u00e8tre de cinq m\u00e8tres et d\u2019une hauteur centrale de trois m\u00e8tres.<\/p>\n<p>Comme les tipis sont am\u00e9nag\u00e9s simplement avec les \u00e9quipements de base, dans le but de s\u2019impr\u00e9gner de l\u2019ambiance des vacances, tu peux en profiter imm\u00e9diatement apr\u00e8s ton arriv\u00e9e. Les tentes conviennent pour 4\/5 personnes.[\/vc_column_text][\/vc_column][vc_column width=\u00a0\u00bb1\/3&Prime;][vc_single_image image=\u00a0\u00bb42190&Prime; img_size=\u00a0\u00bb550&#215;370&Prime; onclick=\u00a0\u00bbcustom_link\u00a0\u00bb link=\u00a0\u00bb\/safaritenten\/\u00a0\u00bb]<style>.vcex-heading.vcex_69fca70a765a1{font-size:25px;}<\/style><h2 class=\"vcex-heading vcex-heading-plain vcex-module wpex-heading wpex-text-2xl vc_custom_1578911324902 vcex_69fca70a765a1\"><a href=\"\/safaritenten\/\" class=\"wpex-no-underline\" target=\"_self\"><span class=\"vcex-heading-inner wpex-inline-block\">Tentes safari<\/span><\/a><\/h2>[vc_column_text css=\u00a0\u00bb\u00a0\u00bb]Comme deuxi\u00e8me h\u00e9bergement, nous avons quatre tentes safari de luxe (surface de 35 m2). Non seulement ces tentes sont enti\u00e8rement \u00e9quip\u00e9es, mais elles disposent \u00e9galement d\u2019une cuisine de base et d\u2019une terrasse sur\u00e9lev\u00e9e. <\/p>\n<p>Les tentes safari conviennent pour 5 personnes et disposent de 2 compartiments de couchage : l\u2019un avec un lit double et moustiquaire, l\u2019autre avec un lit superpos\u00e9. Pour une 5e personne, nous pr\u00e9voyons un lit pliant.[\/vc_column_text][\/vc_column][\/vc_row][vc_row full_width=\u00a0\u00bbstretch_row\u00a0\u00bb css=\u00a0\u00bb.vc_custom_1479758258928{padding-top: 40px !important;background-color: #ffffff !important;}\u00a0\u00bb][vc_column width=\u00a0\u00bb1\/3&Prime;][vc_single_image image=\u00a0\u00bb42191&Prime; img_size=\u00a0\u00bb550&#215;370&Prime; onclick=\u00a0\u00bbcustom_link\u00a0\u00bb css=\u00a0\u00bb\u00a0\u00bb link=\u00a0\u00bbhttps:\/\/www.lacharviere.nl\/mobilhome\/\u00a0\u00bb]<style>.vcex-heading.vcex_69fca70a76b26{font-size:25px;}<\/style><h2 class=\"vcex-heading vcex-heading-plain vcex-module wpex-heading wpex-text-2xl vc_custom_1578911517225 vcex_69fca70a76b26\"><a href=\"https:\/\/www.lacharviere.nl\/mobilhome\/\" class=\"wpex-no-underline\" target=\"_self\"><span class=\"vcex-heading-inner wpex-inline-block\">Mobil-home<\/span><\/a><\/h2>[vc_column_text css=\u00a0\u00bb\u00a0\u00bb]Nous avons \u00e9galement des mobil-homes lumineux et spacieux qui t\u2019invitent \u00e0 passer un agr\u00e9able s\u00e9jour, car ils sont dot\u00e9s de nouveaux rev\u00eatements et de meubles de style r\u00e9tro.<\/p>\n<p>Le mobil-home se compose de 2 chambres, d\u2019un coin salon et d\u2019une cuisine. Un WC chimique est pr\u00e9sent. Un h\u00e9bergement de luxe, merveilleusement spacieux, pour des vacances in\u00e9gal\u00e9es ![\/vc_column_text][\/vc_column][vc_column width=\u00a0\u00bb1\/3&Prime;][vc_single_image image=\u00a0\u00bb42142&Prime; onclick=\u00a0\u00bbcustom_link\u00a0\u00bb link=\u00a0\u00bbhttps:\/\/www.lacharviere.nl\/gites\/\u00a0\u00bb]<style>.vcex-heading.vcex_69fca70a770c5{font-size:25px;}<\/style><h2 class=\"vcex-heading vcex-heading-plain vcex-module wpex-heading wpex-text-2xl vc_custom_1578910956582 vcex_69fca70a770c5\"><a href=\"https:\/\/www.lacharviere.nl\/gites\/\" class=\"wpex-no-underline\" title=\"G\u00eetes\" target=\"_self\"><span class=\"vcex-heading-inner wpex-inline-block\">G\u00eetes<\/span><\/a><\/h2>[vc_column_text css=\u00a0\u00bb\u00a0\u00bb]De plus, nous disposons de deux g\u00eetes authentiques.<\/p>\n<h5>G\u00eete Mouton<\/h5>\n<p>D\u2019un c\u00f4t\u00e9 de la ferme, tout au bout, se trouve un g\u00eete chaleureux pour 4 \u00e0 7 personnes, juste \u00e0 c\u00f4t\u00e9 de la prairie et des sentiers de randonn\u00e9e, avec un jardin clos.<\/p>\n<h5>G\u00eete Ch\u00e8vre<\/h5>\n<p>Nous avons \u00e9galement un g\u00eete pour 4 \u00e0 10 personnes au premier \u00e9tage de la ferme. Ce g\u00eete dispose d\u2019un jardin \u00e0 c\u00f4t\u00e9 de la ferme.[\/vc_column_text][\/vc_column][\/vc_row][vc_row full_width=\u00a0\u00bbstretch_row\u00a0\u00bb css=\u00a0\u00bb.vc_custom_1479758258928{padding-top: 40px !important;background-color: #ffffff !important;}\u00a0\u00bb][vc_column width=\u00a0\u00bb1\/3&Prime;][vc_column_text css=\u00a0\u00bb\u00a0\u00bb]<a href=\"https:\/\/www.charmecamping.nl\/frankrijk\/auvergne-rhone-alpes\/allier\/domaine-la-charviere\/\">Campings de Charme<\/a><\/p>\n<p><a href=\"https:\/\/www.lacharviere.nl\/fr\/disponibilites-2026\/\">Disponibilit\u00e9<\/a><\/p>\n<p><img loading=\"lazy\" decoding=\"async\" class=\"alignnone wp-image-2257 size-medium\" title=\"Camping &amp; H\u00e9bergements\" src=\"http:\/\/www.lacharviere.nl\/wp-content\/uploads\/2019\/12\/Feest-208x300.jpg\" alt=\"Camping &amp; H\u00e9bergements\" width=\"208\" height=\"300\" srcset=\"https:\/\/www.lacharviere.nl\/wp-content\/uploads\/2019\/12\/Feest-208x300.jpg 208w, https:\/\/www.lacharviere.nl\/wp-content\/uploads\/2019\/12\/Feest.jpg 466w\" sizes=\"auto, (max-width: 208px) 100vw, 208px\" \/>[\/vc_column_text][\/vc_column][vc_column width=\u00a0\u00bb1\/3&Prime;]<div class=\"vcex-heading vcex-heading-plain vcex-module wpex-heading wpex-text-2xl\"><span class=\"vcex-heading-inner wpex-inline-block\">Caravane de passage<\/span><\/div>[vc_column_text css=\u00a0\u00bb\u00a0\u00bb]Enfin, nous proposons notre caravane de passage de luxe avec un grand auvent.<\/p>\n<p>Elle dispose d\u2019un lit spacieux pour 2 personnes, d\u2019un salon, d\u2019une cuisine et d\u2019une petite salle de bain.<\/p>\n<p>Le salon peut \u00eatre transform\u00e9 en canap\u00e9-lit pour 2 personnes.<\/p>\n<p>La caravane peut \u00eatre lou\u00e9e \u00e0 la nuit\u00e9e. Le kit de draps est toujours inclus.<\/p>\n[\/vc_column_text][\/vc_column][\/vc_row][vc_row full_width=\u00a0\u00bbstretch_row\u00a0\u00bb wpex_bg_overlay=\u00a0\u00bbdark\u00a0\u00bb min_height=\u00a0\u00bb500px\u00a0\u00bb el_class=\u00a0\u00bbhomepage_background_row\u00a0\u00bb wpex_bg_overlay_color=\u00a0\u00bb#000000&Prime; wpex_bg_overlay_opacity=\u00a0\u00bb0.65&Prime; css=\u00a0\u00bb.vc_custom_1593159463035{background-image: url(http:\/\/www.lacharviere.nl\/wp-content\/uploads\/2016\/12\/P8281498.jpg?id=488) !important;}\u00a0\u00bb][vc_column][vc_row_inner][vc_column_inner css=\u00a0\u00bb.vc_custom_1479457400906{padding-top: 120px !important;}\u00a0\u00bb]<style>.vcex-heading.vcex_69fca70a77bc7{color:#ffffff;font-size:55px;font-family:Lato, sans-serif;font-weight:700;}@media (max-width:767px){.vcex-heading.vcex_69fca70a77bc7{font-size:37px;}}@media (max-width:479px){.vcex-heading.vcex_69fca70a77bc7{font-size:35px;}}<\/style><div class=\"vcex-heading vcex-heading-plain vcex-module wpex-heading wpex-text-2xl wpex-text-center titel vcex_69fca70a77bc7\"><span class=\"vcex-heading-inner wpex-inline-block\">r\u00e9servation et disponibilit\u00e9<\/span><\/div>[vc_column_text el_class=\u00a0\u00bbsubtitel\u00a0\u00bb]\n<p style=\"text-align: center;\">Nous serions ravis de t\u2019accueillir sur notre domaine<\/p>\n[\/vc_column_text]<style>.vcex-button.vcex_69fca70a78941{border-radius:0px;background:#4e9519;color:#ffffff!important;font-size:18px;font-weight:400;text-transform:uppercase;}.vcex-button.vcex_69fca70a78941:hover{background:#4e9519!important;color:#ffffff!important;}<\/style><div class=\"vc_custom_1578912170056 wpex-clr\"><div class=\"theme-button-wrap textcenter wpex-clr\"><a href=\"\/beschikbaarheid\/\" class=\"vcex-button theme-button align-center inline vcex_69fca70a78941\" title=\"Meer informatie\"><span class=\"vcex-button-inner theme-button-inner wpex-flex wpex-flex-wrap wpex-items-center wpex-justify-center\">Clique ici pour plus d\u2019informations<\/span><\/a><\/div><\/div> [\/vc_column_inner][\/vc_row_inner][\/vc_column][\/vc_row]\n<\/div>","protected":false},"excerpt":{"rendered":"<p>[vc_row full_width=\u00a0\u00bbstretch_row_content_no_spaces\u00a0\u00bb full_height=\u00a0\u00bbyes\u00a0\u00bb css=\u00a0\u00bb.vc_custom_1593159411684{background-image: url(http:\/\/www.lacharviere.nl\/wp-content\/uploads\/2016\/12\/P8025550.jpg?id=476) !important;}\u00a0\u00bb el_class=\u00a0\u00bbbg-fixed\u00a0\u00bb][vc_column][vc_column_text][\/vc_column_text][\/vc_column][\/vc_row][vc_row full_width=\u00a0\u00bbstretch_row\u00a0\u00bb css=\u00a0\u00bb.vc_custom_1479758258928{padding-top: 40px !important;background-color: #ffffff !important;}\u00a0\u00bb el_id=\u00a0\u00bbcontent\u00a0\u00bb][vc_column width=\u00a0\u00bb1\/3&Prime;][vc_single_image image=\u00a0\u00bb42147&Prime; onclick=\u00a0\u00bbcustom_link\u00a0\u00bb link=\u00a0\u00bbhttps:\/\/www.lacharviere.nl\/fr\/camping-a-la-ferme\/\u00a0\u00bb][vc_column_text css=\u00a0\u00bb\u00a0\u00bb] Camping &amp; H\u00e9bergements Nous t\u2019offrons la possibilit\u00e9 de choisir entre un emplacement de camping spacieux ou l\u2019un de nos h\u00e9bergements.[\/vc_column_text][vc_column_text css=\u00a0\u00bb\u00a0\u00bb] Camping Tout d\u2019abord, notre camping adapt\u00e9 aux enfants est particuli\u00e8rement spacieux et poss\u00e8de un caract\u00e8re&hellip;<\/p>\n","protected":false},"author":1,"featured_media":0,"parent":0,"menu_order":0,"comment_status":"closed","ping_status":"closed","template":"","meta":{"footnotes":""},"class_list":["post-42192","page","type-page","status-publish","hentry","entry","no-media"],"_links":{"self":[{"href":"https:\/\/www.lacharviere.nl\/fr\/wp-json\/wp\/v2\/pages\/42192","targetHints":{"allow":["GET"]}}],"collection":[{"href":"https:\/\/www.lacharviere.nl\/fr\/wp-json\/wp\/v2\/pages"}],"about":[{"href":"https:\/\/www.lacharviere.nl\/fr\/wp-json\/wp\/v2\/types\/page"}],"author":[{"embeddable":true,"href":"https:\/\/www.lacharviere.nl\/fr\/wp-json\/wp\/v2\/users\/1"}],"replies":[{"embeddable":true,"href":"https:\/\/www.lacharviere.nl\/fr\/wp-json\/wp\/v2\/comments?post=42192"}],"version-history":[{"count":3,"href":"https:\/\/www.lacharviere.nl\/fr\/wp-json\/wp\/v2\/pages\/42192\/revisions"}],"predecessor-version":[{"id":42195,"href":"https:\/\/www.lacharviere.nl\/fr\/wp-json\/wp\/v2\/pages\/42192\/revisions\/42195"}],"wp:attachment":[{"href":"https:\/\/www.lacharviere.nl\/fr\/wp-json\/wp\/v2\/media?parent=42192"}],"curies":[{"name":"wp","href":"https:\/\/api.w.org\/{rel}","templated":true}]}}