{"id":42185,"date":"2016-11-18T11:30:45","date_gmt":"2016-11-18T10:30:45","guid":{"rendered":"https:\/\/www.lacharviere.nl\/camping-a-la-ferme\/"},"modified":"2026-05-07T13:00:09","modified_gmt":"2026-05-07T11:00:09","slug":"camping-a-la-ferme","status":"publish","type":"page","link":"https:\/\/www.lacharviere.nl\/fr\/camping-a-la-ferme\/","title":{"rendered":"Camping \u00e0 la ferme"},"content":{"rendered":"<div class=\"wpb-content-wrapper\">[vc_row full_width=\u00a0\u00bbstretch_row\u00a0\u00bb full_height=\u00a0\u00bbyes\u00a0\u00bb el_class=\u00a0\u00bbbg-fixed\u00a0\u00bb min_height=\u00a0\u00bb350px\u00a0\u00bb css=\u00a0\u00bb.vc_custom_1490283082118{background-image: url(http:\/\/www.lacharviere.nl\/wp-content\/uploads\/2016\/12\/P3013603.jpg?id=397) !important;}\u00a0\u00bb][vc_column]<style>.vcex-heading.vcex_69fcaa04b4584{color:#ffffff;font-size:55px;font-family:Lato, sans-serif;font-weight:700;}<\/style><h1 class=\"vcex-heading vcex-heading-plain vcex-module wpex-heading wpex-text-2xl wpex-text-center titel-slide vcex_69fcaa04b4584\"><span class=\"vcex-heading-inner wpex-inline-block\">Camping \u00e0 la ferme<\/span><\/h1>[vc_column_text]<div id=\"ep-arrow\"><a href=\"#content\"><div id=\"temp-id\"  style=\"font-size:45px; color: #FFFFFF; animation-duration:2s; margin-left: -22.5px; \" data-duration_time=\"10000\" data-scrolling=\"true\" data-disable_duration=\"true\" data-disable_bouncing=\"false\" class=\"echo-content-down-arrow epda-icon-arrow-regular temp-class bounce-effect-1 \"><\/div><\/a><\/div>[\/vc_column_text][\/vc_column][\/vc_row][vc_row full_width=\u00a0\u00bbstretch_row\u00a0\u00bb css=\u00a0\u00bb.vc_custom_1479466991414{padding-top: 40px !important;background-color: #ffffff !important;}\u00a0\u00bb][vc_column width=\u00a0\u00bb1\/6&Prime; css=\u00a0\u00bb.vc_custom_1479466904593{padding-top: 40px !important;}\u00a0\u00bb][\/vc_column][vc_column width=\u00a0\u00bb2\/3&Prime;]<style>.vcex-heading.vcex_69fcaa04b59b1{font-family:Lato, sans-serif;}<\/style><h1 class=\"vcex-heading vcex-heading-plain vcex-module wpex-heading wpex-text-2xl vc_custom_1770969576180 vcex_69fcaa04b59b1\"><span class=\"vcex-heading-inner wpex-inline-block\">Grand camping \u00e0 la ferme adapt\u00e9 aux enfants<\/span><\/h1>[vc_column_text css=\u00a0\u00bb\u00a0\u00bb]\n<h2>Camping \u00e0 la ferme<\/h2>\n<p>Notre camping \u00e0 la ferme adapt\u00e9 aux enfants est particuli\u00e8rement spacieux, poss\u00e8de un caract\u00e8re rural et paisible, et se compose de 2 parties.<\/p>\n<p>La partie avant dispose de grands emplacements, d\u00e9limit\u00e9s par des haies et des arbres. La deuxi\u00e8me partie est un terrain de camping d\u2019un hectare, entour\u00e9 de grands arbres. Pour laisser la nature s\u2019\u00e9panouir, nous ne tondons que les bords pour les emplacements de camping. Ainsi, la nature peut largement reprendre ses droits dans la partie centrale, \u00e0 c\u00f4t\u00e9 de l\u2019aire de jeux.   <\/p>\n<p>Les hautes herbes, les arbustes et les fleurs offrent une vue magnifique et une sensation d\u2019espace.<\/p>\n<p>Les papillons, les oiseaux, les grillons et autres insectes y ont ainsi le champ libre. Des tentes ou caravanes peuvent \u00eatre install\u00e9es sur trois c\u00f4t\u00e9s du terrain, ce qui lui donne un caract\u00e8re ouvert et offre beaucoup d\u2019espace de jeu pour les enfants. <\/p>\n<h2>Jouer<\/h2>\n<p>Sur le terrain du camping \u00e0 la ferme, tu trouveras \u00e9galement un petit terrain de foot avec deux buts, une aire de jeux naturelle, une cabane d\u2019escalade et un toboggan o\u00f9 les enfants peuvent jouer \u00e0 leur guise.<\/p>\n<p>D\u2019une part, nous accueillons surtout des familles avec de jeunes enfants (de 0 \u00e0 10\/12 ans) pendant les vacances d\u2019\u00e9t\u00e9. D\u2019autre part, au printemps et \u00e0 l\u2019automne, viennent des personnes qui se sentent chez elles dans la nature et appr\u00e9cient le calme et la tranquillit\u00e9. <\/p>\n<p>Devant la ferme, il y a une terrasse accueillante avec vue sur les animaux o\u00f9 tu peux prendre un verre ou manger un morceau. Il y a aussi une petite aire de jeux avec des balan\u00e7oires, une structure de jeux au milieu des ch\u00e8vres et un trampoline. <\/p>\n<h2>piscine et service de pain<\/h2>\n<p><img loading=\"lazy\" decoding=\"async\" class=\"alignnone size-medium wp-image-40935\" src=\"http:\/\/www.lacharviere.nl\/wp-content\/uploads\/2026\/02\/P7135457-565x420-2-300x223.jpg\" alt=\"\" width=\"300\" height=\"223\" srcset=\"https:\/\/www.lacharviere.nl\/wp-content\/uploads\/2026\/02\/P7135457-565x420-2-300x223.jpg 300w, https:\/\/www.lacharviere.nl\/wp-content\/uploads\/2026\/02\/P7135457-565x420-2.jpg 565w\" sizes=\"auto, (max-width: 300px) 100vw, 300px\" \/><br \/>\nDu 1er juin au 31 ao\u00fbt, tu peux profiter de la piscine. De plus, nous proposons un service de pain quotidien en haute saison. Passe ta commande et, le matin, du pain frais d\u00e9licieux t\u2019attendra, accompagn\u00e9 ou non d\u2019un espresso fumant ou d\u2019un cappuccino onctueux. Il est \u00e9galement possible de louer un r\u00e9frig\u00e9rateur, des articles pour b\u00e9b\u00e9, et un service de lavage et de s\u00e9chage est disponible.   <\/p>\n<p><a href=\"https:\/\/www.lacharviere.nl\/tarieven\/\">Pour plus d\u2019informations, clique ici !<\/a><\/p>\n<p><a href=\"https:\/\/www.charmecamping.nl\/frankrijk\/auvergne-rhone-alpes\/allier\/domaine-la-charviere\/\">Campings de Charme<\/a><\/p>\n[\/vc_column_text][\/vc_column][vc_column width=\u00a0\u00bb1\/6&Prime;][\/vc_column][\/vc_row][vc_row full_width=\u00a0\u00bbstretch_row\u00a0\u00bb css=\u00a0\u00bb.vc_custom_1479467351494{background-color: #ffffff !important;}\u00a0\u00bb][vc_column][\/vc_column][\/vc_row][vc_row full_width=\u00a0\u00bbstretch_row\u00a0\u00bb wpex_bg_overlay=\u00a0\u00bbdark\u00a0\u00bb min_height=\u00a0\u00bb500px\u00a0\u00bb el_class=\u00a0\u00bbbg-fixed\u00a0\u00bb wpex_bg_overlay_color=\u00a0\u00bb#000000&Prime; wpex_bg_overlay_opacity=\u00a0\u00bb0.4&Prime; css=\u00a0\u00bb.vc_custom_1490283089490{background-image: url(http:\/\/www.lacharviere.nl\/wp-content\/uploads\/2016\/12\/P6300885.jpg?id=453) !important;}\u00a0\u00bb][vc_column][vc_row_inner][vc_column_inner css=\u00a0\u00bb.vc_custom_1479457400906{padding-top: 120px !important;}\u00a0\u00bb]<style>.vcex-heading.vcex_69fcaa04b7bc7{color:#ffffff;font-size:55px;font-family:Lato, sans-serif;font-weight:700;}@media (max-width:479px){.vcex-heading.vcex_69fcaa04b7bc7{font-size:35px;}}<\/style><div class=\"vcex-heading vcex-heading-plain vcex-module wpex-heading wpex-text-2xl wpex-text-center titel vcex_69fcaa04b7bc7\"><span class=\"vcex-heading-inner wpex-inline-block\">r\u00e9servation et disponibilit\u00e9<\/span><\/div>[vc_column_text el_class=\u00a0\u00bbsubtitel\u00a0\u00bb]\n<p style=\"text-align: center;\">Nous serions ravis de t\u2019accueillir sur notre domaine<\/p>\n[\/vc_column_text]<style>.vcex-button.vcex_69fcaa04b88b8{border-radius:0px;background:#4e9519;color:#ffffff!important;font-size:18px;font-weight:400;text-transform:uppercase;}.vcex-button.vcex_69fcaa04b88b8:hover{background:#4e9519!important;color:#ffffff!important;}<\/style><div class=\"vc_custom_1480601597423 wpex-clr\"><div class=\"theme-button-wrap textcenter wpex-clr\"><a href=\"http:\/\/www.lacharviere.nl\/beschikbaarheid\/\" class=\"vcex-button theme-button align-center inline vcex_69fcaa04b88b8\" title=\"Meer informatie\"><span class=\"vcex-button-inner theme-button-inner wpex-flex wpex-flex-wrap wpex-items-center wpex-justify-center\">Clique ici pour plus d\u2019informations<\/span><\/a><\/div><\/div> [\/vc_column_inner][\/vc_row_inner][\/vc_column][\/vc_row]\n<\/div>","protected":false},"excerpt":{"rendered":"<p>[vc_row full_width=\u00a0\u00bbstretch_row\u00a0\u00bb full_height=\u00a0\u00bbyes\u00a0\u00bb el_class=\u00a0\u00bbbg-fixed\u00a0\u00bb min_height=\u00a0\u00bb350px\u00a0\u00bb css=\u00a0\u00bb.vc_custom_1490283082118{background-image: url(http:\/\/www.lacharviere.nl\/wp-content\/uploads\/2016\/12\/P3013603.jpg?id=397) !important;}\u00a0\u00bb][vc_column][vc_column_text][\/vc_column_text][\/vc_column][\/vc_row][vc_row full_width=\u00a0\u00bbstretch_row\u00a0\u00bb css=\u00a0\u00bb.vc_custom_1479466991414{padding-top: 40px !important;background-color: #ffffff !important;}\u00a0\u00bb][vc_column width=\u00a0\u00bb1\/6&Prime; css=\u00a0\u00bb.vc_custom_1479466904593{padding-top: 40px !important;}\u00a0\u00bb][\/vc_column][vc_column width=\u00a0\u00bb2\/3&Prime;][vc_column_text css=\u00a0\u00bb\u00a0\u00bb] Camping \u00e0 la ferme Notre camping \u00e0 la ferme adapt\u00e9 aux enfants est particuli\u00e8rement spacieux, poss\u00e8de un caract\u00e8re rural et paisible, et se compose de 2 parties. La partie avant dispose de grands emplacements, d\u00e9limit\u00e9s&hellip;<\/p>\n","protected":false},"author":1,"featured_media":0,"parent":0,"menu_order":0,"comment_status":"closed","ping_status":"closed","template":"","meta":{"footnotes":""},"class_list":["post-42185","page","type-page","status-publish","hentry","entry","no-media"],"_links":{"self":[{"href":"https:\/\/www.lacharviere.nl\/fr\/wp-json\/wp\/v2\/pages\/42185","targetHints":{"allow":["GET"]}}],"collection":[{"href":"https:\/\/www.lacharviere.nl\/fr\/wp-json\/wp\/v2\/pages"}],"about":[{"href":"https:\/\/www.lacharviere.nl\/fr\/wp-json\/wp\/v2\/types\/page"}],"author":[{"embeddable":true,"href":"https:\/\/www.lacharviere.nl\/fr\/wp-json\/wp\/v2\/users\/1"}],"replies":[{"embeddable":true,"href":"https:\/\/www.lacharviere.nl\/fr\/wp-json\/wp\/v2\/comments?post=42185"}],"version-history":[{"count":2,"href":"https:\/\/www.lacharviere.nl\/fr\/wp-json\/wp\/v2\/pages\/42185\/revisions"}],"predecessor-version":[{"id":42187,"href":"https:\/\/www.lacharviere.nl\/fr\/wp-json\/wp\/v2\/pages\/42185\/revisions\/42187"}],"wp:attachment":[{"href":"https:\/\/www.lacharviere.nl\/fr\/wp-json\/wp\/v2\/media?parent=42185"}],"curies":[{"name":"wp","href":"https:\/\/api.w.org\/{rel}","templated":true}]}}