{"id":42182,"date":"2016-11-18T21:23:51","date_gmt":"2016-11-18T20:23:51","guid":{"rendered":"https:\/\/www.lacharviere.nl\/disponibilites-2026\/"},"modified":"2026-05-07T12:58:58","modified_gmt":"2026-05-07T10:58:58","slug":"disponibilites-2026","status":"publish","type":"page","link":"https:\/\/www.lacharviere.nl\/fr\/disponibilites-2026\/","title":{"rendered":"Disponibilit\u00e9s 2026"},"content":{"rendered":"<div class=\"wpb-content-wrapper\">[vc_row full_width=\u00a0\u00bbstretch_row\u00a0\u00bb full_height=\u00a0\u00bbyes\u00a0\u00bb el_class=\u00a0\u00bbbg-fixed\u00a0\u00bb css=\u00a0\u00bb.vc_custom_1490601355420{background-image: url(http:\/\/www.lacharviere.nl\/wp-content\/uploads\/2016\/12\/P5040129.jpg?id=418) !important;}\u00a0\u00bb][vc_column][vc_column_text]<div id=\"ep-arrow\"><a href=\"#content\"><div id=\"temp-id\"  style=\"font-size:45px; color: #FFFFFF; animation-duration:2s; margin-left: -22.5px; \" data-duration_time=\"10000\" data-scrolling=\"true\" data-disable_duration=\"true\" data-disable_bouncing=\"false\" class=\"echo-content-down-arrow epda-icon-arrow-regular temp-class bounce-effect-1 \"><\/div><\/a><\/div>[\/vc_column_text][\/vc_column][\/vc_row][vc_row][vc_column width=\u00a0\u00bb1\/2&Prime;][vc_column_text css=\u00a0\u00bb\u00a0\u00bb]\n<h1>Disponibilit\u00e9s 2026 CAMPING<\/h1>\n<p>Pour les disponibilit\u00e9s 2026 du camping, tu peux nous contacter par e-mail : campinglacharviere@gmail.com<\/p>\n<p>ou via le formulaire de contact. Attention : nos r\u00e9ponses arrivent r\u00e9guli\u00e8rement dans les spams. Pense bien \u00e0 les v\u00e9rifier.  <\/p>\n<figure id=\"attachment_3073\" aria-describedby=\"caption-attachment-3073\" style=\"width: 225px\" class=\"wp-caption alignnone\"><img loading=\"lazy\" decoding=\"async\" class=\"size-medium wp-image-3073\" src=\"http:\/\/www.lacharviere.nl\/wp-content\/uploads\/2020\/02\/Dippen-225x300.jpg\" alt=\"\" width=\"225\" height=\"300\" srcset=\"https:\/\/www.lacharviere.nl\/wp-content\/uploads\/2020\/02\/Dippen-225x300.jpg 225w, https:\/\/www.lacharviere.nl\/wp-content\/uploads\/2020\/02\/Dippen.jpg 480w\" sizes=\"auto, (max-width: 225px) 100vw, 225px\" \/><figcaption id=\"caption-attachment-3073\" class=\"wp-caption-text\"><a style=\"background-color: var(--wpex-surface-1);\" href=\"https:\/\/www.charmecamping.nl\/frankrijk\/auvergne-rhone-alpes\/allier\/domaine-la-charviere\/\">Camping de charme<\/a><\/figcaption><\/figure>\n<p><a href=\"http:\/\/www.lacharviere.nl\/tarieven-2\/\">Tarifs<\/a>[\/vc_column_text][\/vc_column][vc_column width=\u00a0\u00bb1\/2&Prime;]<div class=\"vcex-spacing wpex-w-100 wpex-clear\" style=\"height:40px;\"><\/div><div class=\"vcex-shortcode wpex-clr\">\n<div class=\"wpcf7 no-js\" id=\"wpcf7-f4-o1\" lang=\"nl-NL\" dir=\"ltr\" data-wpcf7-id=\"4\">\n<div class=\"screen-reader-response\"><p role=\"status\" aria-live=\"polite\" aria-atomic=\"true\"><\/p> <ul><\/ul><\/div>\n<form action=\"\/fr\/wp-json\/wp\/v2\/pages\/42182#wpcf7-f4-o1\" method=\"post\" class=\"wpcf7-form init\" aria-label=\"Contactformulier\" novalidate=\"novalidate\" data-status=\"init\">\n<fieldset class=\"hidden-fields-container\"><input type=\"hidden\" name=\"_wpcf7\" value=\"4\" \/><input type=\"hidden\" name=\"_wpcf7_version\" value=\"6.1.5\" \/><input type=\"hidden\" name=\"_wpcf7_locale\" value=\"nl_NL\" \/><input type=\"hidden\" name=\"_wpcf7_unit_tag\" value=\"wpcf7-f4-o1\" \/><input type=\"hidden\" name=\"_wpcf7_container_post\" value=\"0\" \/><input type=\"hidden\" name=\"_wpcf7_posted_data_hash\" value=\"\" \/><input type=\"hidden\" name=\"_wpcf7_recaptcha_response\" value=\"\" \/>\n<\/fieldset>\n<div id=\"responsive-form\" class=\"clearfix\">\n\t<div class=\"form-row\">\n\t\t<div class=\"column-half\">\n\t\t\t<p><span class=\"wpcf7-form-control-wrap\" data-name=\"your-name\"><input size=\"40\" maxlength=\"400\" class=\"wpcf7-form-control wpcf7-text wpcf7-validates-as-required\" aria-required=\"true\" aria-invalid=\"false\" placeholder=\"Naam *\" value=\"\" type=\"text\" name=\"your-name\" \/><\/span>\n\t\t\t<\/p>\n\t\t<\/div>\n\t\t<div class=\"column-half\">\n\t\t\t<p><span class=\"wpcf7-form-control-wrap\" data-name=\"your-email\"><input size=\"40\" maxlength=\"400\" class=\"wpcf7-form-control wpcf7-email wpcf7-validates-as-required wpcf7-text wpcf7-validates-as-email\" aria-required=\"true\" aria-invalid=\"false\" placeholder=\"E-mail *\" value=\"\" type=\"email\" name=\"your-email\" \/><\/span>\n\t\t\t<\/p>\n\t\t<\/div>\n\t<\/div>\n\t<div class=\"form-row\">\n\t\t<div class=\"column-full\">\n\t\t\t<p><span class=\"wpcf7-form-control-wrap\" data-name=\"bericht\"><textarea cols=\"40\" rows=\"10\" maxlength=\"2000\" class=\"wpcf7-form-control wpcf7-textarea wpcf7-validates-as-required\" aria-required=\"true\" aria-invalid=\"false\" placeholder=\"Bericht *\" name=\"bericht\"><\/textarea><\/span>\n\t\t\t<\/p>\n\t\t<\/div>\n\t<\/div>\n\t<div class=\"form-row\">\n\t\t<div class=\"column-full\">\n\t\t\t<p><input class=\"wpcf7-form-control wpcf7-submit has-spinner\" type=\"submit\" value=\"Verzenden\" \/>\n\t\t\t<\/p>\n\t\t<\/div>\n\t<\/div>\n<\/div><p style=\"display: none !important;\" class=\"akismet-fields-container\" data-prefix=\"_wpcf7_ak_\"><label>&#916;<textarea name=\"_wpcf7_ak_hp_textarea\" cols=\"45\" rows=\"8\" maxlength=\"100\"><\/textarea><\/label><input type=\"hidden\" id=\"ak_js_1\" name=\"_wpcf7_ak_js\" value=\"214\"\/><script>\ndocument.getElementById( \"ak_js_1\" ).setAttribute( \"value\", ( new Date() ).getTime() );\n<\/script>\n<\/p><div class=\"wpcf7-response-output\" aria-hidden=\"true\"><\/div>\n<\/form>\n<\/div>\n<\/div>[\/vc_column][\/vc_row][vc_row full_width=\u00a0\u00bbstretch_row\u00a0\u00bb css=\u00a0\u00bb.vc_custom_1771230684986{padding-top: 40px !important;background-color: #ffffff !important;}\u00a0\u00bb el_id=\u00a0\u00bbcontent\u00a0\u00bb][vc_column][vc_column_text css=\u00a0\u00bb\u00a0\u00bb]\n<h2>Disponibilit\u00e9s des h\u00e9bergements<\/h2>\n<p>Pour plus d\u2019informations et les disponibilit\u00e9s, rendez-vous sur  <a href=\"https:\/\/www.campinglacharviere.com\/\" target=\"_blank\" rel=\"noopener\">www.campinglacharviere.com<\/a><\/p>\n[\/vc_column_text][\/vc_column][\/vc_row][vc_row full_width=\u00a0\u00bbstretch_row\u00a0\u00bb disable_element=\u00a0\u00bbyes\u00a0\u00bb css=\u00a0\u00bb.vc_custom_1771230630978{padding-top: 40px !important;background-color: #ffffff !important;}\u00a0\u00bb][vc_column width=\u00a0\u00bb1\/2&Prime;][vc_column_text css=\u00a0\u00bb\u00a0\u00bb]\n<h2>Disponibilit\u00e9s G\u00ceTE mouton<\/h2>\n<p>PAR SEMAINE DU SAMEDI AU SAMEDI EN HAUTE SAISON<\/p>\n<p>MINIMUM 3 JOURS EN BASSE ET MOYENNE SAISON<\/p>\n[\/vc_column_text][\/vc_column][vc_column width=\u00a0\u00bb1\/2&Prime;][vc_column_text css=\u00a0\u00bb\u00a0\u00bb]\n<h2>Disponibilit\u00e9s G\u00ceTE ch\u00e8vre<\/h2>\n<p>&nbsp;<\/p>\n<p>PAR SEMAINE DU SAMEDI AU SAMEDI EN HAUTE SAISON<\/p>\n<p>MINIMUM 3 JOURS EN BASSE ET MOYENNE SAISON[\/vc_column_text][\/vc_column][\/vc_row][vc_row full_width=\u00a0\u00bbstretch_row\u00a0\u00bb disable_element=\u00a0\u00bbyes\u00a0\u00bb css=\u00a0\u00bb.vc_custom_1771230653223{padding-top: 40px !important;background-color: #ffffff !important;}\u00a0\u00bb][vc_column width=\u00a0\u00bb1\/2&Prime;][vc_column_text css=\u00a0\u00bb\u00a0\u00bb]\n<h2>Disponibilit\u00e9s TENTE SAFARI 1<\/h2>\n<p>PAR SEMAINE DU SAMEDI AU SAMEDI EN HAUTE SAISON<\/p>\n<p>MINIMUM 3 JOURS EN BASSE ET MOYENNE SAISON[\/vc_column_text][\/vc_column][vc_column width=\u00a0\u00bb1\/2&Prime;][vc_column_text css=\u00a0\u00bb\u00a0\u00bb]\n<h2>Disponibilit\u00e9s TENTE SAFARI 2<\/h2>\n<p>PAR SEMAINE DU SAMEDI AU SAMEDI EN HAUTE SAISON<\/p>\n<p>MINIMUM 3 JOURS EN BASSE ET MOYENNE SAISON[\/vc_column_text][\/vc_column][\/vc_row][vc_row full_width=\u00a0\u00bbstretch_row\u00a0\u00bb disable_element=\u00a0\u00bbyes\u00a0\u00bb css=\u00a0\u00bb.vc_custom_1771230658608{padding-top: 40px !important;background-color: #ffffff !important;}\u00a0\u00bb][vc_column width=\u00a0\u00bb1\/2&Prime;][vc_column_text css=\u00a0\u00bb\u00a0\u00bb]\n<h2>Disponibilit\u00e9s TENTE SAFARI 3<\/h2>\n<p>PAR SEMAINE DU SAMEDI AU SAMEDI EN HAUTE SAISON<\/p>\n<p>MINIMUM 3 JOURS EN BASSE ET MOYENNE SAISON[\/vc_column_text][\/vc_column][vc_column width=\u00a0\u00bb1\/2&Prime;][vc_column_text css=\u00a0\u00bb\u00a0\u00bb]\n<h2>Disponibilit\u00e9s TENTE SAFARI 4<\/h2>\n<p>PAR SEMAINE DU SAMEDI AU SAMEDI EN HAUTE SAISON<\/p>\n<p>MINIMUM 3 JOURS EN BASSE ET MOYENNE SAISON[\/vc_column_text][\/vc_column][\/vc_row][vc_row full_width=\u00a0\u00bbstretch_row\u00a0\u00bb disable_element=\u00a0\u00bbyes\u00a0\u00bb css=\u00a0\u00bb.vc_custom_1771230663884{padding-top: 40px !important;background-color: #ffffff !important;}\u00a0\u00bb][vc_column width=\u00a0\u00bb1\/2&Prime;][vc_column_text css=\u00a0\u00bb\u00a0\u00bb]\n<h2>Disponibilit\u00e9s MOBIL-HOME 1<\/h2>\n<p>PAR SEMAINE DU SAMEDI AU SAMEDI EN HAUTE SAISON<\/p>\n<p>MINIMUM 3 JOURS EN BASSE ET MOYENNE SAISON[\/vc_column_text][\/vc_column][vc_column width=\u00a0\u00bb1\/2&Prime;][vc_column_text css=\u00a0\u00bb\u00a0\u00bb]\n<h2>Disponibilit\u00e9s MOBIL-HOME 2<\/h2>\n<p>PAR SEMAINE DU SAMEDI AU SAMEDI EN HAUTE SAISON<\/p>\n<p>MINIMUM 3 JOURS EN BASSE ET MOYENNE SAISON[\/vc_column_text][\/vc_column][\/vc_row][vc_row full_width=\u00a0\u00bbstretch_row\u00a0\u00bb disable_element=\u00a0\u00bbyes\u00a0\u00bb css=\u00a0\u00bb.vc_custom_1771230672020{padding-top: 40px !important;background-color: #ffffff !important;}\u00a0\u00bb][vc_column width=\u00a0\u00bb1\/2&Prime;][vc_column_text css=\u00a0\u00bb\u00a0\u00bb]\n<h2>Disponibilit\u00e9s Tente tipi \u00e2ne deluxe<\/h2>\n<p>PAR SEMAINE DU SAMEDI AU SAMEDI EN HAUTE SAISON<\/p>\n<p>MINIMUM 3 JOURS EN BASSE ET MOYENNE SAISON<\/p>\n<p>Retourner \u00e0 la page d\u2019accueil : <a href=\"http:\/\/www.lacharviere.nl\/fr\/\">Camping \u00e0 la ferme Propri\u00e9taires belges<\/a>[\/vc_column_text][\/vc_column][vc_column width=\u00a0\u00bb1\/2&Prime;][vc_column_text css=\u00a0\u00bb\u00a0\u00bb]\n<h2>Disponibilit\u00e9s Tente tipi Soay back to basic<\/h2>\n<p>PAR SEMAINE DU SAMEDI AU SAMEDI EN HAUTE SAISON<\/p>\n<p>MINIMUM 3 JOURS EN BASSE ET MOYENNE SAISON[\/vc_column_text][\/vc_column][\/vc_row][vc_row full_width=\u00a0\u00bbstretch_row\u00a0\u00bb wpex_bg_overlay=\u00a0\u00bbdark\u00a0\u00bb min_height=\u00a0\u00bb500px\u00a0\u00bb el_class=\u00a0\u00bbbg-fixed\u00a0\u00bb wpex_bg_overlay_color=\u00a0\u00bb#000000&Prime; wpex_bg_overlay_opacity=\u00a0\u00bb0.4&Prime; css=\u00a0\u00bb.vc_custom_1490283020586{background-image: url(http:\/\/www.lacharviere.nl\/wp-content\/uploads\/2016\/11\/safaritent.jpg?id=57) !important;}\u00a0\u00bb][vc_column][vc_row_inner][vc_column_inner css=\u00a0\u00bb.vc_custom_1479457400906{padding-top: 120px !important;}\u00a0\u00bb]<style>.vcex-heading.vcex_69fcaa05a6092{color:#ffffff;font-size:55px;font-family:Lato, sans-serif;font-weight:700;}@media (max-width:479px){.vcex-heading.vcex_69fcaa05a6092{font-size:35px;}}<\/style><div class=\"vcex-heading vcex-heading-plain vcex-module wpex-heading wpex-text-2xl wpex-text-center titel vcex_69fcaa05a6092\"><span class=\"vcex-heading-inner wpex-inline-block\">Le g\u00eete est d\u00e9j\u00e0 lou\u00e9 ?<\/span><\/div>[vc_column_text el_class=\u00a0\u00bbsubtitel\u00a0\u00bb]\n<p style=\"text-align: center;\">Une tente bungalow ou une tente safari enti\u00e8rement \u00e9quip\u00e9e pourrait \u00eatre une alternative sympa pour toi.<\/p>\n[\/vc_column_text]<style>.vcex-button.vcex_69fcaa05a8187{border-radius:0px;background:#4e9519;color:#ffffff!important;font-size:18px;font-weight:400;text-transform:uppercase;}.vcex-button.vcex_69fcaa05a8187:hover{background:#4e9519!important;color:#ffffff!important;}<\/style><div class=\"vc_custom_1480601385391 wpex-clr\"><div class=\"theme-button-wrap textcenter wpex-clr\"><a href=\"http:\/\/www.lacharviere.nl\/huurtenten\/\" class=\"vcex-button theme-button align-center inline vcex_69fcaa05a8187\" title=\"Meer informatie\"><span class=\"vcex-button-inner theme-button-inner wpex-flex wpex-flex-wrap wpex-items-center wpex-justify-center\">Clique ici pour plus d\u2019informations<\/span><\/a><\/div><\/div> [\/vc_column_inner][\/vc_row_inner][\/vc_column][\/vc_row]\n<\/div>","protected":false},"excerpt":{"rendered":"<p>[vc_row full_width=\u00a0\u00bbstretch_row\u00a0\u00bb full_height=\u00a0\u00bbyes\u00a0\u00bb el_class=\u00a0\u00bbbg-fixed\u00a0\u00bb css=\u00a0\u00bb.vc_custom_1490601355420{background-image: url(http:\/\/www.lacharviere.nl\/wp-content\/uploads\/2016\/12\/P5040129.jpg?id=418) !important;}\u00a0\u00bb][vc_column][vc_column_text][\/vc_column_text][\/vc_column][\/vc_row][vc_row][vc_column width=\u00a0\u00bb1\/2&Prime;][vc_column_text css=\u00a0\u00bb\u00a0\u00bb] Disponibilit\u00e9s 2026 CAMPING Pour les disponibilit\u00e9s 2026 du camping, tu peux nous contacter par e-mail : campinglacharviere@gmail.com ou via le formulaire de contact. Attention : nos r\u00e9ponses arrivent r\u00e9guli\u00e8rement dans les spams. Pense bien \u00e0 les v\u00e9rifier. Tarifs[\/vc_column_text][\/vc_column][vc_column width=\u00a0\u00bb1\/2&Prime;][\/vc_column][\/vc_row][vc_row full_width=\u00a0\u00bbstretch_row\u00a0\u00bb css=\u00a0\u00bb.vc_custom_1771230684986{padding-top: 40px !important;background-color: #ffffff !important;}\u00a0\u00bb el_id=\u00a0\u00bbcontent\u00a0\u00bb][vc_column][vc_column_text&hellip;<\/p>\n","protected":false},"author":1,"featured_media":0,"parent":0,"menu_order":0,"comment_status":"closed","ping_status":"closed","template":"","meta":{"footnotes":""},"class_list":["post-42182","page","type-page","status-publish","hentry","entry","no-media"],"_links":{"self":[{"href":"https:\/\/www.lacharviere.nl\/fr\/wp-json\/wp\/v2\/pages\/42182","targetHints":{"allow":["GET"]}}],"collection":[{"href":"https:\/\/www.lacharviere.nl\/fr\/wp-json\/wp\/v2\/pages"}],"about":[{"href":"https:\/\/www.lacharviere.nl\/fr\/wp-json\/wp\/v2\/types\/page"}],"author":[{"embeddable":true,"href":"https:\/\/www.lacharviere.nl\/fr\/wp-json\/wp\/v2\/users\/1"}],"replies":[{"embeddable":true,"href":"https:\/\/www.lacharviere.nl\/fr\/wp-json\/wp\/v2\/comments?post=42182"}],"version-history":[{"count":2,"href":"https:\/\/www.lacharviere.nl\/fr\/wp-json\/wp\/v2\/pages\/42182\/revisions"}],"predecessor-version":[{"id":42184,"href":"https:\/\/www.lacharviere.nl\/fr\/wp-json\/wp\/v2\/pages\/42182\/revisions\/42184"}],"wp:attachment":[{"href":"https:\/\/www.lacharviere.nl\/fr\/wp-json\/wp\/v2\/media?parent=42182"}],"curies":[{"name":"wp","href":"https:\/\/api.w.org\/{rel}","templated":true}]}}