{"id":42161,"date":"2016-11-21T22:16:38","date_gmt":"2016-11-21T21:16:38","guid":{"rendered":"https:\/\/www.lacharviere.nl\/la-bande-danimaux\/"},"modified":"2026-05-07T12:55:05","modified_gmt":"2026-05-07T10:55:05","slug":"la-bande-danimaux","status":"publish","type":"page","link":"https:\/\/www.lacharviere.nl\/fr\/la-bande-danimaux\/","title":{"rendered":"La bande d\u2019animaux"},"content":{"rendered":"<div class=\"wpb-content-wrapper\">[vc_row full_width=\u00a0\u00bbstretch_row\u00a0\u00bb full_height=\u00a0\u00bbyes\u00a0\u00bb el_class=\u00a0\u00bbbg-fixed\u00a0\u00bb min_height=\u00a0\u00bb350px\u00a0\u00bb css=\u00a0\u00bb.vc_custom_1490351000519{background-image: url(http:\/\/www.lacharviere.nl\/wp-content\/uploads\/2016\/12\/P4033968.jpg?id=404) !important;}\u00a0\u00bb][vc_column][vc_column_text]<div id=\"ep-arrow\"><a href=\"#content\"><div id=\"temp-id\"  style=\"font-size:45px; color: #FFFFFF; animation-duration:2s; margin-left: -22.5px; \" data-duration_time=\"10000\" data-scrolling=\"true\" data-disable_duration=\"true\" data-disable_bouncing=\"false\" class=\"echo-content-down-arrow epda-icon-arrow-regular temp-class bounce-effect-1 \"><\/div><\/a><\/div>[\/vc_column_text][\/vc_column][\/vc_row][vc_row][vc_column][vc_column_text css=\u00a0\u00bb\u00a0\u00bb]\n<h1>La bande d\u2019animaux<\/h1>\n<p>Rencontre nos animaux au camping La Charvi\u00e8re. Calme, nature et plaisir pour les petits explorateurs. Au camping La Charvi\u00e8re, de nombreux animaux vivent au c\u0153ur de la verdure. En suivant un petit sentier paisible, vous vous prom\u00e8nerez ensemble le long des enclos, \u00e0 travers l\u2019herbe et les prairies. Prends ton temps, \u00e9coute bien\u2026 car partout, on entend les animaux.    <\/p>\n<p data-start=\"345\" data-end=\"688\">Les enfants peuvent observer les animaux de pr\u00e8s, ramasser les \u0153ufs ou simplement marcher pieds nus dans l\u2019herbe. Pendant ce temps, les parents savourent un caf\u00e9 pr\u00e8s de la tente ou du camping-car, ou sur notre terrasse accueillante, avec vue sur les animaux et les p\u00e2turages. <\/p>\n<h1>Poules, canards et oies<br \/>\n<img loading=\"lazy\" decoding=\"async\" class=\"alignnone wp-image-41178\" src=\"http:\/\/www.lacharviere.nl\/wp-content\/uploads\/2026\/02\/EEND-300x225.jpg\" alt=\"\" width=\"148\" height=\"111\" srcset=\"https:\/\/www.lacharviere.nl\/wp-content\/uploads\/2026\/02\/EEND-300x225.jpg 300w, https:\/\/www.lacharviere.nl\/wp-content\/uploads\/2026\/02\/EEND-768x576.jpg 768w, https:\/\/www.lacharviere.nl\/wp-content\/uploads\/2026\/02\/EEND-1536x1152.jpg 1536w, https:\/\/www.lacharviere.nl\/wp-content\/uploads\/2026\/02\/EEND.jpg 1600w\" sizes=\"auto, (max-width: 148px) 100vw, 148px\" \/><img loading=\"lazy\" decoding=\"async\" class=\"wp-image-488 size-thumbnail\" src=\"http:\/\/www.lacharviere.nl\/wp-content\/uploads\/2016\/12\/P8281498-150x150.jpg\" alt=\"\" width=\"150\" height=\"150\" srcset=\"https:\/\/www.lacharviere.nl\/wp-content\/uploads\/2016\/12\/P8281498-150x150.jpg 150w, https:\/\/www.lacharviere.nl\/wp-content\/uploads\/2016\/12\/P8281498-80x80.jpg 80w\" sizes=\"auto, (max-width: 150px) 100vw, 150px\" \/><\/h1>\n<p data-start=\"0\" data-end=\"343\">Tout d\u2019abord, tu seras r\u00e9veill\u00e9 le matin par le joyeux caquetage des poules et les sympathiques cancanements des canards et des oies.<\/p>\n<h1 style=\"margin: 30px 0px 20px; color: #222222; font-style: normal; font-weight: 600; line-height: 1.25; letter-spacing: normal; text-transform: none; text-wrap: wrap; font-size: 32.2508px;\"><img loading=\"lazy\" decoding=\"async\" class=\"alignnone wp-image-41182\" src=\"http:\/\/www.lacharviere.nl\/wp-content\/uploads\/2026\/02\/GANS-200x300.jpg\" alt=\"\" width=\"207\" height=\"311\" srcset=\"https:\/\/www.lacharviere.nl\/wp-content\/uploads\/2026\/02\/GANS-200x300.jpg 200w, https:\/\/www.lacharviere.nl\/wp-content\/uploads\/2026\/02\/GANS-768x1152.jpg 768w, https:\/\/www.lacharviere.nl\/wp-content\/uploads\/2026\/02\/GANS.jpg 1024w\" sizes=\"auto, (max-width: 207px) 100vw, 207px\" \/><\/h1>\n<p data-start=\"0\" data-end=\"343\">Alors que la ros\u00e9e perle encore sur l\u2019herbe et que le soleil appara\u00eet doucement au-dessus des champs, la ferme s\u2019\u00e9veille pas \u00e0 pas. Tu entendras le meuglement discret des vaches au loin et le bruissement de la paille dans l\u2019\u00e9table. <\/p>\n<h2>Ida le cochon<br \/>\n<img loading=\"lazy\" decoding=\"async\" class=\"alignnone size-medium wp-image-41024\" src=\"http:\/\/www.lacharviere.nl\/wp-content\/uploads\/2026\/02\/IDA-1-225x300.jpg\" alt=\"\" width=\"225\" height=\"300\" srcset=\"https:\/\/www.lacharviere.nl\/wp-content\/uploads\/2026\/02\/IDA-1-225x300.jpg 225w, https:\/\/www.lacharviere.nl\/wp-content\/uploads\/2026\/02\/IDA-1-1425x1900.jpg 1425w, https:\/\/www.lacharviere.nl\/wp-content\/uploads\/2026\/02\/IDA-1-768x1024.jpg 768w, https:\/\/www.lacharviere.nl\/wp-content\/uploads\/2026\/02\/IDA-1-1152x1536.jpg 1152w, https:\/\/www.lacharviere.nl\/wp-content\/uploads\/2026\/02\/IDA-1.jpg 1500w\" sizes=\"auto, (max-width: 225px) 100vw, 225px\" \/><\/h2>\n<p data-start=\"62\" data-end=\"291\">Fais la connaissance d\u2019<strong data-start=\"78\" data-end=\"96\">Ida le cochon<\/strong> ! Tu l\u2019entendras arriver avec un petit grognement de satisfaction. D\u00e8s que les campeurs ont fini de manger, elle attend curieusement pr\u00e8s de la barri\u00e8re pour recevoir quelques d\u00e9licieux restes de fruits ou de l\u00e9gumes. <\/p>\n<p data-start=\"293\" data-end=\"465\">Avec son dr\u00f4le de groin et son caract\u00e8re amical, Ida est une v\u00e9ritable star aupr\u00e8s des enfants, et devient ainsi pour beaucoup un souvenir inoubliable de la vie \u00e0 la ferme au camping.<\/p>\n<h2>Les \u00e2nes<br \/>\n<img loading=\"lazy\" decoding=\"async\" class=\"alignnone size-medium wp-image-40910\" src=\"http:\/\/www.lacharviere.nl\/wp-content\/uploads\/2026\/02\/EZELS-300x227.jpg\" alt=\"\" width=\"300\" height=\"227\" srcset=\"https:\/\/www.lacharviere.nl\/wp-content\/uploads\/2026\/02\/EZELS-300x227.jpg 300w, https:\/\/www.lacharviere.nl\/wp-content\/uploads\/2026\/02\/EZELS-768x582.jpg 768w, https:\/\/www.lacharviere.nl\/wp-content\/uploads\/2026\/02\/EZELS.jpg 1069w\" sizes=\"auto, (max-width: 300px) 100vw, 300px\" \/><\/h2>\n<p data-start=\"79\" data-end=\"271\">Nos \u00e2nes se font toujours remarquer : avec leur braiment typique, ils se saluent entre eux et accueillent les vacanciers. Dans le pr\u00e9 se trouvent un adorable mini-\u00e2ne et une jument amicale qui attend actuellement un petit. <\/p>\n<p data-start=\"273\" data-end=\"439\">Ils aiment venir voir qui passe le long de la cl\u00f4ture et profitent de toute l\u2019attention qu\u2019on leur porte, un coin de ferme joyeux et vivant qu\u2019on ne risque pas de rater !<\/p>\n<h2>Chevaux et poneys<br \/>\n<img loading=\"lazy\" decoding=\"async\" class=\"alignnone wp-image-40906\" src=\"http:\/\/www.lacharviere.nl\/wp-content\/uploads\/2026\/02\/PONIES-300x169.jpg\" alt=\"\" width=\"318\" height=\"179\" srcset=\"https:\/\/www.lacharviere.nl\/wp-content\/uploads\/2026\/02\/PONIES-300x169.jpg 300w, https:\/\/www.lacharviere.nl\/wp-content\/uploads\/2026\/02\/PONIES-768x432.jpg 768w, https:\/\/www.lacharviere.nl\/wp-content\/uploads\/2026\/02\/PONIES-1536x864.jpg 1536w, https:\/\/www.lacharviere.nl\/wp-content\/uploads\/2026\/02\/PONIES.jpg 1600w\" sizes=\"auto, (max-width: 318px) 100vw, 318px\" \/><img loading=\"lazy\" decoding=\"async\" class=\"alignnone wp-image-41887\" src=\"http:\/\/www.lacharviere.nl\/wp-content\/uploads\/2026\/04\/paarden-1-300x174.jpg\" alt=\"\" width=\"303\" height=\"176\" srcset=\"https:\/\/www.lacharviere.nl\/wp-content\/uploads\/2026\/04\/paarden-1-300x174.jpg 300w, https:\/\/www.lacharviere.nl\/wp-content\/uploads\/2026\/04\/paarden-1-1900x1104.jpg 1900w, https:\/\/www.lacharviere.nl\/wp-content\/uploads\/2026\/04\/paarden-1-768x446.jpg 768w, https:\/\/www.lacharviere.nl\/wp-content\/uploads\/2026\/04\/paarden-1-1536x893.jpg 1536w, https:\/\/www.lacharviere.nl\/wp-content\/uploads\/2026\/04\/paarden-1.jpg 1920w\" sizes=\"auto, (max-width: 303px) 100vw, 303px\" \/><\/h2>\n<p data-start=\"50\" data-end=\"286\">Nos 4 chevaux et 6 poneys sont de vrais champions du c\u00e2lin ! Ils tr\u00e9pignent presque d\u2019impatience en attendant leurs moments pr\u00e9f\u00e9r\u00e9s de la journ\u00e9e : le brossage, les c\u00e2lins et les d\u00e9couvertes ensemble lors d\u2019une belle promenade dans les environs. <\/p>\n<p data-start=\"288\" data-end=\"462\">De plus, les enfants peuvent aider \u00e0 les nourrir. Quel plaisir de faire connaissance de si pr\u00e8s avec ces adorables compagnons \u00e0 quatre pattes ! Une v\u00e9ritable exp\u00e9rience \u00e0 la ferme \u00e0 ne jamais oublier ! <\/p>\n<h2>Moutons et ch\u00e8vres<br \/>\n<img loading=\"lazy\" decoding=\"async\" class=\"alignnone wp-image-41180\" src=\"http:\/\/www.lacharviere.nl\/wp-content\/uploads\/2026\/02\/SOAYJES-300x225.jpg\" alt=\"\" width=\"265\" height=\"199\" srcset=\"https:\/\/www.lacharviere.nl\/wp-content\/uploads\/2026\/02\/SOAYJES-300x225.jpg 300w, https:\/\/www.lacharviere.nl\/wp-content\/uploads\/2026\/02\/SOAYJES-768x576.jpg 768w, https:\/\/www.lacharviere.nl\/wp-content\/uploads\/2026\/02\/SOAYJES-1536x1152.jpg 1536w, https:\/\/www.lacharviere.nl\/wp-content\/uploads\/2026\/02\/SOAYJES.jpg 1600w\" sizes=\"auto, (max-width: 265px) 100vw, 265px\" \/><\/h2>\n<h2 style=\"margin: 30px 0px 20px; font-style: normal; line-height: 1.25; letter-spacing: normal; text-wrap: wrap; font-size: 26.8333px;\"><img loading=\"lazy\" decoding=\"async\" class=\" wp-image-40904 alignright\" src=\"http:\/\/www.lacharviere.nl\/wp-content\/uploads\/2026\/02\/ouessant-schapen-300x225.jpg\" alt=\"\" width=\"264\" height=\"198\" srcset=\"https:\/\/www.lacharviere.nl\/wp-content\/uploads\/2026\/02\/ouessant-schapen-300x225.jpg 300w, https:\/\/www.lacharviere.nl\/wp-content\/uploads\/2026\/02\/ouessant-schapen-1900x1425.jpg 1900w, https:\/\/www.lacharviere.nl\/wp-content\/uploads\/2026\/02\/ouessant-schapen-768x576.jpg 768w, https:\/\/www.lacharviere.nl\/wp-content\/uploads\/2026\/02\/ouessant-schapen-1536x1152.jpg 1536w, https:\/\/www.lacharviere.nl\/wp-content\/uploads\/2026\/02\/ouessant-schapen.jpg 1920w\" sizes=\"auto, (max-width: 264px) 100vw, 264px\" \/><\/h2>\n<p data-start=\"69\" data-end=\"261\">Lors de ta promenade parmi les animaux, tu croiseras aussi nos moutons miniatures si particuliers : les Soay et les Ouessant. Petits par la taille, mais grands par le charme, ils attirent toujours l\u2019attention par leur curiosit\u00e9 ! <\/p>\n<p data-start=\"263\" data-end=\"437\"><img loading=\"lazy\" decoding=\"async\" class=\"alignnone size-medium wp-image-41179\" src=\"http:\/\/www.lacharviere.nl\/wp-content\/uploads\/2026\/02\/GEIT-3-225x300.jpg\" alt=\"\" width=\"225\" height=\"300\" srcset=\"https:\/\/www.lacharviere.nl\/wp-content\/uploads\/2026\/02\/GEIT-3-225x300.jpg 225w, https:\/\/www.lacharviere.nl\/wp-content\/uploads\/2026\/02\/GEIT-3-1425x1900.jpg 1425w, https:\/\/www.lacharviere.nl\/wp-content\/uploads\/2026\/02\/GEIT-3-768x1024.jpg 768w, https:\/\/www.lacharviere.nl\/wp-content\/uploads\/2026\/02\/GEIT-3-1152x1536.jpg 1152w, https:\/\/www.lacharviere.nl\/wp-content\/uploads\/2026\/02\/GEIT-3.jpg 1500w\" sizes=\"auto, (max-width: 225px) 100vw, 225px\" \/><\/p>\n<p data-start=\"263\" data-end=\"437\">De plus, les enfants peuvent faire connaissance et jouer avec les biquettes, qui grimpent joyeusement sur les structures de jeux. Un endroit o\u00f9 les animaux et le plaisir de jouer vont de pair ! <\/p>\n<h2><\/h2>\n<h2>Petits animaux : cobayes, lapins, tortues et poissons<br \/>\n<img loading=\"lazy\" decoding=\"async\" class=\"alignnone size-medium wp-image-41025\" src=\"http:\/\/www.lacharviere.nl\/wp-content\/uploads\/2026\/02\/KONIJN-1-225x300.jpg\" alt=\"\" width=\"225\" height=\"300\" srcset=\"https:\/\/www.lacharviere.nl\/wp-content\/uploads\/2026\/02\/KONIJN-1-225x300.jpg 225w, https:\/\/www.lacharviere.nl\/wp-content\/uploads\/2026\/02\/KONIJN-1-1425x1900.jpg 1425w, https:\/\/www.lacharviere.nl\/wp-content\/uploads\/2026\/02\/KONIJN-1-768x1024.jpg 768w, https:\/\/www.lacharviere.nl\/wp-content\/uploads\/2026\/02\/KONIJN-1-1152x1536.jpg 1152w, https:\/\/www.lacharviere.nl\/wp-content\/uploads\/2026\/02\/KONIJN-1.jpg 1500w\" sizes=\"auto, (max-width: 225px) 100vw, 225px\" \/><\/h2>\n<p data-start=\"61\" data-end=\"227\">Il y a aussi beaucoup \u00e0 d\u00e9couvrir du c\u00f4t\u00e9 des petits enclos. C\u2019est ici que vivent les lapins, les cobayes, les tortues et les poissons, chacun ayant sa place attitr\u00e9e \u00e0 la ferme. <\/p>\n<p data-start=\"229\" data-end=\"370\">Les enfants peuvent c\u00e2liner tranquillement les cobayes et les lapins, un moment de douceur et de complicit\u00e9 qui donne toujours le sourire.<\/p>\n<h2>Les chats de la ferme<\/h2>\n<p data-start=\"76\" data-end=\"320\">Tu seras peut-\u00eatre accueilli par l\u2019un de nos chats curieux, qui viendra te voir pr\u00e8s de ta tente safari pour une petite caresse. Dans notre camping \u00e0 la ferme, tu ne te sens jamais seul : ici, tu es salu\u00e9 chaque jour par des amis \u00e0 quatre pattes enthousiastes ! <\/p>\n<h2 data-start=\"76\" data-end=\"320\">Simplement profiter et apprendre<\/h2>\n<p>Nos animaux disposent de beaucoup d\u2019espace : 2,5 hectares leur sont d\u00e9di\u00e9s, sur notre domaine de 5 hectares de nature. Beaucoup d\u2019herbe, de l\u2019air pur et surtout du calme, exactement ce que les animaux aiment. <\/p>\n<p>Chez nous, les enfants peuvent observer, apprendre et exp\u00e9rimenter. Lors des moments de soins, ils aident \u00e0 nourrir, brosser et c\u00e2liner. Bient\u00f4t, nous proposerons aussi des formules sympas, comme des balades \u00e0 poney et des ateliers de soins.  <\/p>\n<p>Que vous vous promeniez ensemble, que vous \u00e9coutiez les bruits de la nature ou que vous profitiez simplement du grand air : \u00e0 La Charvi\u00e8re, tout tourne autour de la d\u00e9couverte, de la d\u00e9tente et du plaisir partag\u00e9. Un lieu o\u00f9 les enfants jouent, o\u00f9 les animaux vivent paisiblement et o\u00f9 chacun se ressource. C\u2019est \u00e7a, le vrai bonheur ! Le joyeux bazar de La Charvi\u00e8re.   <\/p>\n<p>Consulte nos disponibilit\u00e9s : <a href=\"http:\/\/www.lacharviere.nl\/beschikbaarheid\/\">Disponibilit\u00e9s 2026 &#8211; La Charvi\u00e8re<\/a><br \/>\nRetour \u00e0 la page d\u2019accueil : <a href=\"http:\/\/www.lacharviere.nl\/fr\/\">Camping \u00e0 la ferme &#8211; Propri\u00e9taires belges<\/a><br \/>\nSuis les nouvelles de nos animaux sur notre page Facebook : <a href=\"https:\/\/www.facebook.com\/profile.php?id=61583551410210\"> Facebook<\/a><\/p>\n<p><a href=\"https:\/\/www.charmecamping.nl\/frankrijk\/auvergne-rhone-alpes\/allier\/domaine-la-charviere\/\">Camping la Charvi\u00e8re | Camping de charme dans le centre de la France<\/a><\/p>\n<p><span style=\"color: #ffffff; font-size: 10px;\">\u00c0<\/span>[\/vc_column_text][vc_column_text css=\u00a0\u00bb\u00a0\u00bb]<a href=\"https:\/\/www.lacharviere.nl\/tarieven\/\">Tarifs 2026<\/a><\/p>\n<p><a href=\"http:\/\/www.lacharviere.nl\/fr\/\">accueil<\/a>[\/vc_column_text][\/vc_column][vc_column css=\u00a0\u00bb.vc_custom_1479763333757{padding-top: 40px !important;}\u00a0\u00bb][vc_facebook css=\u00a0\u00bb\u00a0\u00bb]<style>.vcex-image-grid.vcex_69fca9d25a1a3{--wpex-row-gap:20px;}<\/style><div class=\"vcex-image-grid-wrap\"><div class=\"vcex-module vcex-image-grid grid-style-masonry wpex-row wpex-clr vcex-isotope-grid no-transition wpex-overflow-hidden vcex_69fca9d25a1a3\" data-transition-duration=\"0.0\"><div class=\"id-42145 vcex-image-grid-entry vcex-grid-item vcex-isotope-entry wpex-text-center span_1_of_3 col col-1\"><figure class=\"vcex-image-grid-entry-figure wpex-last-mb-0 wpex-clr\"><div class=\"vcex-image-grid-entry-img entry-media wpex-relative wpex-mb-20\"><a href=\"https:\/\/www.lacharviere.nl\/fr\/camping-a-la-ferme-a-petite-echelle-proprietaires-belges\/olympus-digital-camera-2-2\/\" class=\"vcex-image-grid-entry-link\"><img width=\"600\" height=\"425\" src=\"https:\/\/www.lacharviere.nl\/wp-content\/uploads\/2016\/11\/ezeltje-klein.jpg\" class=\"wpex-align-middle skip-lazy\" alt=\"\" data-no-lazy=\"1\" srcset=\"https:\/\/www.lacharviere.nl\/wp-content\/uploads\/2016\/11\/ezeltje-klein.jpg 600w, https:\/\/www.lacharviere.nl\/wp-content\/uploads\/2016\/11\/ezeltje-klein-300x213.jpg 300w\" sizes=\"(max-width: 600px) 100vw, 600px\" \/><\/a><\/div><\/figure><\/div><div class=\"id-42152 vcex-image-grid-entry vcex-grid-item vcex-isotope-entry wpex-text-center span_1_of_3 col col-2\"><figure class=\"vcex-image-grid-entry-figure wpex-last-mb-0 wpex-clr\"><div class=\"vcex-image-grid-entry-img entry-media wpex-relative wpex-mb-20\"><a href=\"https:\/\/www.lacharviere.nl\/fr\/olympus-digital-camera-110-2\/\" class=\"vcex-image-grid-entry-link\"><img width=\"2048\" height=\"1536\" src=\"https:\/\/www.lacharviere.nl\/wp-content\/uploads\/2016\/12\/P8281498.jpg\" class=\"wpex-align-middle skip-lazy\" alt=\"\" data-no-lazy=\"1\" srcset=\"https:\/\/www.lacharviere.nl\/wp-content\/uploads\/2016\/12\/P8281498.jpg 2048w, https:\/\/www.lacharviere.nl\/wp-content\/uploads\/2016\/12\/P8281498-300x225.jpg 300w, https:\/\/www.lacharviere.nl\/wp-content\/uploads\/2016\/12\/P8281498-768x576.jpg 768w, https:\/\/www.lacharviere.nl\/wp-content\/uploads\/2016\/12\/P8281498-1024x768.jpg 1024w\" sizes=\"(max-width: 2048px) 100vw, 2048px\" \/><\/a><\/div><\/figure><\/div><div class=\"id-42162 vcex-image-grid-entry vcex-grid-item vcex-isotope-entry wpex-text-center span_1_of_3 col col-3\"><figure class=\"vcex-image-grid-entry-figure wpex-last-mb-0 wpex-clr\"><div class=\"vcex-image-grid-entry-img entry-media wpex-relative wpex-mb-20\"><a href=\"https:\/\/www.lacharviere.nl\/fr\/la-bande-danimaux\/olympus-digital-camera-61-2\/\" class=\"vcex-image-grid-entry-link\"><img width=\"2048\" height=\"1536\" src=\"https:\/\/www.lacharviere.nl\/wp-content\/uploads\/2016\/12\/P5290491.jpg\" class=\"wpex-align-middle skip-lazy\" alt=\"\" data-no-lazy=\"1\" srcset=\"https:\/\/www.lacharviere.nl\/wp-content\/uploads\/2016\/12\/P5290491.jpg 2048w, https:\/\/www.lacharviere.nl\/wp-content\/uploads\/2016\/12\/P5290491-300x225.jpg 300w, https:\/\/www.lacharviere.nl\/wp-content\/uploads\/2016\/12\/P5290491-768x576.jpg 768w, https:\/\/www.lacharviere.nl\/wp-content\/uploads\/2016\/12\/P5290491-1900x1425.jpg 1900w\" sizes=\"(max-width: 2048px) 100vw, 2048px\" \/><\/a><\/div><\/figure><\/div><\/div><\/div>[\/vc_column][\/vc_row][vc_row full_width=\u00a0\u00bbstretch_row\u00a0\u00bb wpex_bg_overlay=\u00a0\u00bbdark\u00a0\u00bb min_height=\u00a0\u00bb500px\u00a0\u00bb el_class=\u00a0\u00bbbg-fixed\u00a0\u00bb wpex_bg_overlay_color=\u00a0\u00bb#000000&Prime; wpex_bg_overlay_opacity=\u00a0\u00bb0.4&Prime; css=\u00a0\u00bb.vc_custom_1490282342178{background-image: url(http:\/\/www.lacharviere.nl\/wp-content\/uploads\/2016\/12\/P8301515.jpg?id=491) !important;}\u00a0\u00bb][vc_column][vc_row_inner][vc_column_inner css=\u00a0\u00bb.vc_custom_1479457400906{padding-top: 120px !important;}\u00a0\u00bb]<style>.vcex-heading.vcex_69fca9d25fc35{color:#ffffff;font-size:55px;font-family:Lato, sans-serif;font-weight:700;}@media (max-width:479px){.vcex-heading.vcex_69fca9d25fc35{font-size:35px;}}<\/style><div class=\"vcex-heading vcex-heading-plain vcex-module wpex-heading wpex-text-2xl wpex-text-center titel vcex_69fca9d25fc35\"><span class=\"vcex-heading-inner wpex-inline-block\">r\u00e9servation et disponibilit\u00e9<\/span><\/div>[vc_column_text el_class=\u00a0\u00bbsubtitel\u00a0\u00bb][\/vc_column_text]<style>.vcex-button.vcex_69fca9d261e17{border-radius:0px;background:#4e9519;color:#ffffff!important;font-size:18px;font-weight:400;text-transform:uppercase;}.vcex-button.vcex_69fca9d261e17:hover{background:#4e9519!important;color:#ffffff!important;}<\/style><div class=\"vc_custom_1480601347638 wpex-clr\"><div class=\"theme-button-wrap textcenter wpex-clr\"><a href=\"http:\/\/www.lacharviere.nl\/beschikbaarheid\/\" class=\"vcex-button theme-button align-center inline vcex_69fca9d261e17\" title=\"Meer informatie\"><span class=\"vcex-button-inner theme-button-inner wpex-flex wpex-flex-wrap wpex-items-center wpex-justify-center\">Clique ici pour plus d\u2019informations<\/span><\/a><\/div><\/div> [\/vc_column_inner][\/vc_row_inner][\/vc_column][\/vc_row]\n<\/div>","protected":false},"excerpt":{"rendered":"<p>[vc_row full_width=\u00a0\u00bbstretch_row\u00a0\u00bb full_height=\u00a0\u00bbyes\u00a0\u00bb el_class=\u00a0\u00bbbg-fixed\u00a0\u00bb min_height=\u00a0\u00bb350px\u00a0\u00bb css=\u00a0\u00bb.vc_custom_1490351000519{background-image: url(http:\/\/www.lacharviere.nl\/wp-content\/uploads\/2016\/12\/P4033968.jpg?id=404) !important;}\u00a0\u00bb][vc_column][vc_column_text][\/vc_column_text][\/vc_column][\/vc_row][vc_row][vc_column][vc_column_text css=\u00a0\u00bb\u00a0\u00bb] La bande d\u2019animaux Rencontre nos animaux au camping La Charvi\u00e8re. Calme, nature et plaisir pour les petits explorateurs. Au camping La Charvi\u00e8re, de nombreux animaux vivent au c\u0153ur de la verdure. En suivant un petit sentier paisible, vous vous prom\u00e8nerez ensemble le long des enclos, \u00e0&hellip;<\/p>\n","protected":false},"author":1,"featured_media":0,"parent":0,"menu_order":0,"comment_status":"closed","ping_status":"closed","template":"","meta":{"footnotes":""},"class_list":["post-42161","page","type-page","status-publish","hentry","entry","no-media"],"_links":{"self":[{"href":"https:\/\/www.lacharviere.nl\/fr\/wp-json\/wp\/v2\/pages\/42161","targetHints":{"allow":["GET"]}}],"collection":[{"href":"https:\/\/www.lacharviere.nl\/fr\/wp-json\/wp\/v2\/pages"}],"about":[{"href":"https:\/\/www.lacharviere.nl\/fr\/wp-json\/wp\/v2\/types\/page"}],"author":[{"embeddable":true,"href":"https:\/\/www.lacharviere.nl\/fr\/wp-json\/wp\/v2\/users\/1"}],"replies":[{"embeddable":true,"href":"https:\/\/www.lacharviere.nl\/fr\/wp-json\/wp\/v2\/comments?post=42161"}],"version-history":[{"count":2,"href":"https:\/\/www.lacharviere.nl\/fr\/wp-json\/wp\/v2\/pages\/42161\/revisions"}],"predecessor-version":[{"id":42180,"href":"https:\/\/www.lacharviere.nl\/fr\/wp-json\/wp\/v2\/pages\/42161\/revisions\/42180"}],"wp:attachment":[{"href":"https:\/\/www.lacharviere.nl\/fr\/wp-json\/wp\/v2\/media?parent=42161"}],"curies":[{"name":"wp","href":"https:\/\/api.w.org\/{rel}","templated":true}]}}