{"id":42104,"date":"2016-11-24T09:43:17","date_gmt":"2016-11-24T08:43:17","guid":{"rendered":"https:\/\/www.lacharviere.nl\/rates-2026\/"},"modified":"2026-05-07T12:13:49","modified_gmt":"2026-05-07T10:13:49","slug":"rates-2026","status":"publish","type":"page","link":"https:\/\/www.lacharviere.nl\/en\/rates-2026\/","title":{"rendered":"Rates 2026"},"content":{"rendered":"<div class=\"wpb-content-wrapper\">[vc_row full_width=&#8221;stretch_row&#8221; full_height=&#8221;yes&#8221; el_class=&#8221;bg-fixed&#8221; css=&#8221;.vc_custom_1490283473844{background-image: url(http:\/\/www.lacharviere.nl\/wp-content\/uploads\/2016\/12\/PA021922.jpg?id=511) !important;}&#8221;][vc_column][vc_column_text]<div id=\"ep-arrow\"><a href=\"#content\"><div id=\"temp-id\"  style=\"font-size:45px; color: #FFFFFF; animation-duration:2s; margin-left: -22.5px; \" data-duration_time=\"10000\" data-scrolling=\"true\" data-disable_duration=\"true\" data-disable_bouncing=\"false\" class=\"echo-content-down-arrow epda-icon-arrow-regular temp-class bounce-effect-1 \"><\/div><\/a><\/div>[\/vc_column_text][\/vc_column][\/vc_row][vc_row full_width=&#8221;stretch_row&#8221; css=&#8221;.vc_custom_1479498958486{padding-top: 40px !important;background-color: #ffffff !important;}&#8221;][vc_column width=&#8221;1\/2&#8243;]<style>.vcex-heading.vcex_69fcbb34ecceb{font-family:Lato, sans-serif;}<\/style><h2 class=\"vcex-heading vcex-heading-plain vcex-module wpex-heading wpex-text-2xl vc_custom_1479978065617 vcex_69fcbb34ecceb\"><span class=\"vcex-heading-inner wpex-inline-block\">The g\u00eetes<\/span><\/h2>[vc_column_text css=&#8221;.vc_custom_1479978663372{padding-bottom: 20px !important;}&#8221;]PER WEEK FROM SATURDAY TO SATURDAY[\/vc_column_text][vc_column_text responsive_text=&#8221;true&#8221; css=&#8221;&#8221; font_weight=&#8221;600&#8243;]\n<div style=\"overflow-x: auto;\">\n<table width=\"300\">\n<tbody>\n<tr>\n<td><\/td>\n<td>\n<p style=\"text-align: center;\"><strong>G\u00eete Mouton<\/strong><\/p>\n<p style=\"font-size: 8pt; text-align: center;\">4 to 7 persons<\/p>\n<\/td>\n<td>\n<p style=\"text-align: center;\"><strong>G\u00eete Ch\u00e9vre<\/strong><\/p>\n<p style=\"font-size: 8pt; text-align: center;\">4-10-persons<\/p>\n<\/td>\n<\/tr>\n<tr>\n<td>Low season<\/td>\n<td style=\"text-align: center;\">\u20ac 700\/week (4 pers)<\/td>\n<td style=\"text-align: center;\">\u20ac 550\/week (4 pers)<\/td>\n<\/tr>\n<tr>\n<td>High season<\/p>\n<p style=\"font-size: 8pt;\">(July &amp; August)<\/p>\n<\/td>\n<td style=\"text-align: center;\">\u20ac 810\/week (4 pers)<\/td>\n<td style=\"text-align: center;\">\u20ac 650\/week (4 pers)<\/td>\n<\/tr>\n<\/tbody>\n<\/table>\n<\/div>\n[\/vc_column_text][vc_column_text css=&#8221;.vc_custom_1768411769046{padding-top: 20px !important;}&#8221;]Including electricity, gas, water, TAV.<\/p>\n<p>Excl: mandatory cleaning \u20ac50, tourist taxes, environmental tax, \u2026<\/p>\n<p><strong>Options:<\/strong><br \/>\nExtra person \u20ac75<br \/>\nBath towel set \u20ac5\/person<\/p>\n<p>Made-up beds \u20ac25\/g\u00eete<\/p>\n<p>Kitchen set (sponge, soap, dishcloth) \u20ac7<\/p>\n<p><strong><u>G\u00eete Ch\u00e9vre<\/u><\/strong> 4 tot 10 pers<\/p>\n<p>Price per night (minimum 3 nights, low season only): \u20ac120 (4 people)<\/p>\n<p>Including electricity, gas, water, TAV.<\/p>\n<p>Excl: mandatory cleaning \u20ac50, tourist taxes, environmental tax, \u2026[\/vc_column_text][\/vc_column][vc_column width=&#8221;1\/2&#8243;][vc_single_image image=&#8221;41999&#8243; img_size=&#8221;550&#215;360&#8243; css=&#8221;.vc_custom_1480611182306{padding-bottom: 15px !important;}&#8221;][\/vc_column][\/vc_row][vc_row full_width=&#8221;stretch_row&#8221; css=&#8221;.vc_custom_1479498958486{padding-top: 40px !important;background-color: #ffffff !important;}&#8221;][vc_column width=&#8221;1\/2&#8243;]<style>.vcex-heading.vcex_69fcbb34ee162{font-family:Lato, sans-serif;}<\/style><h2 class=\"vcex-heading vcex-heading-plain vcex-module wpex-heading wpex-text-2xl vc_custom_1479978768434 vcex_69fcbb34ee162\"><span class=\"vcex-heading-inner wpex-inline-block\">Safari-tent<\/span><\/h2>[vc_column_text css=&#8221;.vc_custom_1479978663372{padding-bottom: 20px !important;}&#8221;]PER WEEK FROM SATURDAY TO SATURDAY[\/vc_column_text][vc_column_text responsive_text=&#8221;true&#8221; css=&#8221;&#8221; font_weight=&#8221;600&#8243;]\n<div style=\"overflow-x: auto;\">\n<table width=\"300\">\n<tbody>\n<tr>\n<td><\/td>\n<td>\n<p style=\"font-size: 8pt; text-align: center;\">4-persons<\/p>\n<\/td>\n<\/tr>\n<tr>\n<td style=\"text-align: center;\">Low season<\/td>\n<td>\u20ac600\/week<\/td>\n<\/tr>\n<tr>\n<td>High season<\/p>\n<p style=\"font-size: 8pt;\">(July &amp; August)<\/p>\n<\/td>\n<td style=\"text-align: center;\">\u20ac 780\/week<\/td>\n<\/tr>\n<\/tbody>\n<\/table>\n<\/div>\n[\/vc_column_text][vc_column_text css=&#8221;.vc_custom_1768384054165{padding-top: 20px !important;}&#8221;]The safari tent rental runs from Saturday (arrival from 4:00 PM) to Saturday (departure before 10:00 AM).<br \/>\n<strong><br \/>\nSurcharges<\/strong>:<br \/>\nIncluding electricity, gas, water, VAT<br \/>\nExcluding: mandatory cleaning \u20ac25, tourist taxes, environmental tax, \u2026[\/vc_column_text]<style>.vcex-heading.vcex_69fcbb34ee804{font-family:Lato, sans-serif;}<\/style><h2 class=\"vcex-heading vcex-heading-plain vcex-module wpex-heading wpex-text-2xl vc_custom_1767946871100 vcex_69fcbb34ee804\"><span class=\"vcex-heading-inner wpex-inline-block\">Tipi tent \u00e2ne 4 pers<\/span><\/h2>[vc_column_text responsive_text=&#8221;true&#8221; css=&#8221;&#8221; font_weight=&#8221;600&#8243;]\n<div style=\"overflow-x: auto;\">\n<table width=\"300\">\n<tbody>\n<tr>\n<td><\/td>\n<td>\n<p style=\"font-size: 8pt; text-align: center;\">4-persons<\/p>\n<\/td>\n<\/tr>\n<tr>\n<td><\/td>\n<td style=\"text-align: center;\"><\/td>\n<\/tr>\n<tr>\n<td>High season<\/p>\n<p style=\"font-size: 8pt;\">(May 1st to September 30th)<\/p>\n<\/td>\n<td style=\"text-align: center;\">\u20ac 750\/week<\/td>\n<\/tr>\n<\/tbody>\n<\/table>\n<\/div>\n[\/vc_column_text][vc_column_text css=&#8221;.vc_custom_1768384074377{padding-top: 20px !important;}&#8221;]The tipi tent rental runs from Saturday (arrival from 4:00 PM) to Saturday (departure before 10:00 AM).<br \/>\n<strong><br \/>\nSurcharges<\/strong>:<br \/>\nIncluding electricity, gas, water, VAT<br \/>\nExcluding: mandatory cleaning \u20ac25, tourist taxes, environmental tax, \u2026[\/vc_column_text]<style>.vcex-heading.vcex_69fcbb34eec6a{font-family:Lato, sans-serif;}<\/style><h2 class=\"vcex-heading vcex-heading-plain vcex-module wpex-heading wpex-text-2xl vc_custom_1767947176965 vcex_69fcbb34eec6a\"><span class=\"vcex-heading-inner wpex-inline-block\">Tipi tent Soay 4 pers<\/span><\/h2>[vc_column_text responsive_text=&#8221;true&#8221; css=&#8221;&#8221; font_weight=&#8221;600&#8243;]\n<div style=\"overflow-x: auto;\">\n<table width=\"300\">\n<tbody>\n<tr>\n<td><\/td>\n<td>\n<p style=\"font-size: 8pt; text-align: center;\">4-persons<\/p>\n<\/td>\n<\/tr>\n<tr>\n<td><\/td>\n<td style=\"text-align: center;\"><\/td>\n<\/tr>\n<tr>\n<td>High season<\/p>\n<p style=\"font-size: 8pt;\">(1 mei tot 30 sept)<\/p>\n<\/td>\n<td style=\"text-align: center;\">\u20ac 500\/week<\/td>\n<\/tr>\n<\/tbody>\n<\/table>\n<\/div>\n[\/vc_column_text][vc_column_text css=&#8221;.vc_custom_1768384087698{padding-top: 20px !important;}&#8221;]The tipi tent rental runs from Saturday (arrival from 4:00 PM) to Saturday (departure before 10:00 AM).<br \/>\n<strong><br \/>\nSurcharges<\/strong>:<br \/>\nIncluding electricity, gas, water, VAT<br \/>\nExcluding: mandatory cleaning \u20ac25, tourist taxes, environmental tax, \u2026[\/vc_column_text][\/vc_column][vc_column width=&#8221;1\/2&#8243;][vc_single_image image=&#8221;42100&#8243; img_size=&#8221;550&#215;360&#8243; css=&#8221;.vc_custom_1490177367421{padding-bottom: 15px !important;}&#8221;][\/vc_column][\/vc_row][vc_row full_width=&#8221;stretch_row&#8221; css=&#8221;.vc_custom_1479498958486{padding-top: 40px !important;background-color: #ffffff !important;}&#8221;][vc_column width=&#8221;1\/2&#8243;][vc_single_image image=&#8221;42101&#8243; img_size=&#8221;550&#215;360&#8243; css=&#8221;.vc_custom_1550210132400{padding-bottom: 15px !important;}&#8221;][\/vc_column][vc_column width=&#8221;1\/2&#8243;]<style>.vcex-heading.vcex_69fcbb34ef07e{font-family:Lato, sans-serif;}<\/style><h2 class=\"vcex-heading vcex-heading-plain vcex-module wpex-heading wpex-text-2xl vc_custom_1551333226167 vcex_69fcbb34ef07e\"><span class=\"vcex-heading-inner wpex-inline-block\">Mobilhome<\/span><\/h2>[vc_column_text css=&#8221;.vc_custom_1479978663372{padding-bottom: 20px !important;}&#8221;]PER WEEK FROM SATURDAY TO SATURDAY[\/vc_column_text][vc_column_text responsive_text=&#8221;true&#8221; css=&#8221;&#8221; font_weight=&#8221;600&#8243;]\n<div style=\"overflow-x: auto;\">\n<table width=\"300\">\n<tbody>\n<tr>\n<td><\/td>\n<td>\n<p style=\"font-size: 8pt; text-align: center;\">4-persons<\/p>\n<\/td>\n<\/tr>\n<tr>\n<td>Low season<\/td>\n<td style=\"text-align: center;\">\u20ac 630\/week<\/td>\n<\/tr>\n<tr>\n<td>High season<\/p>\n<p style=\"font-size: 8pt;\">(July &amp; August)<\/p>\n<\/td>\n<td style=\"text-align: center;\">\u20ac 630\/week<\/td>\n<\/tr>\n<\/tbody>\n<\/table>\n<\/div>\n[\/vc_column_text][vc_column_text css=&#8221;.vc_custom_1768384103781{padding-top: 20px !important;}&#8221;]The mobile home rental runs from Saturday (arrival from 4:00 PM) to Saturday (departure before 10:00 AM).<br \/>\n<strong><br \/>\nSurcharges<\/strong>:<br \/>\nIncluding electricity, gas, water, VAT<br \/>\nExcluding: mandatory cleaning \u20ac25, tourist taxes, environmental tax, \u2026[\/vc_column_text][\/vc_column][\/vc_row][vc_row full_width=&#8221;stretch_row&#8221; css=&#8221;.vc_custom_1479498958486{padding-top: 40px !important;background-color: #ffffff !important;}&#8221;][vc_column width=&#8221;1\/2&#8243;][vc_single_image image=&#8221;42102&#8243; img_size=&#8221;550&#215;360&#8243; css=&#8221;.vc_custom_1490177402615{padding-bottom: 15px !important;}&#8221;][\/vc_column][vc_column width=&#8221;1\/2&#8243;]<style>.vcex-heading.vcex_69fcbb34ef44d{font-family:Lato, sans-serif;}<\/style><h2 class=\"vcex-heading vcex-heading-plain vcex-module wpex-heading wpex-text-2xl vc_custom_1479978977831 vcex_69fcbb34ef44d\"><span class=\"vcex-heading-inner wpex-inline-block\">The camping<\/span><\/h2>[vc_column_text css=&#8221;.vc_custom_1767946145586{padding-bottom: 20px !important;}&#8221;]PER DAY[\/vc_column_text][vc_column_text responsive_text=&#8221;true&#8221; css=&#8221;&#8221; font_weight=&#8221;600&#8243; font_size=&#8221;15px&#8221;]\n<div style=\"overflow-x: auto;\">\n<table style=\"height: 450px;\" width=\"298\">\n<tbody>\n<tr>\n<td><\/td>\n<td>\n<p style=\"text-align: center;\"><span style=\"font-size: 10px;\">High season<\/span><\/p>\n<p style=\"text-align: center;\"><span style=\"font-size: 10px;\">(July-Aug)<\/span><\/p>\n<\/td>\n<td>\n<p style=\"font-size: 8pt; text-align: center;\"><span style=\"font-size: 10px;\">Low season<\/span><\/p>\n<p style=\"text-align: center;\">\n<\/td>\n<\/tr>\n<tr>\n<td>Pitch<\/td>\n<td style=\"text-align: center;\">\u20ac 12<\/td>\n<td style=\"text-align: center;\">\u20ac 10<\/td>\n<\/tr>\n<tr>\n<td>Adult<\/td>\n<td style=\"text-align: center;\">\u20ac 7<\/td>\n<td style=\"text-align: center;\"><\/td>\n<\/tr>\n<tr>\n<td><\/td>\n<td style=\"text-align: center;\">Child up to 10 years old<\/td>\n<p>\u20ac 4<\/p>\n<td style=\"text-align: center;\"><\/td>\n<\/tr>\n<tr>\n<td>Tent electricity<\/p>\n<p style=\"font-size: 8pt;\">(10 amp.)<\/p>\n<\/td>\n<td style=\"text-align: center;\">\u20ac 4<\/td>\n<td style=\"text-align: center;\"><\/td>\n<\/tr>\n<tr>\n<td>Caravan electricity<\/p>\n<p style=\"font-size: 8pt;\">(10 amp.)<\/p>\n<p>Caravan electricity with air conditioning<\/p>\n<p>(10 amp.)<\/td>\n<td style=\"text-align: center;\">\u20ac 5,75<\/p>\n<p>&nbsp;<\/p>\n<p>&nbsp;<\/p>\n<p>\u20ac10,75<\/td>\n<td style=\"text-align: center;\"><\/td>\n<\/tr>\n<tr>\n<td>Dog<\/p>\n<p style=\"font-size: 8pt;\">(must be kept on a leash)<\/p>\n<\/td>\n<td style=\"text-align: center;\">2 free \/ from 3rd \u20ac 3\/dog<\/td>\n<td style=\"text-align: center;\"><\/td>\n<\/tr>\n<tr>\n<td>\n<p style=\"font-size: 8pt;\">\n<\/td>\n<td style=\"text-align: center;\"><\/td>\n<td style=\"text-align: center;\"><\/td>\n<\/tr>\n<\/tbody>\n<\/table>\n<\/div>\n[\/vc_column_text][vc_column_text css=&#8221;.vc_custom_1767947633241{padding-top: 20px !important;}&#8221;][\/vc_column_text]<style>.vcex-heading.vcex_69fcbb34ef830{font-family:Lato, sans-serif;}<\/style><h2 class=\"vcex-heading vcex-heading-plain vcex-module wpex-heading wpex-text-2xl vc_custom_1767947380019 vcex_69fcbb34ef830\"><span class=\"vcex-heading-inner wpex-inline-block\">Touringcaravan \u00e2ne 2 pers<\/span><\/h2>[vc_column_text responsive_text=&#8221;true&#8221; css=&#8221;&#8221; font_weight=&#8221;600&#8243;]\n<div style=\"overflow-x: auto;\">\n<table width=\"300\">\n<tbody>\n<tr>\n<td><\/td>\n<td>\n<p style=\"font-size: 8pt; text-align: center;\">2-persons<\/p>\n<\/td>\n<\/tr>\n<tr>\n<td>Low season<\/p>\n<p>(<\/td>\n<td style=\"text-align: center;\">May, June, September)<\/td>\n<p>\u20ac50\/night<br \/>\n<\/tr>\n<tr>\n<td>High season<\/p>\n<p style=\"font-size: 8pt;\">(July &amp; August)<\/p>\n<\/td>\n<td style=\"text-align: center;\">\u20ac 50\/night<\/td>\n<\/tr>\n<\/tbody>\n<\/table>\n<\/div>\n[\/vc_column_text][vc_column_text css=&#8221;.vc_custom_1777392677130{padding-top: 20px !important;}&#8221;]The touring caravan rental runs from arrival from 4:00 PM to departure before 10:00 AM.<br \/>\n<strong><br \/>\nSurcharges<\/strong>:<br \/>\nIncluding electricity, gas, water, VAT<br \/>\nExcluding: mandatory cleaning \u20ac25, tourist taxes, environmental tax, \u2026<br \/>\nOptional: bed linen package[\/vc_column_text][\/vc_column][\/vc_row][vc_row full_width=&#8221;stretch_row&#8221; wpex_bg_overlay=&#8221;dark&#8221; min_height=&#8221;500px&#8221; el_class=&#8221;bg-fixed&#8221; wpex_bg_overlay_color=&#8221;#000000&#8243; wpex_bg_overlay_opacity=&#8221;0.4&#8243; css=&#8221;.vc_custom_1490283485608{background-image: url(http:\/\/www.lacharviere.nl\/wp-content\/uploads\/2016\/12\/P9105813.jpg?id=501) !important;}&#8221;][vc_column][vc_row_inner][vc_column_inner css=&#8221;.vc_custom_1479457400906{padding-top: 120px !important;}&#8221;]<style>.vcex-heading.vcex_69fcbb34efbf6{color:#ffffff;font-size:55px;font-family:Lato, sans-serif;font-weight:700;}@media (max-width:479px){.vcex-heading.vcex_69fcbb34efbf6{font-size:35px;}}<\/style><div class=\"vcex-heading vcex-heading-plain vcex-module wpex-heading wpex-text-2xl wpex-text-center titel vcex_69fcbb34efbf6\"><span class=\"vcex-heading-inner wpex-inline-block\">Reservations and availability<\/span><\/div>[vc_column_text el_class=&#8221;subtitel&#8221;]\n<p style=\"text-align: center;\">We would be delighted to welcome you to our domain.<\/p>\n[\/vc_column_text]<style>.vcex-button.vcex_69fcbb34f042e{border-radius:0px;background:#4e9519;color:#ffffff!important;font-size:18px;font-weight:400;text-transform:uppercase;}.vcex-button.vcex_69fcbb34f042e:hover{background:#4e9519!important;color:#ffffff!important;}<\/style><div class=\"vc_custom_1480603619735 wpex-clr\"><div class=\"theme-button-wrap textcenter wpex-clr\"><a href=\"http:\/\/www.lacharviere.nl\/beschikbaarheid\/\" class=\"vcex-button theme-button align-center inline vcex_69fcbb34f042e\" title=\"Meer informatie\"><span class=\"vcex-button-inner theme-button-inner wpex-flex wpex-flex-wrap wpex-items-center wpex-justify-center\">Click here for more information<\/span><\/a><\/div><\/div> [\/vc_column_inner][\/vc_row_inner][\/vc_column][\/vc_row]\n<\/div>","protected":false},"excerpt":{"rendered":"<p>[vc_row full_width=&#8221;stretch_row&#8221; full_height=&#8221;yes&#8221; el_class=&#8221;bg-fixed&#8221; css=&#8221;.vc_custom_1490283473844{background-image: url(http:\/\/www.lacharviere.nl\/wp-content\/uploads\/2016\/12\/PA021922.jpg?id=511) !important;}&#8221;][vc_column][vc_column_text][\/vc_column_text][\/vc_column][\/vc_row][vc_row full_width=&#8221;stretch_row&#8221; css=&#8221;.vc_custom_1479498958486{padding-top: 40px !important;background-color: #ffffff !important;}&#8221;][vc_column width=&#8221;1\/2&#8243;][vc_column_text css=&#8221;.vc_custom_1479978663372{padding-bottom: 20px !important;}&#8221;]PER WEEK FROM SATURDAY TO SATURDAY[\/vc_column_text][vc_column_text responsive_text=&#8221;true&#8221; css=&#8221;&#8221; font_weight=&#8221;600&#8243;] G\u00eete Mouton 4 to 7 persons G\u00eete Ch\u00e9vre 4-10-persons Low season \u20ac 700\/week (4 pers) \u20ac 550\/week (4 pers) High season (July &amp; August) \u20ac 810\/week (4 pers) \u20ac 650\/week&hellip;<\/p>\n","protected":false},"author":1,"featured_media":0,"parent":0,"menu_order":0,"comment_status":"closed","ping_status":"closed","template":"","meta":{"footnotes":""},"class_list":["post-42104","page","type-page","status-publish","hentry","entry","no-media"],"_links":{"self":[{"href":"https:\/\/www.lacharviere.nl\/en\/wp-json\/wp\/v2\/pages\/42104","targetHints":{"allow":["GET"]}}],"collection":[{"href":"https:\/\/www.lacharviere.nl\/en\/wp-json\/wp\/v2\/pages"}],"about":[{"href":"https:\/\/www.lacharviere.nl\/en\/wp-json\/wp\/v2\/types\/page"}],"author":[{"embeddable":true,"href":"https:\/\/www.lacharviere.nl\/en\/wp-json\/wp\/v2\/users\/1"}],"replies":[{"embeddable":true,"href":"https:\/\/www.lacharviere.nl\/en\/wp-json\/wp\/v2\/comments?post=42104"}],"version-history":[{"count":3,"href":"https:\/\/www.lacharviere.nl\/en\/wp-json\/wp\/v2\/pages\/42104\/revisions"}],"predecessor-version":[{"id":42108,"href":"https:\/\/www.lacharviere.nl\/en\/wp-json\/wp\/v2\/pages\/42104\/revisions\/42108"}],"wp:attachment":[{"href":"https:\/\/www.lacharviere.nl\/en\/wp-json\/wp\/v2\/media?parent=42104"}],"curies":[{"name":"wp","href":"https:\/\/api.w.org\/{rel}","templated":true}]}}